{"id":3379,"date":"2026-04-08T23:18:45","date_gmt":"2026-04-08T21:18:45","guid":{"rendered":"https:\/\/create2donate.org\/boutique\/el-principe-romero-britto\/"},"modified":"2026-04-08T23:18:45","modified_gmt":"2026-04-08T21:18:45","slug":"el-principe-romero-britto","status":"publish","type":"product","link":"https:\/\/create2donate.org\/es\/boutique\/el-principe-romero-britto\/","title":{"rendered":"El Pr\u00edncipe &#8211; Romero Britto"},"content":{"rendered":"<p><strong>Arte Pop ic\u00f3nico por una causa.<\/strong><\/p>\n<ul>\n<li><strong>Descripci\u00f3n:<\/strong> Esta magn\u00edfica escultura de madera esmaltada y lacada encarna el optimismo y la alegr\u00eda de vivir caracter\u00edsticos de Romero Britto. Con sus vibrantes motivos y atrevidos colores, el Pr\u00edncipe es una pieza central que ilumina al instante cualquier espacio. <\/li>\n<li><strong>Detalles t\u00e9cnicos :<\/strong> Serie limitada (N\u00famero 02\/80).\n<ul>\n<li>Dimensiones: 50,8 x 33 x 30,5 cm.<\/li>\n<li>Materiales: Madera pintada con esmalte y laca.<\/li>\n<\/ul>\n<\/li>\n<\/ul>\n","protected":false},"excerpt":{"rendered":"<p><strong>Arte Pop ic\u00f3nico por una causa.<\/strong><\/p>\n<ul>\n<li><strong>Descripci\u00f3n:<\/strong> Esta magn\u00edfica escultura de madera esmaltada y lacada encarna el optimismo y la alegr\u00eda de vivir caracter\u00edsticos de Romero Britto. Con sus vibrantes motivos y atrevidos colores, el Pr\u00edncipe es una pieza central que ilumina al instante cualquier espacio. <\/li>\n<li><strong>Detalles t\u00e9cnicos :<\/strong> Serie limitada (N\u00famero 02\/80).\n<ul>\n<li>Dimensiones: 50,8 x 33 x 30,5 cm.<\/li>\n<li>Materiales: Madera pintada con esmalte y laca.<\/li>\n<\/ul>\n<\/li>\n<\/ul>\n","protected":false},"featured_media":3351,"template":"","meta":{"_uag_custom_page_level_css":"","site-sidebar-layout":"default","site-content-layout":"","ast-site-content-layout":"default","site-content-style":"default","site-sidebar-style":"default","ast-global-header-display":"","ast-banner-title-visibility":"","ast-main-header-display":"","ast-hfb-above-header-display":"","ast-hfb-below-header-display":"","ast-hfb-mobile-header-display":"","site-post-title":"","ast-breadcrumbs-content":"","ast-featured-img":"","footer-sml-layout":"","ast-disable-related-posts":"","theme-transparent-header-meta":"default","adv-header-id-meta":"","stick-header-meta":"","header-above-stick-meta":"","header-main-stick-meta":"","header-below-stick-meta":"","astra-migrate-meta-layouts":"default","ast-page-background-enabled":"default","ast-page-background-meta":{"desktop":{"background-color":"var(--ast-global-color-4)","background-image":"","background-repeat":"repeat","background-position":"center center","background-size":"auto","background-attachment":"scroll","background-type":"","background-media":"","overlay-type":"","overlay-color":"","overlay-opacity":"","overlay-gradient":""},"tablet":{"background-color":"","background-image":"","background-repeat":"repeat","background-position":"center center","background-size":"auto","background-attachment":"scroll","background-type":"","background-media":"","overlay-type":"","overlay-color":"","overlay-opacity":"","overlay-gradient":""},"mobile":{"background-color":"","background-image":"","background-repeat":"repeat","background-position":"center center","background-size":"auto","background-attachment":"scroll","background-type":"","background-media":"","overlay-type":"","overlay-color":"","overlay-opacity":"","overlay-gradient":""}},"ast-content-background-meta":{"desktop":{"background-color":"var(--ast-global-color-5)","background-image":"","background-repeat":"repeat","background-position":"center center","background-size":"auto","background-attachment":"scroll","background-type":"","background-media":"","overlay-type":"","overlay-color":"","overlay-opacity":"","overlay-gradient":""},"tablet":{"background-color":"var(--ast-global-color-5)","background-image":"","background-repeat":"repeat","background-position":"center center","background-size":"auto","background-attachment":"scroll","background-type":"","background-media":"","overlay-type":"","overlay-color":"","overlay-opacity":"","overlay-gradient":""},"mobile":{"background-color":"var(--ast-global-color-5)","background-image":"","background-repeat":"repeat","background-position":"center center","background-size":"auto","background-attachment":"scroll","background-type":"","background-media":"","overlay-type":"","overlay-color":"","overlay-opacity":"","overlay-gradient":""}}},"product_brand":[],"product_cat":[51,46],"product_tag":[],"class_list":{"0":"post-3379","1":"product","2":"type-product","3":"status-publish","4":"has-post-thumbnail","6":"product_cat-esculturas","7":"product_cat-obras-de-arte","8":"desktop-align-center","9":"tablet-align-left","10":"mobile-align-left","12":"first","13":"instock","14":"shipping-taxable","15":"purchasable","16":"product-type-simple"},"uagb_featured_image_src":{"full":["https:\/\/create2donate.org\/wp-content\/uploads\/2026\/04\/1.png",384,310,false],"thumbnail":["https:\/\/create2donate.org\/wp-content\/uploads\/2026\/04\/1-150x150.png",150,150,true],"medium":["https:\/\/create2donate.org\/wp-content\/uploads\/2026\/04\/1-300x242.png",300,242,true],"medium_large":["https:\/\/create2donate.org\/wp-content\/uploads\/2026\/04\/1.png",384,310,false],"large":["https:\/\/create2donate.org\/wp-content\/uploads\/2026\/04\/1.png",384,310,false],"1536x1536":["https:\/\/create2donate.org\/wp-content\/uploads\/2026\/04\/1.png",384,310,false],"2048x2048":["https:\/\/create2donate.org\/wp-content\/uploads\/2026\/04\/1.png",384,310,false],"woocommerce_thumbnail":["https:\/\/create2donate.org\/wp-content\/uploads\/2026\/04\/1-300x310.png",300,310,true],"woocommerce_single":["https:\/\/create2donate.org\/wp-content\/uploads\/2026\/04\/1.png",384,310,false],"woocommerce_gallery_thumbnail":["https:\/\/create2donate.org\/wp-content\/uploads\/2026\/04\/1-100x100.png",100,100,true]},"uagb_author_info":{"display_name":"Amzir","author_link":"https:\/\/create2donate.org\/es\/author\/"},"uagb_comment_info":0,"uagb_excerpt":"Arte Pop ic\u00f3nico por una causa. Descripci\u00f3n: Esta magn\u00edfica escultura de madera esmaltada y lacada encarna el optimismo y la alegr\u00eda de vivir caracter\u00edsticos de Romero Britto. Con sus vibrantes motivos y atrevidos colores, el Pr\u00edncipe es una pieza central que ilumina al instante cualquier espacio. Detalles t\u00e9cnicos : Serie limitada (N\u00famero 02\/80). Dimensiones: 50,8&hellip;","_links":{"self":[{"href":"https:\/\/create2donate.org\/es\/wp-json\/wp\/v2\/product\/3379","targetHints":{"allow":["GET"]}}],"collection":[{"href":"https:\/\/create2donate.org\/es\/wp-json\/wp\/v2\/product"}],"about":[{"href":"https:\/\/create2donate.org\/es\/wp-json\/wp\/v2\/types\/product"}],"wp:featuredmedia":[{"embeddable":true,"href":"https:\/\/create2donate.org\/es\/wp-json\/wp\/v2\/media\/3351"}],"wp:attachment":[{"href":"https:\/\/create2donate.org\/es\/wp-json\/wp\/v2\/media?parent=3379"}],"wp:term":[{"taxonomy":"product_brand","embeddable":true,"href":"https:\/\/create2donate.org\/es\/wp-json\/wp\/v2\/product_brand?post=3379"},{"taxonomy":"product_cat","embeddable":true,"href":"https:\/\/create2donate.org\/es\/wp-json\/wp\/v2\/product_cat?post=3379"},{"taxonomy":"product_tag","embeddable":true,"href":"https:\/\/create2donate.org\/es\/wp-json\/wp\/v2\/product_tag?post=3379"}],"curies":[{"name":"wp","href":"https:\/\/api.w.org\/{rel}","templated":true}]}}