{"id":3373,"date":"2026-04-08T23:32:50","date_gmt":"2026-04-08T21:32:50","guid":{"rendered":"https:\/\/create2donate.org\/boutique\/sin-titulo-2009-visto\/"},"modified":"2026-04-08T23:32:50","modified_gmt":"2026-04-08T21:32:50","slug":"sin-titulo-2009-visto","status":"publish","type":"product","link":"https:\/\/create2donate.org\/es\/boutique\/sin-titulo-2009-visto\/","title":{"rendered":"Sin t\u00edtulo, 2009 &#8211; VISTO"},"content":{"rendered":"<p><strong>La firma ic\u00f3nica: la cl\u00e1sica vomitona.<\/strong><\/p>\n<ul>\n<li><strong>Descripci\u00f3n :<\/strong> Para coleccionistas que buscan la firma pura del artista. Este lienzo presenta la famosa Letra Burbuja de SEEN. Un formato m\u00e1s \u00edntimo pero igual de poderoso, ideal para empezar o completar una colecci\u00f3n de Street Art.  <\/li>\n<li><strong>Detalles t\u00e9cnicos:<\/strong> T\u00e9cnica: Plantilla y pintura en spray sobre lienzo.\n<ul>\n<li>Dimensiones: 60 x 81 cm.<\/li>\n<\/ul>\n<\/li>\n<\/ul>\n","protected":false},"excerpt":{"rendered":"<p><strong>La firma ic\u00f3nica: la cl\u00e1sica vomitona.<\/strong><\/p>\n<ul>\n<li><strong>Descripci\u00f3n :<\/strong> Para coleccionistas que buscan la firma pura del artista. Este lienzo presenta la famosa Letra Burbuja de SEEN. Un formato m\u00e1s \u00edntimo pero igual de poderoso, ideal para empezar o completar una colecci\u00f3n de Street Art.  <\/li>\n<li><strong>Detalles t\u00e9cnicos:<\/strong> T\u00e9cnica: Plantilla y pintura en spray sobre lienzo.\n<ul>\n<li>Dimensiones: 60 x 81 cm.<\/li>\n<\/ul>\n<\/li>\n<\/ul>\n","protected":false},"featured_media":3363,"template":"","meta":{"_uag_custom_page_level_css":"","site-sidebar-layout":"default","site-content-layout":"","ast-site-content-layout":"default","site-content-style":"default","site-sidebar-style":"default","ast-global-header-display":"","ast-banner-title-visibility":"","ast-main-header-display":"","ast-hfb-above-header-display":"","ast-hfb-below-header-display":"","ast-hfb-mobile-header-display":"","site-post-title":"","ast-breadcrumbs-content":"","ast-featured-img":"","footer-sml-layout":"","ast-disable-related-posts":"","theme-transparent-header-meta":"default","adv-header-id-meta":"","stick-header-meta":"","header-above-stick-meta":"","header-main-stick-meta":"","header-below-stick-meta":"","astra-migrate-meta-layouts":"default","ast-page-background-enabled":"default","ast-page-background-meta":{"desktop":{"background-color":"var(--ast-global-color-4)","background-image":"","background-repeat":"repeat","background-position":"center center","background-size":"auto","background-attachment":"scroll","background-type":"","background-media":"","overlay-type":"","overlay-color":"","overlay-opacity":"","overlay-gradient":""},"tablet":{"background-color":"","background-image":"","background-repeat":"repeat","background-position":"center center","background-size":"auto","background-attachment":"scroll","background-type":"","background-media":"","overlay-type":"","overlay-color":"","overlay-opacity":"","overlay-gradient":""},"mobile":{"background-color":"","background-image":"","background-repeat":"repeat","background-position":"center center","background-size":"auto","background-attachment":"scroll","background-type":"","background-media":"","overlay-type":"","overlay-color":"","overlay-opacity":"","overlay-gradient":""}},"ast-content-background-meta":{"desktop":{"background-color":"var(--ast-global-color-5)","background-image":"","background-repeat":"repeat","background-position":"center center","background-size":"auto","background-attachment":"scroll","background-type":"","background-media":"","overlay-type":"","overlay-color":"","overlay-opacity":"","overlay-gradient":""},"tablet":{"background-color":"var(--ast-global-color-5)","background-image":"","background-repeat":"repeat","background-position":"center center","background-size":"auto","background-attachment":"scroll","background-type":"","background-media":"","overlay-type":"","overlay-color":"","overlay-opacity":"","overlay-gradient":""},"mobile":{"background-color":"var(--ast-global-color-5)","background-image":"","background-repeat":"repeat","background-position":"center center","background-size":"auto","background-attachment":"scroll","background-type":"","background-media":"","overlay-type":"","overlay-color":"","overlay-opacity":"","overlay-gradient":""}}},"product_brand":[],"product_cat":[51,46,47],"product_tag":[],"class_list":{"0":"post-3373","1":"product","2":"type-product","3":"status-publish","4":"has-post-thumbnail","6":"product_cat-esculturas","7":"product_cat-obras-de-arte","8":"product_cat-tablas","9":"desktop-align-center","10":"tablet-align-left","11":"mobile-align-left","13":"first","14":"instock","15":"shipping-taxable","16":"purchasable","17":"product-type-simple"},"uagb_featured_image_src":{"full":["https:\/\/create2donate.org\/wp-content\/uploads\/2026\/04\/4.png",263,193,false],"thumbnail":["https:\/\/create2donate.org\/wp-content\/uploads\/2026\/04\/4-150x150.png",150,150,true],"medium":["https:\/\/create2donate.org\/wp-content\/uploads\/2026\/04\/4.png",263,193,false],"medium_large":["https:\/\/create2donate.org\/wp-content\/uploads\/2026\/04\/4.png",263,193,false],"large":["https:\/\/create2donate.org\/wp-content\/uploads\/2026\/04\/4.png",263,193,false],"1536x1536":["https:\/\/create2donate.org\/wp-content\/uploads\/2026\/04\/4.png",263,193,false],"2048x2048":["https:\/\/create2donate.org\/wp-content\/uploads\/2026\/04\/4.png",263,193,false],"woocommerce_thumbnail":["https:\/\/create2donate.org\/wp-content\/uploads\/2026\/04\/4.png",263,193,false],"woocommerce_single":["https:\/\/create2donate.org\/wp-content\/uploads\/2026\/04\/4.png",263,193,false],"woocommerce_gallery_thumbnail":["https:\/\/create2donate.org\/wp-content\/uploads\/2026\/04\/4-100x100.png",100,100,true]},"uagb_author_info":{"display_name":"Amzir","author_link":"https:\/\/create2donate.org\/es\/author\/"},"uagb_comment_info":0,"uagb_excerpt":"La firma ic\u00f3nica: la cl\u00e1sica vomitona. Descripci\u00f3n : Para coleccionistas que buscan la firma pura del artista. Este lienzo presenta la famosa Letra Burbuja de SEEN. Un formato m\u00e1s \u00edntimo pero igual de poderoso, ideal para empezar o completar una colecci\u00f3n de Street Art. Detalles t\u00e9cnicos: T\u00e9cnica: Plantilla y pintura en spray sobre lienzo. Dimensiones:&hellip;","_links":{"self":[{"href":"https:\/\/create2donate.org\/es\/wp-json\/wp\/v2\/product\/3373","targetHints":{"allow":["GET"]}}],"collection":[{"href":"https:\/\/create2donate.org\/es\/wp-json\/wp\/v2\/product"}],"about":[{"href":"https:\/\/create2donate.org\/es\/wp-json\/wp\/v2\/types\/product"}],"wp:featuredmedia":[{"embeddable":true,"href":"https:\/\/create2donate.org\/es\/wp-json\/wp\/v2\/media\/3363"}],"wp:attachment":[{"href":"https:\/\/create2donate.org\/es\/wp-json\/wp\/v2\/media?parent=3373"}],"wp:term":[{"taxonomy":"product_brand","embeddable":true,"href":"https:\/\/create2donate.org\/es\/wp-json\/wp\/v2\/product_brand?post=3373"},{"taxonomy":"product_cat","embeddable":true,"href":"https:\/\/create2donate.org\/es\/wp-json\/wp\/v2\/product_cat?post=3373"},{"taxonomy":"product_tag","embeddable":true,"href":"https:\/\/create2donate.org\/es\/wp-json\/wp\/v2\/product_tag?post=3373"}],"curies":[{"name":"wp","href":"https:\/\/api.w.org\/{rel}","templated":true}]}}