{"id":3371,"date":"2026-04-08T23:48:55","date_gmt":"2026-04-08T21:48:55","guid":{"rendered":"https:\/\/create2donate.org\/boutique\/estilo-salvaje-2-visto\/"},"modified":"2026-04-08T23:48:55","modified_gmt":"2026-04-08T21:48:55","slug":"estilo-salvaje-2-visto","status":"publish","type":"product","link":"https:\/\/create2donate.org\/es\/boutique\/estilo-salvaje-2-visto\/","title":{"rendered":"ESTILO SALVAJE 2 &#8211; VISTO"},"content":{"rendered":"<p data-path-to-node=\"11\"><span data-path-to-node=\"11,1\">La esencia de la rotulaci\u00f3n urbana de gran formato<\/span><span data-path-to-node=\"11,3\">.<\/span><\/p>\n<ul>\n<li data-path-to-node=\"12,0,0\"><strong data-path-to-node=\"12,0,1,0\" data-index-in-node=\"0\"><span data-path-to-node=\"12,0,1,0\">Descripci\u00f3n:<\/span><\/strong> Una inmersi\u00f3n en el hist\u00f3rico Estilo Salvaje de SEEN, que ofrece una composici\u00f3n compleja y din\u00e1mica sobre una superficie imponente<span data-path-to-node=\"12,0,1,2\">.<\/span><\/li>\n<li><strong>Detalles t\u00e9cnicos:<\/strong> <strong>T\u00e9cnica:<\/strong> Plantilla y pintura en spray sobre lienzo<span data-path-to-node=\"12,1,2,0,1,2\">.<\/span><\/li>\n<li><strong>Dimensiones:<\/strong> <span data-math=\"200 \\times 300\" data-index-in-node=\"36\">200 *300<\/span> cm<span data-path-to-node=\"12,1,1,2\">.<\/span><\/li>\n<\/ul>\n","protected":false},"excerpt":{"rendered":"<p data-path-to-node=\"11\"><span data-path-to-node=\"11,1\">La esencia de la rotulaci\u00f3n urbana de gran formato<\/span><span data-path-to-node=\"11,3\">.<\/span><\/p>\n<ul>\n<li data-path-to-node=\"12,0,0\"><strong data-path-to-node=\"12,0,1,0\" data-index-in-node=\"0\"><span data-path-to-node=\"12,0,1,0\">Descripci\u00f3n:<\/span><\/strong> Una inmersi\u00f3n en el hist\u00f3rico Estilo Salvaje de SEEN, que ofrece una composici\u00f3n compleja y din\u00e1mica sobre una superficie imponente<span data-path-to-node=\"12,0,1,2\">.<\/span><\/li>\n<li><strong>Detalles t\u00e9cnicos:<\/strong> <strong>T\u00e9cnica:<\/strong> Plantilla y pintura en spray sobre lienzo<span data-path-to-node=\"12,1,2,0,1,2\">.<\/span><\/li>\n<li><strong>Dimensiones:<\/strong> <span data-math=\"200 \\times 300\" data-index-in-node=\"36\">200 *300<\/span> cm<span data-path-to-node=\"12,1,1,2\">.<\/span><\/li>\n<\/ul>\n","protected":false},"featured_media":3359,"template":"","meta":{"_uag_custom_page_level_css":"","site-sidebar-layout":"default","site-content-layout":"","ast-site-content-layout":"default","site-content-style":"default","site-sidebar-style":"default","ast-global-header-display":"","ast-banner-title-visibility":"","ast-main-header-display":"","ast-hfb-above-header-display":"","ast-hfb-below-header-display":"","ast-hfb-mobile-header-display":"","site-post-title":"","ast-breadcrumbs-content":"","ast-featured-img":"","footer-sml-layout":"","ast-disable-related-posts":"","theme-transparent-header-meta":"default","adv-header-id-meta":"","stick-header-meta":"","header-above-stick-meta":"","header-main-stick-meta":"","header-below-stick-meta":"","astra-migrate-meta-layouts":"default","ast-page-background-enabled":"default","ast-page-background-meta":{"desktop":{"background-color":"var(--ast-global-color-4)","background-image":"","background-repeat":"repeat","background-position":"center center","background-size":"auto","background-attachment":"scroll","background-type":"","background-media":"","overlay-type":"","overlay-color":"","overlay-opacity":"","overlay-gradient":""},"tablet":{"background-color":"","background-image":"","background-repeat":"repeat","background-position":"center center","background-size":"auto","background-attachment":"scroll","background-type":"","background-media":"","overlay-type":"","overlay-color":"","overlay-opacity":"","overlay-gradient":""},"mobile":{"background-color":"","background-image":"","background-repeat":"repeat","background-position":"center center","background-size":"auto","background-attachment":"scroll","background-type":"","background-media":"","overlay-type":"","overlay-color":"","overlay-opacity":"","overlay-gradient":""}},"ast-content-background-meta":{"desktop":{"background-color":"var(--ast-global-color-5)","background-image":"","background-repeat":"repeat","background-position":"center center","background-size":"auto","background-attachment":"scroll","background-type":"","background-media":"","overlay-type":"","overlay-color":"","overlay-opacity":"","overlay-gradient":""},"tablet":{"background-color":"var(--ast-global-color-5)","background-image":"","background-repeat":"repeat","background-position":"center center","background-size":"auto","background-attachment":"scroll","background-type":"","background-media":"","overlay-type":"","overlay-color":"","overlay-opacity":"","overlay-gradient":""},"mobile":{"background-color":"var(--ast-global-color-5)","background-image":"","background-repeat":"repeat","background-position":"center center","background-size":"auto","background-attachment":"scroll","background-type":"","background-media":"","overlay-type":"","overlay-color":"","overlay-opacity":"","overlay-gradient":""}}},"product_brand":[],"product_cat":[51,46,47],"product_tag":[],"class_list":{"0":"post-3371","1":"product","2":"type-product","3":"status-publish","4":"has-post-thumbnail","6":"product_cat-esculturas","7":"product_cat-obras-de-arte","8":"product_cat-tablas","9":"desktop-align-center","10":"tablet-align-left","11":"mobile-align-left","13":"first","14":"instock","15":"shipping-taxable","16":"purchasable","17":"product-type-simple"},"uagb_featured_image_src":{"full":["https:\/\/create2donate.org\/wp-content\/uploads\/2026\/04\/3.png",405,268,false],"thumbnail":["https:\/\/create2donate.org\/wp-content\/uploads\/2026\/04\/3-150x150.png",150,150,true],"medium":["https:\/\/create2donate.org\/wp-content\/uploads\/2026\/04\/3-300x199.png",300,199,true],"medium_large":["https:\/\/create2donate.org\/wp-content\/uploads\/2026\/04\/3.png",405,268,false],"large":["https:\/\/create2donate.org\/wp-content\/uploads\/2026\/04\/3.png",405,268,false],"1536x1536":["https:\/\/create2donate.org\/wp-content\/uploads\/2026\/04\/3.png",405,268,false],"2048x2048":["https:\/\/create2donate.org\/wp-content\/uploads\/2026\/04\/3.png",405,268,false],"woocommerce_thumbnail":["https:\/\/create2donate.org\/wp-content\/uploads\/2026\/04\/3-300x268.png",300,268,true],"woocommerce_single":["https:\/\/create2donate.org\/wp-content\/uploads\/2026\/04\/3.png",405,268,false],"woocommerce_gallery_thumbnail":["https:\/\/create2donate.org\/wp-content\/uploads\/2026\/04\/3-100x100.png",100,100,true]},"uagb_author_info":{"display_name":"Amzir","author_link":"https:\/\/create2donate.org\/es\/author\/"},"uagb_comment_info":0,"uagb_excerpt":"La esencia de la rotulaci\u00f3n urbana de gran formato. Descripci\u00f3n: Una inmersi\u00f3n en el hist\u00f3rico Estilo Salvaje de SEEN, que ofrece una composici\u00f3n compleja y din\u00e1mica sobre una superficie imponente. Detalles t\u00e9cnicos: T\u00e9cnica: Plantilla y pintura en spray sobre lienzo. Dimensiones: 200 *300 cm.","_links":{"self":[{"href":"https:\/\/create2donate.org\/es\/wp-json\/wp\/v2\/product\/3371","targetHints":{"allow":["GET"]}}],"collection":[{"href":"https:\/\/create2donate.org\/es\/wp-json\/wp\/v2\/product"}],"about":[{"href":"https:\/\/create2donate.org\/es\/wp-json\/wp\/v2\/types\/product"}],"wp:featuredmedia":[{"embeddable":true,"href":"https:\/\/create2donate.org\/es\/wp-json\/wp\/v2\/media\/3359"}],"wp:attachment":[{"href":"https:\/\/create2donate.org\/es\/wp-json\/wp\/v2\/media?parent=3371"}],"wp:term":[{"taxonomy":"product_brand","embeddable":true,"href":"https:\/\/create2donate.org\/es\/wp-json\/wp\/v2\/product_brand?post=3371"},{"taxonomy":"product_cat","embeddable":true,"href":"https:\/\/create2donate.org\/es\/wp-json\/wp\/v2\/product_cat?post=3371"},{"taxonomy":"product_tag","embeddable":true,"href":"https:\/\/create2donate.org\/es\/wp-json\/wp\/v2\/product_tag?post=3371"}],"curies":[{"name":"wp","href":"https:\/\/api.w.org\/{rel}","templated":true}]}}