{"id":3029,"date":"2025-07-15T21:44:20","date_gmt":"2025-07-15T19:44:20","guid":{"rendered":"https:\/\/create2donate.org\/boutique\/colgante-aliento-marino\/"},"modified":"2025-07-15T21:44:20","modified_gmt":"2025-07-15T19:44:20","slug":"colgante-aliento-marino","status":"publish","type":"product","link":"https:\/\/create2donate.org\/es\/boutique\/colgante-aliento-marino\/","title":{"rendered":"Colgante Aliento Marino"},"content":{"rendered":"","protected":false},"excerpt":{"rendered":"<p>Un soplo de mar y poes\u00eda alrededor de tu cuello&#8230; Este colgante \u00fanico combina un collar de porcelana que representa un albatros -el ave de los horizontes lejanos- con perlas cultivadas y lapisl\u00e1zuli en los tonos profundos del oc\u00e9ano.<br \/>\nCada elemento est\u00e1 unido por una cadena chapada en oro blanco de alta calidad, dise\u00f1ada para resistir el paso del tiempo sin perder ni un \u00e1pice de su brillo.<br \/>\nLongitud: aprox. 80 cm &#8211; f\u00e1cil de llevar para el d\u00eda a d\u00eda o para una ocasi\u00f3n especial.<br \/>\nSu estilo es libre, un poco bohemio, un poco chic &#8211; simplemente elegante y fresco.<\/p>\n","protected":false},"featured_media":2802,"template":"","meta":{"_uag_custom_page_level_css":"","site-sidebar-layout":"default","site-content-layout":"","ast-site-content-layout":"default","site-content-style":"default","site-sidebar-style":"default","ast-global-header-display":"","ast-banner-title-visibility":"","ast-main-header-display":"","ast-hfb-above-header-display":"","ast-hfb-below-header-display":"","ast-hfb-mobile-header-display":"","site-post-title":"","ast-breadcrumbs-content":"","ast-featured-img":"","footer-sml-layout":"","ast-disable-related-posts":"","theme-transparent-header-meta":"default","adv-header-id-meta":"","stick-header-meta":"","header-above-stick-meta":"","header-main-stick-meta":"","header-below-stick-meta":"","astra-migrate-meta-layouts":"default","ast-page-background-enabled":"default","ast-page-background-meta":{"desktop":{"background-color":"var(--ast-global-color-4)","background-image":"","background-repeat":"repeat","background-position":"center center","background-size":"auto","background-attachment":"scroll","background-type":"","background-media":"","overlay-type":"","overlay-color":"","overlay-opacity":"","overlay-gradient":""},"tablet":{"background-color":"","background-image":"","background-repeat":"repeat","background-position":"center center","background-size":"auto","background-attachment":"scroll","background-type":"","background-media":"","overlay-type":"","overlay-color":"","overlay-opacity":"","overlay-gradient":""},"mobile":{"background-color":"","background-image":"","background-repeat":"repeat","background-position":"center center","background-size":"auto","background-attachment":"scroll","background-type":"","background-media":"","overlay-type":"","overlay-color":"","overlay-opacity":"","overlay-gradient":""}},"ast-content-background-meta":{"desktop":{"background-color":"var(--ast-global-color-5)","background-image":"","background-repeat":"repeat","background-position":"center center","background-size":"auto","background-attachment":"scroll","background-type":"","background-media":"","overlay-type":"","overlay-color":"","overlay-opacity":"","overlay-gradient":""},"tablet":{"background-color":"var(--ast-global-color-5)","background-image":"","background-repeat":"repeat","background-position":"center center","background-size":"auto","background-attachment":"scroll","background-type":"","background-media":"","overlay-type":"","overlay-color":"","overlay-opacity":"","overlay-gradient":""},"mobile":{"background-color":"var(--ast-global-color-5)","background-image":"","background-repeat":"repeat","background-position":"center center","background-size":"auto","background-attachment":"scroll","background-type":"","background-media":"","overlay-type":"","overlay-color":"","overlay-opacity":"","overlay-gradient":""}}},"product_brand":[],"product_cat":[52],"product_tag":[],"class_list":{"0":"post-3029","1":"product","2":"type-product","3":"status-publish","4":"has-post-thumbnail","6":"product_cat-joyeria","7":"desktop-align-center","8":"tablet-align-left","9":"mobile-align-left","11":"first","12":"instock","13":"shipping-taxable","14":"purchasable","15":"product-type-simple"},"uagb_featured_image_src":{"full":["https:\/\/create2donate.org\/wp-content\/uploads\/2025\/07\/Pendentif.png",177,192,false],"thumbnail":["https:\/\/create2donate.org\/wp-content\/uploads\/2025\/07\/Pendentif-150x150.png",150,150,true],"medium":["https:\/\/create2donate.org\/wp-content\/uploads\/2025\/07\/Pendentif.png",177,192,false],"medium_large":["https:\/\/create2donate.org\/wp-content\/uploads\/2025\/07\/Pendentif.png",177,192,false],"large":["https:\/\/create2donate.org\/wp-content\/uploads\/2025\/07\/Pendentif.png",177,192,false],"1536x1536":["https:\/\/create2donate.org\/wp-content\/uploads\/2025\/07\/Pendentif.png",177,192,false],"2048x2048":["https:\/\/create2donate.org\/wp-content\/uploads\/2025\/07\/Pendentif.png",177,192,false],"woocommerce_thumbnail":["https:\/\/create2donate.org\/wp-content\/uploads\/2025\/07\/Pendentif.png",177,192,false],"woocommerce_single":["https:\/\/create2donate.org\/wp-content\/uploads\/2025\/07\/Pendentif.png",177,192,false],"woocommerce_gallery_thumbnail":["https:\/\/create2donate.org\/wp-content\/uploads\/2025\/07\/Pendentif-100x100.png",100,100,true]},"uagb_author_info":{"display_name":"Amzir","author_link":"https:\/\/create2donate.org\/es\/author\/"},"uagb_comment_info":0,"uagb_excerpt":"Un soplo de mar y poes\u00eda alrededor de tu cuello... Este colgante \u00fanico combina un collar de porcelana que representa un albatros -el ave de los horizontes lejanos- con perlas cultivadas y lapisl\u00e1zuli en los tonos profundos del oc\u00e9ano. Cada elemento est\u00e1 unido por una cadena chapada en oro blanco de alta calidad, dise\u00f1ada para&hellip;","_links":{"self":[{"href":"https:\/\/create2donate.org\/es\/wp-json\/wp\/v2\/product\/3029","targetHints":{"allow":["GET"]}}],"collection":[{"href":"https:\/\/create2donate.org\/es\/wp-json\/wp\/v2\/product"}],"about":[{"href":"https:\/\/create2donate.org\/es\/wp-json\/wp\/v2\/types\/product"}],"wp:featuredmedia":[{"embeddable":true,"href":"https:\/\/create2donate.org\/es\/wp-json\/wp\/v2\/media\/2802"}],"wp:attachment":[{"href":"https:\/\/create2donate.org\/es\/wp-json\/wp\/v2\/media?parent=3029"}],"wp:term":[{"taxonomy":"product_brand","embeddable":true,"href":"https:\/\/create2donate.org\/es\/wp-json\/wp\/v2\/product_brand?post=3029"},{"taxonomy":"product_cat","embeddable":true,"href":"https:\/\/create2donate.org\/es\/wp-json\/wp\/v2\/product_cat?post=3029"},{"taxonomy":"product_tag","embeddable":true,"href":"https:\/\/create2donate.org\/es\/wp-json\/wp\/v2\/product_tag?post=3029"}],"curies":[{"name":"wp","href":"https:\/\/api.w.org\/{rel}","templated":true}]}}