{"id":3027,"date":"2025-10-15T20:15:23","date_gmt":"2025-10-15T18:15:23","guid":{"rendered":"https:\/\/create2donate.org\/boutique\/luminaria-nomad\/"},"modified":"2025-10-15T20:15:23","modified_gmt":"2025-10-15T18:15:23","slug":"luminaria-nomad","status":"publish","type":"product","link":"https:\/\/create2donate.org\/es\/boutique\/luminaria-nomad\/","title":{"rendered":"Luminaria Nomad"},"content":{"rendered":"<p><img loading=\"lazy\" decoding=\"async\" class=\"alignnone wp-image-2820\" src=\"https:\/\/create2donate.org\/wp-content\/uploads\/2025\/10\/Artiste.png\" alt=\"\" width=\"313\" height=\"293\"><img loading=\"lazy\" decoding=\"async\" class=\"wp-image-2823 alignright\" src=\"https:\/\/create2donate.org\/wp-content\/uploads\/2025\/10\/Logo-de-lartiste.png\" alt=\"\" width=\"276\" height=\"274\" srcset=\"https:\/\/create2donate.org\/wp-content\/uploads\/2025\/10\/Logo-de-lartiste.png 164w, https:\/\/create2donate.org\/wp-content\/uploads\/2025\/10\/Logo-de-lartiste-150x150.png 150w, https:\/\/create2donate.org\/wp-content\/uploads\/2025\/10\/Logo-de-lartiste-100x100.png 100w\" sizes=\"auto, (max-width: 276px) 100vw, 276px\" \/><\/p>\n<p><strong>Artista<\/strong>: formado en la \u00c9cole Boulle, el dise\u00f1ador franc\u00e9s Julien Becquart vive en Brasil desde hace 12 a\u00f1os. En S\u00e3o Paulo, coraz\u00f3n econ\u00f3mico del pa\u00eds, ha creado su propia empresa, Atelier BK, que re\u00fane diversas habilidades artesanales en un equipo de ebanistas, metalistas y pintores, la mayor\u00eda procedentes de barrios desfavorecidos.<br \/>\nInstagram: <a href=\"http:\/\/www.instagram.com\/atelier_bk\/\">http:\/\/www.instagram.com\/atelier_bk\/<\/a>  <\/p>\n","protected":false},"excerpt":{"rendered":"<p>La luminaria N\u00f3mada est\u00e1 hecha a mano con madera maciza de calidad procedente de la selva amaz\u00f3nica, iluminaci\u00f3n LED blanco c\u00e1lido y un sistema de regulaci\u00f3n que aporta ligereza al entorno.<\/p>\n<p>Informaci\u00f3n adicional:<br \/>\n&#8211; Longitud: <strong>207 cm<\/strong><br \/>\n&#8211; LED: <strong>3000K<\/strong><br \/>\n&#8211; Base: <strong>Lat\u00f3n<\/strong><br \/>\n &#8211;<strong> Embalaje reciclado<\/strong><\/p>\n","protected":false},"featured_media":2812,"template":"","meta":{"_uag_custom_page_level_css":"","site-sidebar-layout":"default","site-content-layout":"","ast-site-content-layout":"default","site-content-style":"default","site-sidebar-style":"default","ast-global-header-display":"","ast-banner-title-visibility":"","ast-main-header-display":"","ast-hfb-above-header-display":"","ast-hfb-below-header-display":"","ast-hfb-mobile-header-display":"","site-post-title":"","ast-breadcrumbs-content":"","ast-featured-img":"","footer-sml-layout":"","ast-disable-related-posts":"","theme-transparent-header-meta":"default","adv-header-id-meta":"","stick-header-meta":"","header-above-stick-meta":"","header-main-stick-meta":"","header-below-stick-meta":"","astra-migrate-meta-layouts":"default","ast-page-background-enabled":"default","ast-page-background-meta":{"desktop":{"background-color":"var(--ast-global-color-4)","background-image":"","background-repeat":"repeat","background-position":"center center","background-size":"auto","background-attachment":"scroll","background-type":"","background-media":"","overlay-type":"","overlay-color":"","overlay-opacity":"","overlay-gradient":""},"tablet":{"background-color":"","background-image":"","background-repeat":"repeat","background-position":"center center","background-size":"auto","background-attachment":"scroll","background-type":"","background-media":"","overlay-type":"","overlay-color":"","overlay-opacity":"","overlay-gradient":""},"mobile":{"background-color":"","background-image":"","background-repeat":"repeat","background-position":"center center","background-size":"auto","background-attachment":"scroll","background-type":"","background-media":"","overlay-type":"","overlay-color":"","overlay-opacity":"","overlay-gradient":""}},"ast-content-background-meta":{"desktop":{"background-color":"var(--ast-global-color-5)","background-image":"","background-repeat":"repeat","background-position":"center center","background-size":"auto","background-attachment":"scroll","background-type":"","background-media":"","overlay-type":"","overlay-color":"","overlay-opacity":"","overlay-gradient":""},"tablet":{"background-color":"var(--ast-global-color-5)","background-image":"","background-repeat":"repeat","background-position":"center center","background-size":"auto","background-attachment":"scroll","background-type":"","background-media":"","overlay-type":"","overlay-color":"","overlay-opacity":"","overlay-gradient":""},"mobile":{"background-color":"var(--ast-global-color-5)","background-image":"","background-repeat":"repeat","background-position":"center center","background-size":"auto","background-attachment":"scroll","background-type":"","background-media":"","overlay-type":"","overlay-color":"","overlay-opacity":"","overlay-gradient":""}}},"product_brand":[],"product_cat":[51,46],"product_tag":[],"class_list":{"0":"post-3027","1":"product","2":"type-product","3":"status-publish","4":"has-post-thumbnail","6":"product_cat-esculturas","7":"product_cat-obras-de-arte","8":"desktop-align-center","9":"tablet-align-left","10":"mobile-align-left","12":"first","13":"instock","14":"shipping-taxable","15":"purchasable","16":"product-type-simple"},"uagb_featured_image_src":{"full":["https:\/\/create2donate.org\/wp-content\/uploads\/2025\/10\/Luminaire-Nomad.png",360,550,false],"thumbnail":["https:\/\/create2donate.org\/wp-content\/uploads\/2025\/10\/Luminaire-Nomad-150x150.png",150,150,true],"medium":["https:\/\/create2donate.org\/wp-content\/uploads\/2025\/10\/Luminaire-Nomad-196x300.png",196,300,true],"medium_large":["https:\/\/create2donate.org\/wp-content\/uploads\/2025\/10\/Luminaire-Nomad.png",360,550,false],"large":["https:\/\/create2donate.org\/wp-content\/uploads\/2025\/10\/Luminaire-Nomad.png",360,550,false],"1536x1536":["https:\/\/create2donate.org\/wp-content\/uploads\/2025\/10\/Luminaire-Nomad.png",360,550,false],"2048x2048":["https:\/\/create2donate.org\/wp-content\/uploads\/2025\/10\/Luminaire-Nomad.png",360,550,false],"woocommerce_thumbnail":["https:\/\/create2donate.org\/wp-content\/uploads\/2025\/10\/Luminaire-Nomad-300x400.png",300,400,true],"woocommerce_single":["https:\/\/create2donate.org\/wp-content\/uploads\/2025\/10\/Luminaire-Nomad.png",360,550,false],"woocommerce_gallery_thumbnail":["https:\/\/create2donate.org\/wp-content\/uploads\/2025\/10\/Luminaire-Nomad-100x100.png",100,100,true]},"uagb_author_info":{"display_name":"Amzir","author_link":"https:\/\/create2donate.org\/es\/author\/"},"uagb_comment_info":0,"uagb_excerpt":"La luminaria N\u00f3mada est\u00e1 hecha a mano con madera maciza de calidad procedente de la selva amaz\u00f3nica, iluminaci\u00f3n LED blanco c\u00e1lido y un sistema de regulaci\u00f3n que aporta ligereza al entorno. Informaci\u00f3n adicional: - Longitud: 207 cm - LED: 3000K - Base: Lat\u00f3n - Embalaje reciclado","_links":{"self":[{"href":"https:\/\/create2donate.org\/es\/wp-json\/wp\/v2\/product\/3027","targetHints":{"allow":["GET"]}}],"collection":[{"href":"https:\/\/create2donate.org\/es\/wp-json\/wp\/v2\/product"}],"about":[{"href":"https:\/\/create2donate.org\/es\/wp-json\/wp\/v2\/types\/product"}],"wp:featuredmedia":[{"embeddable":true,"href":"https:\/\/create2donate.org\/es\/wp-json\/wp\/v2\/media\/2812"}],"wp:attachment":[{"href":"https:\/\/create2donate.org\/es\/wp-json\/wp\/v2\/media?parent=3027"}],"wp:term":[{"taxonomy":"product_brand","embeddable":true,"href":"https:\/\/create2donate.org\/es\/wp-json\/wp\/v2\/product_brand?post=3027"},{"taxonomy":"product_cat","embeddable":true,"href":"https:\/\/create2donate.org\/es\/wp-json\/wp\/v2\/product_cat?post=3027"},{"taxonomy":"product_tag","embeddable":true,"href":"https:\/\/create2donate.org\/es\/wp-json\/wp\/v2\/product_tag?post=3027"}],"curies":[{"name":"wp","href":"https:\/\/api.w.org\/{rel}","templated":true}]}}