{"id":3025,"date":"2025-11-30T19:29:01","date_gmt":"2025-11-30T18:29:01","guid":{"rendered":"https:\/\/create2donate.org\/boutique\/busca-la-felicidad\/"},"modified":"2025-11-30T19:29:01","modified_gmt":"2025-11-30T18:29:01","slug":"busca-la-felicidad","status":"publish","type":"product","link":"https:\/\/create2donate.org\/es\/boutique\/busca-la-felicidad\/","title":{"rendered":"Busca la felicidad"},"content":{"rendered":"<p>Version Fran\u00e7aise<br \/>\nTrouver le Bonheur es un libro bellamente ilustrado para ni\u00f1os presentes, seguros de s\u00ed mismos y cari\u00f1osos (a partir de 10 a\u00f1os).<\/p>\n<p>\u00a1El m\u00e9todo sencillo para unos ni\u00f1os m\u00e1s felices y resistentes!<br \/>\nCreado por la famosa psic\u00f3loga Dra. Ellen Langer, pionera del mindfulness en Harvard. Encontrar la felicidad es un libro bellamente ilustrado, especialmente dise\u00f1ado para j\u00f3venes lectores a partir de 10 a\u00f1os.  <\/p>\n<p>A trav\u00e9s de una narraci\u00f3n desenfadada y accesible, este libro ofrece herramientas pr\u00e1cticas para ayudar a tu hijo a navegar por las complejidades sociales y emocionales del mundo. Les anima a:<br \/>\n&#8211; Estar m\u00e1s presentes (Mindfulness).<br \/>\n&#8211; Desarrollar la confianza en s\u00ed mismos.<br \/>\n&#8211; Cultivar la amabilidad hacia s\u00ed mismos y hacia los dem\u00e1s. <\/p>\n<p>En el centro de la historia est\u00e1 el enfoque GLADO (Generoso, Cari\u00f1oso, Aut\u00e9ntico, Directo, Abierto), una breve gu\u00eda para acercarse a la vida con curiosidad y empat\u00eda.<\/p>\n<p>Una bonificaci\u00f3n \u00fanica: el libro incluye un acceso opcional a GaiaVoice, un doble digital experimental del autor, accesible mediante un c\u00f3digo QR, para hacer interactiva la atenci\u00f3n plena. Un servicio gratuito ofrecido por la Fundaci\u00f3n Albatross. <\/p>\n<p>M\u00e1s que un cuento, es una caja de herramientas -disponible en varias lenguas, Braille y lenguaje de signos- para el bienestar emocional de tu hijo.<\/p>\n","protected":false},"excerpt":{"rendered":"<p data-start=\"35\" data-end=\"541\"><strong data-start=\"35\" data-end=\"57\">Encuentra la felicidad<\/strong> es un libro ilustrado dise\u00f1ado para ayudar a los ni\u00f1os a partir de 10 a\u00f1os a estar m\u00e1s presentes, tener m\u00e1s confianza en s\u00ed mismos y ser m\u00e1s bondadosos. Creado por la Dra. Ellen Langer, pionera de la atenci\u00f3n plena, ofrece una historia sencilla y divertida que ense\u00f1a herramientas concretas para desarrollar la atenci\u00f3n plena, la confianza en uno mismo y la amabilidad.<br data-start=\"378\" data-end=\"381\">El n\u00facleo del libro es el enfoque <strong data-start=\"421\" data-end=\"430\">GLADO<\/strong> (Generoso, Cari\u00f1oso, Aut\u00e9ntico, Directo, Abierto), un m\u00e9todo para abordar la vida con curiosidad y empat\u00eda. <\/p>\n<p data-start=\"543\" data-end=\"802\" data-is-last-node=\"\" data-is-only-node=\"\">El libro tambi\u00e9n ofrece acceso opcional a <strong data-start=\"585\" data-end=\"598\">GaiaVoice<\/strong>, un doble digital del autor, para una experiencia interactiva. Disponible en varios idiomas, Braille y lenguaje de signos, es una verdadera herramienta para el bienestar emocional de los ni\u00f1os. <\/p>\n","protected":false},"featured_media":2884,"template":"","meta":{"_uag_custom_page_level_css":"","site-sidebar-layout":"default","site-content-layout":"","ast-site-content-layout":"default","site-content-style":"default","site-sidebar-style":"default","ast-global-header-display":"","ast-banner-title-visibility":"","ast-main-header-display":"","ast-hfb-above-header-display":"","ast-hfb-below-header-display":"","ast-hfb-mobile-header-display":"","site-post-title":"","ast-breadcrumbs-content":"","ast-featured-img":"","footer-sml-layout":"","ast-disable-related-posts":"","theme-transparent-header-meta":"default","adv-header-id-meta":"","stick-header-meta":"","header-above-stick-meta":"","header-main-stick-meta":"","header-below-stick-meta":"","astra-migrate-meta-layouts":"default","ast-page-background-enabled":"default","ast-page-background-meta":{"desktop":{"background-color":"var(--ast-global-color-4)","background-image":"","background-repeat":"repeat","background-position":"center center","background-size":"auto","background-attachment":"scroll","background-type":"","background-media":"","overlay-type":"","overlay-color":"","overlay-opacity":"","overlay-gradient":""},"tablet":{"background-color":"","background-image":"","background-repeat":"repeat","background-position":"center center","background-size":"auto","background-attachment":"scroll","background-type":"","background-media":"","overlay-type":"","overlay-color":"","overlay-opacity":"","overlay-gradient":""},"mobile":{"background-color":"","background-image":"","background-repeat":"repeat","background-position":"center center","background-size":"auto","background-attachment":"scroll","background-type":"","background-media":"","overlay-type":"","overlay-color":"","overlay-opacity":"","overlay-gradient":""}},"ast-content-background-meta":{"desktop":{"background-color":"var(--ast-global-color-5)","background-image":"","background-repeat":"repeat","background-position":"center center","background-size":"auto","background-attachment":"scroll","background-type":"","background-media":"","overlay-type":"","overlay-color":"","overlay-opacity":"","overlay-gradient":""},"tablet":{"background-color":"var(--ast-global-color-5)","background-image":"","background-repeat":"repeat","background-position":"center center","background-size":"auto","background-attachment":"scroll","background-type":"","background-media":"","overlay-type":"","overlay-color":"","overlay-opacity":"","overlay-gradient":""},"mobile":{"background-color":"var(--ast-global-color-5)","background-image":"","background-repeat":"repeat","background-position":"center center","background-size":"auto","background-attachment":"scroll","background-type":"","background-media":"","overlay-type":"","overlay-color":"","overlay-opacity":"","overlay-gradient":""}}},"product_brand":[],"product_cat":[45,65],"product_tag":[],"class_list":{"0":"post-3025","1":"product","2":"type-product","3":"status-publish","4":"has-post-thumbnail","6":"product_cat-libros","7":"product_cat-productos-unicos","8":"desktop-align-center","9":"tablet-align-left","10":"mobile-align-left","12":"first","13":"instock","14":"downloadable","15":"virtual","16":"purchasable","17":"product-type-simple"},"uagb_featured_image_src":{"full":["https:\/\/create2donate.org\/wp-content\/uploads\/2025\/11\/Cherchez-le-Bonheur.png",900,671,false],"thumbnail":["https:\/\/create2donate.org\/wp-content\/uploads\/2025\/11\/Cherchez-le-Bonheur-150x150.png",150,150,true],"medium":["https:\/\/create2donate.org\/wp-content\/uploads\/2025\/11\/Cherchez-le-Bonheur-300x224.png",300,224,true],"medium_large":["https:\/\/create2donate.org\/wp-content\/uploads\/2025\/11\/Cherchez-le-Bonheur-768x573.png",768,573,true],"large":["https:\/\/create2donate.org\/wp-content\/uploads\/2025\/11\/Cherchez-le-Bonheur.png",900,671,false],"1536x1536":["https:\/\/create2donate.org\/wp-content\/uploads\/2025\/11\/Cherchez-le-Bonheur.png",900,671,false],"2048x2048":["https:\/\/create2donate.org\/wp-content\/uploads\/2025\/11\/Cherchez-le-Bonheur.png",900,671,false],"woocommerce_thumbnail":["https:\/\/create2donate.org\/wp-content\/uploads\/2025\/11\/Cherchez-le-Bonheur-300x400.png",300,400,true],"woocommerce_single":["https:\/\/create2donate.org\/wp-content\/uploads\/2025\/11\/Cherchez-le-Bonheur-600x447.png",600,447,true],"woocommerce_gallery_thumbnail":["https:\/\/create2donate.org\/wp-content\/uploads\/2025\/11\/Cherchez-le-Bonheur-100x100.png",100,100,true]},"uagb_author_info":{"display_name":"Amzir","author_link":"https:\/\/create2donate.org\/es\/author\/"},"uagb_comment_info":0,"uagb_excerpt":"Encuentra la felicidad es un libro ilustrado dise\u00f1ado para ayudar a los ni\u00f1os a partir de 10 a\u00f1os a estar m\u00e1s presentes, tener m\u00e1s confianza en s\u00ed mismos y ser m\u00e1s bondadosos. Creado por la Dra. Ellen Langer, pionera de la atenci\u00f3n plena, ofrece una historia sencilla y divertida que ense\u00f1a herramientas concretas para desarrollar&hellip;","_links":{"self":[{"href":"https:\/\/create2donate.org\/es\/wp-json\/wp\/v2\/product\/3025","targetHints":{"allow":["GET"]}}],"collection":[{"href":"https:\/\/create2donate.org\/es\/wp-json\/wp\/v2\/product"}],"about":[{"href":"https:\/\/create2donate.org\/es\/wp-json\/wp\/v2\/types\/product"}],"wp:featuredmedia":[{"embeddable":true,"href":"https:\/\/create2donate.org\/es\/wp-json\/wp\/v2\/media\/2884"}],"wp:attachment":[{"href":"https:\/\/create2donate.org\/es\/wp-json\/wp\/v2\/media?parent=3025"}],"wp:term":[{"taxonomy":"product_brand","embeddable":true,"href":"https:\/\/create2donate.org\/es\/wp-json\/wp\/v2\/product_brand?post=3025"},{"taxonomy":"product_cat","embeddable":true,"href":"https:\/\/create2donate.org\/es\/wp-json\/wp\/v2\/product_cat?post=3025"},{"taxonomy":"product_tag","embeddable":true,"href":"https:\/\/create2donate.org\/es\/wp-json\/wp\/v2\/product_tag?post=3025"}],"curies":[{"name":"wp","href":"https:\/\/api.w.org\/{rel}","templated":true}]}}