{"id":3024,"date":"2025-07-15T21:38:59","date_gmt":"2025-07-15T19:38:59","guid":{"rendered":"https:\/\/create2donate.org\/boutique\/pulsera-aliento-marino\/"},"modified":"2025-07-15T21:38:59","modified_gmt":"2025-07-15T19:38:59","slug":"pulsera-aliento-marino","status":"publish","type":"product","link":"https:\/\/create2donate.org\/es\/boutique\/pulsera-aliento-marino\/","title":{"rendered":"Pulsera Aliento Marino"},"content":{"rendered":"","protected":false},"excerpt":{"rendered":"<p>Una joya que canta al mar&#8230; Esta pulsera \u00fanica combina la suavidad del n\u00e1car aut\u00e9ntico con la intensidad real del lapisl\u00e1zuli. Enhebradas en una fuerte banda el\u00e1stica,<br \/>\nlas perlas blancas y azules se mezclan con gracia, como la espuma del mar y el cielo profundo.<br \/>\nEn un gui\u00f1o po\u00e9tico, un peque\u00f1o broche de porcelana con forma de albatros -el p\u00e1jaro de la libertad y el viento salado- puede engancharse a la pulsera o separarse para convertirse en<br \/>\nun broche en s\u00ed mismo.<br \/>\nLl\u00e9valo en la mu\u00f1eca o sobre una chaqueta, como desees&#8230; Una joya flexible, ligera como el aire, un discreto eco del oc\u00e9ano. <\/p>\n","protected":false},"featured_media":2798,"template":"","meta":{"_uag_custom_page_level_css":"","site-sidebar-layout":"default","site-content-layout":"","ast-site-content-layout":"default","site-content-style":"default","site-sidebar-style":"default","ast-global-header-display":"","ast-banner-title-visibility":"","ast-main-header-display":"","ast-hfb-above-header-display":"","ast-hfb-below-header-display":"","ast-hfb-mobile-header-display":"","site-post-title":"","ast-breadcrumbs-content":"","ast-featured-img":"","footer-sml-layout":"","ast-disable-related-posts":"","theme-transparent-header-meta":"default","adv-header-id-meta":"","stick-header-meta":"","header-above-stick-meta":"","header-main-stick-meta":"","header-below-stick-meta":"","astra-migrate-meta-layouts":"default","ast-page-background-enabled":"default","ast-page-background-meta":{"desktop":{"background-color":"var(--ast-global-color-4)","background-image":"","background-repeat":"repeat","background-position":"center center","background-size":"auto","background-attachment":"scroll","background-type":"","background-media":"","overlay-type":"","overlay-color":"","overlay-opacity":"","overlay-gradient":""},"tablet":{"background-color":"","background-image":"","background-repeat":"repeat","background-position":"center center","background-size":"auto","background-attachment":"scroll","background-type":"","background-media":"","overlay-type":"","overlay-color":"","overlay-opacity":"","overlay-gradient":""},"mobile":{"background-color":"","background-image":"","background-repeat":"repeat","background-position":"center center","background-size":"auto","background-attachment":"scroll","background-type":"","background-media":"","overlay-type":"","overlay-color":"","overlay-opacity":"","overlay-gradient":""}},"ast-content-background-meta":{"desktop":{"background-color":"var(--ast-global-color-5)","background-image":"","background-repeat":"repeat","background-position":"center center","background-size":"auto","background-attachment":"scroll","background-type":"","background-media":"","overlay-type":"","overlay-color":"","overlay-opacity":"","overlay-gradient":""},"tablet":{"background-color":"var(--ast-global-color-5)","background-image":"","background-repeat":"repeat","background-position":"center center","background-size":"auto","background-attachment":"scroll","background-type":"","background-media":"","overlay-type":"","overlay-color":"","overlay-opacity":"","overlay-gradient":""},"mobile":{"background-color":"var(--ast-global-color-5)","background-image":"","background-repeat":"repeat","background-position":"center center","background-size":"auto","background-attachment":"scroll","background-type":"","background-media":"","overlay-type":"","overlay-color":"","overlay-opacity":"","overlay-gradient":""}}},"product_brand":[],"product_cat":[52],"product_tag":[],"class_list":{"0":"post-3024","1":"product","2":"type-product","3":"status-publish","4":"has-post-thumbnail","6":"product_cat-joyeria","7":"desktop-align-center","8":"tablet-align-left","9":"mobile-align-left","11":"first","12":"instock","13":"shipping-taxable","14":"purchasable","15":"product-type-simple"},"uagb_featured_image_src":{"full":["https:\/\/create2donate.org\/wp-content\/uploads\/2025\/07\/Bracelet-.png",183,189,false],"thumbnail":["https:\/\/create2donate.org\/wp-content\/uploads\/2025\/07\/Bracelet--150x150.png",150,150,true],"medium":["https:\/\/create2donate.org\/wp-content\/uploads\/2025\/07\/Bracelet-.png",183,189,false],"medium_large":["https:\/\/create2donate.org\/wp-content\/uploads\/2025\/07\/Bracelet-.png",183,189,false],"large":["https:\/\/create2donate.org\/wp-content\/uploads\/2025\/07\/Bracelet-.png",183,189,false],"1536x1536":["https:\/\/create2donate.org\/wp-content\/uploads\/2025\/07\/Bracelet-.png",183,189,false],"2048x2048":["https:\/\/create2donate.org\/wp-content\/uploads\/2025\/07\/Bracelet-.png",183,189,false],"woocommerce_thumbnail":["https:\/\/create2donate.org\/wp-content\/uploads\/2025\/07\/Bracelet-.png",183,189,false],"woocommerce_single":["https:\/\/create2donate.org\/wp-content\/uploads\/2025\/07\/Bracelet-.png",183,189,false],"woocommerce_gallery_thumbnail":["https:\/\/create2donate.org\/wp-content\/uploads\/2025\/07\/Bracelet--100x100.png",100,100,true]},"uagb_author_info":{"display_name":"Amzir","author_link":"https:\/\/create2donate.org\/es\/author\/"},"uagb_comment_info":0,"uagb_excerpt":"Una joya que canta al mar... Esta pulsera \u00fanica combina la suavidad del n\u00e1car aut\u00e9ntico con la intensidad real del lapisl\u00e1zuli. Enhebradas en una fuerte banda el\u00e1stica, las perlas blancas y azules se mezclan con gracia, como la espuma del mar y el cielo profundo. En un gui\u00f1o po\u00e9tico, un peque\u00f1o broche de porcelana con&hellip;","_links":{"self":[{"href":"https:\/\/create2donate.org\/es\/wp-json\/wp\/v2\/product\/3024","targetHints":{"allow":["GET"]}}],"collection":[{"href":"https:\/\/create2donate.org\/es\/wp-json\/wp\/v2\/product"}],"about":[{"href":"https:\/\/create2donate.org\/es\/wp-json\/wp\/v2\/types\/product"}],"wp:featuredmedia":[{"embeddable":true,"href":"https:\/\/create2donate.org\/es\/wp-json\/wp\/v2\/media\/2798"}],"wp:attachment":[{"href":"https:\/\/create2donate.org\/es\/wp-json\/wp\/v2\/media?parent=3024"}],"wp:term":[{"taxonomy":"product_brand","embeddable":true,"href":"https:\/\/create2donate.org\/es\/wp-json\/wp\/v2\/product_brand?post=3024"},{"taxonomy":"product_cat","embeddable":true,"href":"https:\/\/create2donate.org\/es\/wp-json\/wp\/v2\/product_cat?post=3024"},{"taxonomy":"product_tag","embeddable":true,"href":"https:\/\/create2donate.org\/es\/wp-json\/wp\/v2\/product_tag?post=3024"}],"curies":[{"name":"wp","href":"https:\/\/api.w.org\/{rel}","templated":true}]}}