{"id":3013,"date":"2026-02-17T18:01:25","date_gmt":"2026-02-17T17:01:25","guid":{"rendered":"https:\/\/create2donate.org\/boutique\/en-busca-de-la-felicidad\/"},"modified":"2026-02-17T18:01:25","modified_gmt":"2026-02-17T17:01:25","slug":"en-busca-de-la-felicidad","status":"publish","type":"product","link":"https:\/\/create2donate.org\/es\/boutique\/en-busca-de-la-felicidad\/","title":{"rendered":"En busca de la felicidad"},"content":{"rendered":"<p>Vers\u00e3o em portugu\u00eas<\/p>\n<p>En busca de la felicidad: Un libro ilustrado para ni\u00f1os conscientes, confiados y gentiles (a partir de 10 a\u00f1os)<\/p>\n<p>\u00a1El m\u00e9todo sencillo para ni\u00f1os m\u00e1s felices y resistentes!<br \/>\nCreado por la renombrada psic\u00f3loga Dra. Ellen Langer. Ellen Langer, pionera de la atenci\u00f3n plena en Harvard, En busca de la felicidad es un libro muy ilustrado, especialmente pensado para j\u00f3venes lectores a partir de 8 a\u00f1os. <\/p>\n<p>A trav\u00e9s de una narrativa divertida y accesible, este libro ofrece herramientas pr\u00e1cticas para ayudar a tu hijo a navegar por las complejidades sociales y emocionales del mundo. Le anima a:<br \/>\n&#8211; Estar m\u00e1s presente (Mindfulness).<br \/>\n&#8211; Desarrollar la autoconfianza.<br \/>\n&#8211; Cultivar la gentileza para consigo mismo y con los dem\u00e1s. <\/p>\n<p>En el centro de la historia est\u00e1 el enfoque GLADO (Generoso, Amoroso, Aut\u00e9ntico, Directo, Aberto), una gu\u00eda sencilla para abrirse a la vida con curiosidad y entusiasmo.<\/p>\n<p>Un recurso b\u00f3nus exclusivo: el libro incluye acceso opcional a GaiaVoice, un dispositivo digital experimental del autor, accesible a trav\u00e9s de un c\u00f3digo QR, para que la atenci\u00f3n sea totalmente interactiva. Este es un servicio gratuito proporcionado por la Fundaci\u00f3n Albatross. <\/p>\n<p>M\u00e1s que una historia, \u00e9ste es un kit de herramientas de bienestar emocional -disponible en varios idiomas, incluido Braille y lenguaje de se\u00f1as- para tu hijo.<\/p>\n","protected":false},"excerpt":{"rendered":"<p>Vers\u00e3o em portugu\u00eas<\/p>\n<p>En busca de la felicidad: Un libro ilustrado para ni\u00f1os conscientes, confiados y gentiles (a partir de 10 a\u00f1os)<\/p>\n<p>\u00a1El m\u00e9todo sencillo para ni\u00f1os m\u00e1s felices y resistentes!<br \/>\nCreado por la renombrada psic\u00f3loga Dra. Ellen Langer. Ellen Langer, pionera de la atenci\u00f3n plena en Harvard, En busca de la felicidad es un libro muy ilustrado, especialmente pensado para j\u00f3venes lectores a partir de 8 a\u00f1os. <\/p>\n<p>A trav\u00e9s de una narrativa divertida y accesible, este libro ofrece herramientas pr\u00e1cticas para ayudar a tu hijo a navegar por las complejidades sociales y emocionales del mundo. Le anima a:<br \/>\n&#8211; Estar m\u00e1s presente (Mindfulness).<br \/>\n&#8211; Desarrollar la autoconfianza.<br \/>\n&#8211; Cultivar la gentileza para consigo mismo y con los dem\u00e1s. <\/p>\n<p>En el centro de la historia est\u00e1 el enfoque GLADO (Generoso, Amoroso, Aut\u00e9ntico, Directo, Aberto), una gu\u00eda sencilla para abrirse a la vida con curiosidad y entusiasmo.<\/p>\n<p>Un recurso b\u00f3nus exclusivo: el libro incluye acceso opcional a GaiaVoice, un dispositivo digital experimental del autor, accesible a trav\u00e9s de un c\u00f3digo QR, para que la atenci\u00f3n sea totalmente interactiva. Este es un servicio gratuito proporcionado por la Fundaci\u00f3n Albatross. <\/p>\n<p>M\u00e1s que una historia, \u00e9ste es un kit de herramientas de bienestar emocional -disponible en varios idiomas, incluido Braille y lenguaje de se\u00f1as- para tu hijo.<\/p>\n","protected":false},"featured_media":2991,"template":"","meta":{"_uag_custom_page_level_css":"","site-sidebar-layout":"default","site-content-layout":"","ast-site-content-layout":"default","site-content-style":"default","site-sidebar-style":"default","ast-global-header-display":"","ast-banner-title-visibility":"","ast-main-header-display":"","ast-hfb-above-header-display":"","ast-hfb-below-header-display":"","ast-hfb-mobile-header-display":"","site-post-title":"","ast-breadcrumbs-content":"","ast-featured-img":"","footer-sml-layout":"","ast-disable-related-posts":"","theme-transparent-header-meta":"default","adv-header-id-meta":"","stick-header-meta":"","header-above-stick-meta":"","header-main-stick-meta":"","header-below-stick-meta":"","astra-migrate-meta-layouts":"default","ast-page-background-enabled":"default","ast-page-background-meta":{"desktop":{"background-color":"var(--ast-global-color-4)","background-image":"","background-repeat":"repeat","background-position":"center center","background-size":"auto","background-attachment":"scroll","background-type":"","background-media":"","overlay-type":"","overlay-color":"","overlay-opacity":"","overlay-gradient":""},"tablet":{"background-color":"","background-image":"","background-repeat":"repeat","background-position":"center center","background-size":"auto","background-attachment":"scroll","background-type":"","background-media":"","overlay-type":"","overlay-color":"","overlay-opacity":"","overlay-gradient":""},"mobile":{"background-color":"","background-image":"","background-repeat":"repeat","background-position":"center center","background-size":"auto","background-attachment":"scroll","background-type":"","background-media":"","overlay-type":"","overlay-color":"","overlay-opacity":"","overlay-gradient":""}},"ast-content-background-meta":{"desktop":{"background-color":"var(--ast-global-color-5)","background-image":"","background-repeat":"repeat","background-position":"center center","background-size":"auto","background-attachment":"scroll","background-type":"","background-media":"","overlay-type":"","overlay-color":"","overlay-opacity":"","overlay-gradient":""},"tablet":{"background-color":"var(--ast-global-color-5)","background-image":"","background-repeat":"repeat","background-position":"center center","background-size":"auto","background-attachment":"scroll","background-type":"","background-media":"","overlay-type":"","overlay-color":"","overlay-opacity":"","overlay-gradient":""},"mobile":{"background-color":"var(--ast-global-color-5)","background-image":"","background-repeat":"repeat","background-position":"center center","background-size":"auto","background-attachment":"scroll","background-type":"","background-media":"","overlay-type":"","overlay-color":"","overlay-opacity":"","overlay-gradient":""}}},"product_brand":[],"product_cat":[45,65],"product_tag":[],"class_list":{"0":"post-3013","1":"product","2":"type-product","3":"status-publish","4":"has-post-thumbnail","6":"product_cat-libros","7":"product_cat-productos-unicos","8":"desktop-align-center","9":"tablet-align-left","10":"mobile-align-left","12":"first","13":"instock","14":"virtual","15":"purchasable","16":"product-type-simple"},"uagb_featured_image_src":{"full":["https:\/\/create2donate.org\/wp-content\/uploads\/2026\/02\/Capture-decran-2026-02-16-173850.png",655,504,false],"thumbnail":["https:\/\/create2donate.org\/wp-content\/uploads\/2026\/02\/Capture-decran-2026-02-16-173850-150x150.png",150,150,true],"medium":["https:\/\/create2donate.org\/wp-content\/uploads\/2026\/02\/Capture-decran-2026-02-16-173850-300x231.png",300,231,true],"medium_large":["https:\/\/create2donate.org\/wp-content\/uploads\/2026\/02\/Capture-decran-2026-02-16-173850.png",655,504,false],"large":["https:\/\/create2donate.org\/wp-content\/uploads\/2026\/02\/Capture-decran-2026-02-16-173850.png",655,504,false],"1536x1536":["https:\/\/create2donate.org\/wp-content\/uploads\/2026\/02\/Capture-decran-2026-02-16-173850.png",655,504,false],"2048x2048":["https:\/\/create2donate.org\/wp-content\/uploads\/2026\/02\/Capture-decran-2026-02-16-173850.png",655,504,false],"woocommerce_thumbnail":["https:\/\/create2donate.org\/wp-content\/uploads\/2026\/02\/Capture-decran-2026-02-16-173850-300x400.png",300,400,true],"woocommerce_single":["https:\/\/create2donate.org\/wp-content\/uploads\/2026\/02\/Capture-decran-2026-02-16-173850-600x462.png",600,462,true],"woocommerce_gallery_thumbnail":["https:\/\/create2donate.org\/wp-content\/uploads\/2026\/02\/Capture-decran-2026-02-16-173850-100x100.png",100,100,true]},"uagb_author_info":{"display_name":"C2donateGhislaine","author_link":"https:\/\/create2donate.org\/es\/author\/"},"uagb_comment_info":0,"uagb_excerpt":"Vers\u00e3o em portugu\u00eas En busca de la felicidad: Un libro ilustrado para ni\u00f1os conscientes, confiados y gentiles (a partir de 10 a\u00f1os) \u00a1El m\u00e9todo sencillo para ni\u00f1os m\u00e1s felices y resistentes! Creado por la renombrada psic\u00f3loga Dra. Ellen Langer. Ellen Langer, pionera de la atenci\u00f3n plena en Harvard, En busca de la felicidad es un&hellip;","_links":{"self":[{"href":"https:\/\/create2donate.org\/es\/wp-json\/wp\/v2\/product\/3013","targetHints":{"allow":["GET"]}}],"collection":[{"href":"https:\/\/create2donate.org\/es\/wp-json\/wp\/v2\/product"}],"about":[{"href":"https:\/\/create2donate.org\/es\/wp-json\/wp\/v2\/types\/product"}],"wp:featuredmedia":[{"embeddable":true,"href":"https:\/\/create2donate.org\/es\/wp-json\/wp\/v2\/media\/2991"}],"wp:attachment":[{"href":"https:\/\/create2donate.org\/es\/wp-json\/wp\/v2\/media?parent=3013"}],"wp:term":[{"taxonomy":"product_brand","embeddable":true,"href":"https:\/\/create2donate.org\/es\/wp-json\/wp\/v2\/product_brand?post=3013"},{"taxonomy":"product_cat","embeddable":true,"href":"https:\/\/create2donate.org\/es\/wp-json\/wp\/v2\/product_cat?post=3013"},{"taxonomy":"product_tag","embeddable":true,"href":"https:\/\/create2donate.org\/es\/wp-json\/wp\/v2\/product_tag?post=3013"}],"curies":[{"name":"wp","href":"https:\/\/api.w.org\/{rel}","templated":true}]}}