{"id":2590,"date":"2025-01-19T13:56:05","date_gmt":"2025-01-19T12:56:05","guid":{"rendered":"https:\/\/create2donate.org\/boutique\/dolor-tristeza\/"},"modified":"2026-02-18T21:23:50","modified_gmt":"2026-02-18T20:23:50","slug":"dolor-tristeza","status":"publish","type":"product","link":"https:\/\/create2donate.org\/es\/boutique\/dolor-tristeza\/","title":{"rendered":"Ebook Dolor y Tristeza &#8211; Entorno de la Vida"},"content":{"rendered":"","protected":false},"excerpt":{"rendered":"<p>La premi\u00e8re action de C2D a \u00e9t\u00e9 de publier et distribuer \u00e0 titre gratuit la premi\u00e8re Serie d\u2019ouvrages pour enfants \u201cAlbatross\u201d sur l\u2019environnement lors de Expo universelle de Shanghai. Ainsi, pr\u00e8s de 75000 des ouvrage publi\u00e9s par C2D ont pu \u00eatre distribu\u00e9s aux enfants dans les \u00e9coles et les communaut\u00e9s locales d\u00e9sh\u00e9rit\u00e9es. <\/p>\n<p>Desde entonces, la segunda serie \u00abEl entorno de la vida\u00bb est\u00e1 disponible en formato pdf triling\u00fce franc\u00e9s, ingl\u00e9s y chino.<\/p>\n","protected":false},"featured_media":2587,"template":"","meta":{"_uag_custom_page_level_css":"","site-sidebar-layout":"default","site-content-layout":"","ast-site-content-layout":"default","site-content-style":"default","site-sidebar-style":"default","ast-global-header-display":"","ast-banner-title-visibility":"","ast-main-header-display":"","ast-hfb-above-header-display":"","ast-hfb-below-header-display":"","ast-hfb-mobile-header-display":"","site-post-title":"","ast-breadcrumbs-content":"","ast-featured-img":"","footer-sml-layout":"","ast-disable-related-posts":"","theme-transparent-header-meta":"default","adv-header-id-meta":"","stick-header-meta":"","header-above-stick-meta":"","header-main-stick-meta":"","header-below-stick-meta":"","astra-migrate-meta-layouts":"default","ast-page-background-enabled":"default","ast-page-background-meta":{"desktop":{"background-color":"var(--ast-global-color-4)","background-image":"","background-repeat":"repeat","background-position":"center center","background-size":"auto","background-attachment":"scroll","background-type":"","background-media":"","overlay-type":"","overlay-color":"","overlay-opacity":"","overlay-gradient":""},"tablet":{"background-color":"","background-image":"","background-repeat":"repeat","background-position":"center center","background-size":"auto","background-attachment":"scroll","background-type":"","background-media":"","overlay-type":"","overlay-color":"","overlay-opacity":"","overlay-gradient":""},"mobile":{"background-color":"","background-image":"","background-repeat":"repeat","background-position":"center center","background-size":"auto","background-attachment":"scroll","background-type":"","background-media":"","overlay-type":"","overlay-color":"","overlay-opacity":"","overlay-gradient":""}},"ast-content-background-meta":{"desktop":{"background-color":"var(--ast-global-color-5)","background-image":"","background-repeat":"repeat","background-position":"center center","background-size":"auto","background-attachment":"scroll","background-type":"","background-media":"","overlay-type":"","overlay-color":"","overlay-opacity":"","overlay-gradient":""},"tablet":{"background-color":"var(--ast-global-color-5)","background-image":"","background-repeat":"repeat","background-position":"center center","background-size":"auto","background-attachment":"scroll","background-type":"","background-media":"","overlay-type":"","overlay-color":"","overlay-opacity":"","overlay-gradient":""},"mobile":{"background-color":"var(--ast-global-color-5)","background-image":"","background-repeat":"repeat","background-position":"center center","background-size":"auto","background-attachment":"scroll","background-type":"","background-media":"","overlay-type":"","overlay-color":"","overlay-opacity":"","overlay-gradient":""}}},"product_brand":[],"product_cat":[45],"product_tag":[],"class_list":{"0":"post-2590","1":"product","2":"type-product","3":"status-publish","4":"has-post-thumbnail","6":"product_cat-libros","7":"desktop-align-center","8":"tablet-align-left","9":"mobile-align-left","11":"first","12":"instock","13":"downloadable","14":"virtual","15":"purchasable","16":"product-type-simple"},"uagb_featured_image_src":{"full":["https:\/\/create2donate.org\/wp-content\/uploads\/2025\/01\/Capture-decran-2025-01-12-061444.png",516,624,false],"thumbnail":["https:\/\/create2donate.org\/wp-content\/uploads\/2025\/01\/Capture-decran-2025-01-12-061444-150x150.png",150,150,true],"medium":["https:\/\/create2donate.org\/wp-content\/uploads\/2025\/01\/Capture-decran-2025-01-12-061444-248x300.png",248,300,true],"medium_large":["https:\/\/create2donate.org\/wp-content\/uploads\/2025\/01\/Capture-decran-2025-01-12-061444.png",516,624,false],"large":["https:\/\/create2donate.org\/wp-content\/uploads\/2025\/01\/Capture-decran-2025-01-12-061444.png",516,624,false],"1536x1536":["https:\/\/create2donate.org\/wp-content\/uploads\/2025\/01\/Capture-decran-2025-01-12-061444.png",516,624,false],"2048x2048":["https:\/\/create2donate.org\/wp-content\/uploads\/2025\/01\/Capture-decran-2025-01-12-061444.png",516,624,false],"woocommerce_thumbnail":["https:\/\/create2donate.org\/wp-content\/uploads\/2025\/01\/Capture-decran-2025-01-12-061444-300x400.png",300,400,true],"woocommerce_single":["https:\/\/create2donate.org\/wp-content\/uploads\/2025\/01\/Capture-decran-2025-01-12-061444.png",516,624,false],"woocommerce_gallery_thumbnail":["https:\/\/create2donate.org\/wp-content\/uploads\/2025\/01\/Capture-decran-2025-01-12-061444-100x100.png",100,100,true]},"uagb_author_info":{"display_name":"Amzir","author_link":"https:\/\/create2donate.org\/es\/author\/"},"uagb_comment_info":0,"uagb_excerpt":"La premi\u00e8re action de C2D a \u00e9t\u00e9 de publier et distribuer \u00e0 titre gratuit la premi\u00e8re Serie d\u2019ouvrages pour enfants \u201cAlbatross\u201d sur l\u2019environnement lors de Expo universelle de Shanghai. Ainsi, pr\u00e8s de 75000 des ouvrage publi\u00e9s par C2D ont pu \u00eatre distribu\u00e9s aux enfants dans les \u00e9coles et les communaut\u00e9s locales d\u00e9sh\u00e9rit\u00e9es. Desde entonces, la&hellip;","_links":{"self":[{"href":"https:\/\/create2donate.org\/es\/wp-json\/wp\/v2\/product\/2590","targetHints":{"allow":["GET"]}}],"collection":[{"href":"https:\/\/create2donate.org\/es\/wp-json\/wp\/v2\/product"}],"about":[{"href":"https:\/\/create2donate.org\/es\/wp-json\/wp\/v2\/types\/product"}],"wp:featuredmedia":[{"embeddable":true,"href":"https:\/\/create2donate.org\/es\/wp-json\/wp\/v2\/media\/2587"}],"wp:attachment":[{"href":"https:\/\/create2donate.org\/es\/wp-json\/wp\/v2\/media?parent=2590"}],"wp:term":[{"taxonomy":"product_brand","embeddable":true,"href":"https:\/\/create2donate.org\/es\/wp-json\/wp\/v2\/product_brand?post=2590"},{"taxonomy":"product_cat","embeddable":true,"href":"https:\/\/create2donate.org\/es\/wp-json\/wp\/v2\/product_cat?post=2590"},{"taxonomy":"product_tag","embeddable":true,"href":"https:\/\/create2donate.org\/es\/wp-json\/wp\/v2\/product_tag?post=2590"}],"curies":[{"name":"wp","href":"https:\/\/api.w.org\/{rel}","templated":true}]}}