{"id":2578,"date":"2025-01-19T14:00:34","date_gmt":"2025-01-19T13:00:34","guid":{"rendered":"https:\/\/create2donate.org\/boutique\/ebook-coleccion-faune-flore\/"},"modified":"2026-02-18T21:20:09","modified_gmt":"2026-02-18T20:20:09","slug":"ebook-coleccion-faune-flore","status":"publish","type":"product","link":"https:\/\/create2donate.org\/es\/boutique\/ebook-coleccion-faune-flore\/","title":{"rendered":"Ebooks de la colecci\u00f3n Fauna y Flora"},"content":{"rendered":"","protected":false},"excerpt":{"rendered":"<p>La premi\u00e8re action de C2D a \u00e9t\u00e9 de publier et distribuer \u00e0 titre gratuit la premi\u00e8re Serie d\u2019ouvrages pour enfants \u201cAlbatross\u201d sur l\u2019environnement lors de Expo universelle de Shanghai. Ainsi, pr\u00e8s de 75000 des ouvrage publi\u00e9s par C2D ont pu \u00eatre distribu\u00e9s aux enfants dans les \u00e9coles et les communaut\u00e9s locales d\u00e9sh\u00e9rit\u00e9es. <\/p>\n<p>Depuis lors, la deuxi\u00e8me Serie \u00abFaune &amp; Flore\u00bb est disponible en trilingue fran\u00e7ais, anglais, chinois en version pdf.<\/p>\n","protected":false},"featured_media":2232,"template":"","meta":{"_uag_custom_page_level_css":"","site-sidebar-layout":"default","site-content-layout":"","ast-site-content-layout":"default","site-content-style":"default","site-sidebar-style":"default","ast-global-header-display":"","ast-banner-title-visibility":"","ast-main-header-display":"","ast-hfb-above-header-display":"","ast-hfb-below-header-display":"","ast-hfb-mobile-header-display":"","site-post-title":"","ast-breadcrumbs-content":"","ast-featured-img":"","footer-sml-layout":"","ast-disable-related-posts":"","theme-transparent-header-meta":"default","adv-header-id-meta":"","stick-header-meta":"","header-above-stick-meta":"","header-main-stick-meta":"","header-below-stick-meta":"","astra-migrate-meta-layouts":"default","ast-page-background-enabled":"default","ast-page-background-meta":{"desktop":{"background-color":"var(--ast-global-color-4)","background-image":"","background-repeat":"repeat","background-position":"center center","background-size":"auto","background-attachment":"scroll","background-type":"","background-media":"","overlay-type":"","overlay-color":"","overlay-opacity":"","overlay-gradient":""},"tablet":{"background-color":"","background-image":"","background-repeat":"repeat","background-position":"center center","background-size":"auto","background-attachment":"scroll","background-type":"","background-media":"","overlay-type":"","overlay-color":"","overlay-opacity":"","overlay-gradient":""},"mobile":{"background-color":"","background-image":"","background-repeat":"repeat","background-position":"center center","background-size":"auto","background-attachment":"scroll","background-type":"","background-media":"","overlay-type":"","overlay-color":"","overlay-opacity":"","overlay-gradient":""}},"ast-content-background-meta":{"desktop":{"background-color":"var(--ast-global-color-5)","background-image":"","background-repeat":"repeat","background-position":"center center","background-size":"auto","background-attachment":"scroll","background-type":"","background-media":"","overlay-type":"","overlay-color":"","overlay-opacity":"","overlay-gradient":""},"tablet":{"background-color":"var(--ast-global-color-5)","background-image":"","background-repeat":"repeat","background-position":"center center","background-size":"auto","background-attachment":"scroll","background-type":"","background-media":"","overlay-type":"","overlay-color":"","overlay-opacity":"","overlay-gradient":""},"mobile":{"background-color":"var(--ast-global-color-5)","background-image":"","background-repeat":"repeat","background-position":"center center","background-size":"auto","background-attachment":"scroll","background-type":"","background-media":"","overlay-type":"","overlay-color":"","overlay-opacity":"","overlay-gradient":""}}},"product_brand":[],"product_cat":[45],"product_tag":[],"class_list":{"0":"post-2578","1":"product","2":"type-product","3":"status-publish","4":"has-post-thumbnail","6":"product_cat-libros","7":"desktop-align-center","8":"tablet-align-left","9":"mobile-align-left","11":"first","12":"instock","13":"sale","14":"downloadable","15":"virtual","16":"purchasable","17":"product-type-simple"},"uagb_featured_image_src":{"full":["https:\/\/create2donate.org\/wp-content\/uploads\/2024\/12\/Capture-decran-2024-12-09-a-19.46.14.png",819,644,false],"thumbnail":["https:\/\/create2donate.org\/wp-content\/uploads\/2024\/12\/Capture-decran-2024-12-09-a-19.46.14-150x150.png",150,150,true],"medium":["https:\/\/create2donate.org\/wp-content\/uploads\/2024\/12\/Capture-decran-2024-12-09-a-19.46.14-300x236.png",300,236,true],"medium_large":["https:\/\/create2donate.org\/wp-content\/uploads\/2024\/12\/Capture-decran-2024-12-09-a-19.46.14-768x604.png",768,604,true],"large":["https:\/\/create2donate.org\/wp-content\/uploads\/2024\/12\/Capture-decran-2024-12-09-a-19.46.14.png",819,644,false],"1536x1536":["https:\/\/create2donate.org\/wp-content\/uploads\/2024\/12\/Capture-decran-2024-12-09-a-19.46.14.png",819,644,false],"2048x2048":["https:\/\/create2donate.org\/wp-content\/uploads\/2024\/12\/Capture-decran-2024-12-09-a-19.46.14.png",819,644,false],"woocommerce_thumbnail":["https:\/\/create2donate.org\/wp-content\/uploads\/2024\/12\/Capture-decran-2024-12-09-a-19.46.14-300x400.png",300,400,true],"woocommerce_single":["https:\/\/create2donate.org\/wp-content\/uploads\/2024\/12\/Capture-decran-2024-12-09-a-19.46.14-600x472.png",600,472,true],"woocommerce_gallery_thumbnail":["https:\/\/create2donate.org\/wp-content\/uploads\/2024\/12\/Capture-decran-2024-12-09-a-19.46.14-100x100.png",100,100,true]},"uagb_author_info":{"display_name":"Carlos","author_link":"https:\/\/create2donate.org\/es\/author\/"},"uagb_comment_info":0,"uagb_excerpt":"La premi\u00e8re action de C2D a \u00e9t\u00e9 de publier et distribuer \u00e0 titre gratuit la premi\u00e8re Serie d\u2019ouvrages pour enfants \u201cAlbatross\u201d sur l\u2019environnement lors de Expo universelle de Shanghai. Ainsi, pr\u00e8s de 75000 des ouvrage publi\u00e9s par C2D ont pu \u00eatre distribu\u00e9s aux enfants dans les \u00e9coles et les communaut\u00e9s locales d\u00e9sh\u00e9rit\u00e9es. Depuis lors, la&hellip;","_links":{"self":[{"href":"https:\/\/create2donate.org\/es\/wp-json\/wp\/v2\/product\/2578","targetHints":{"allow":["GET"]}}],"collection":[{"href":"https:\/\/create2donate.org\/es\/wp-json\/wp\/v2\/product"}],"about":[{"href":"https:\/\/create2donate.org\/es\/wp-json\/wp\/v2\/types\/product"}],"wp:featuredmedia":[{"embeddable":true,"href":"https:\/\/create2donate.org\/es\/wp-json\/wp\/v2\/media\/2232"}],"wp:attachment":[{"href":"https:\/\/create2donate.org\/es\/wp-json\/wp\/v2\/media?parent=2578"}],"wp:term":[{"taxonomy":"product_brand","embeddable":true,"href":"https:\/\/create2donate.org\/es\/wp-json\/wp\/v2\/product_brand?post=2578"},{"taxonomy":"product_cat","embeddable":true,"href":"https:\/\/create2donate.org\/es\/wp-json\/wp\/v2\/product_cat?post=2578"},{"taxonomy":"product_tag","embeddable":true,"href":"https:\/\/create2donate.org\/es\/wp-json\/wp\/v2\/product_tag?post=2578"}],"curies":[{"name":"wp","href":"https:\/\/api.w.org\/{rel}","templated":true}]}}