{"id":2311,"date":"2022-06-20T15:33:58","date_gmt":"2022-06-20T13:33:58","guid":{"rendered":"https:\/\/create2donate.org\/boutique\/serie-jaune-por-patricia-dubien\/"},"modified":"2022-06-20T15:33:58","modified_gmt":"2022-06-20T13:33:58","slug":"serie-jaune-por-patricia-dubien","status":"publish","type":"product","link":"https:\/\/create2donate.org\/es\/boutique\/serie-jaune-por-patricia-dubien\/","title":{"rendered":"S\u00e9rie Jaune &#8211; por Patricia Dubien"},"content":{"rendered":"<h2>Artista : Patricia Dubien<\/h2>\n<p><img loading=\"lazy\" decoding=\"async\" class=\"size-full wp-image-1351 alignleft\" src=\"https:\/\/create2donate.org\/wp-content\/uploads\/2022\/06\/Patricia-Dubien.jpg\" alt=\"\" width=\"298\" height=\"387\" srcset=\"https:\/\/create2donate.org\/wp-content\/uploads\/2022\/06\/Patricia-Dubien.jpg 298w, https:\/\/create2donate.org\/wp-content\/uploads\/2022\/06\/Patricia-Dubien-231x300.jpg 231w\" sizes=\"auto, (max-width: 298px) 100vw, 298px\" \/>Formada en la Escuela de Bellas Artes de Saint Etienne, la artista Patricia Dubien particip\u00f3 en la Exposici\u00f3n Universal de Shanghai de 2010. Posteriormente ha realizado varias exposiciones temporales en la Galer\u00eda Jacques L\u00e9vy de Par\u00eds, as\u00ed como en la Casa de la Cultura de Le Corbusier. Constantemente implicada en obras de caridad, participa en la creaci\u00f3n de tarjetas de Amnist\u00eda Internacional. Adem\u00e1s de su reconocido talento como pintora, Patricia tambi\u00e9n es fot\u00f3grafa e imparte clases en la Escuela Nacional Superior de Arquitectura de Saint-Etienne (ENASE). Sitio web: <a href=\"http:\/\/www.patriciadubien.com\" target=\"_blank\" rel=\"noopener\">www.patriciadubien.com<\/a><\/p>\n<p>&nbsp;<\/p>\n<p>&nbsp;<\/p>\n<p>Texto de Bernard Point :<\/p>\n<p><span style=\"font-size: 16px;\">\u00abDespu\u00e9s de todo, \u00bfqu\u00e9 soy yo delante de los cuadros de Patricia Dubien?<\/span><\/p>\n<p>Un cuestionamiento de su infinitud, un v\u00e9rtigo de su horizonte, un t\u00e9rmino medio entre el cielo y la tierra. Infinitamente lejos de comprender las llanuras, los l\u00edmites del espacio y sus principios est\u00e1n para m\u00ed invenciblemente ocultos en un secreto dif\u00edcil de penetrar, igualmente incapaz de ver la nada de un paisaje infinito donde persisto en interrogarme. As\u00ed que, al principio, todo lo que veo ante m\u00ed son paisajes llanos recortados por setos que se extienden hasta el horizonte. Cuando leo m\u00e1s detenidamente los t\u00edtulos de las obras, descubro los colores dominantes evidentes: azul, amarillo, marr\u00f3n, etc. A veces las etiquetas son apenas m\u00e1s locuaces, dando detalles igualmente sumarios: azul marino, verde lima&#8230; Sin embargo, es a partir de los t\u00edtulos de estos enunciados b\u00e1sicos cuando tomo conciencia de la infinitud de estas im\u00e1genes, concentrada en la radical finitud de la pintura. Frente a m\u00ed, un \u00f3leo monocromo plano ocupa a menudo la mitad inferior del lienzo, que nombra afirmando la fuerza infinita de su presencia. En posici\u00f3n frontal ante la muralidad pict\u00f3rica de una construcci\u00f3n que soporta otros elementos de colores contrastados apilados sobre la base. El peso de estos colores de mamposter\u00eda a menudo hace chirriar los acordes tonales, invirtiendo las ilusiones de distancia. Por ejemplo, un primer plano de color fr\u00edo est\u00e1 rematado por una banda de color sorprendentemente c\u00e1lida, que crea perspectiva al reafirmar la verticalidad del cuadro. Patricia tambi\u00e9n corta por lo sano rezumando l\u00edneas aleatorias de tinta china negra entre estos fondos de color s\u00f3lido. La pintura al \u00f3leo, espesa y opaca, parece partirse, revelando la liquidez de las heridas horizontales. El acabado de las formas pintadas se desgarra en la infinidad de oscuras profundidades. Estas l\u00edneas fracturadas y rotas ya no me hacen creer en alineaciones de \u00e1rboles y setos, sino que perforan el cuadro con intersticios de una profunda infinitud. [&#8230;] \u00ab. <\/p>\n","protected":false},"excerpt":{"rendered":"<p>La serie amarilla se inspira en los horizontes de las monta\u00f1as que se elevan sobre la llanura de Forez, mellados por las rocas circundantes. Los cuadros presentan un contraste de colores inspirado en los campos y los cielos. Dimensiones: 38x45cm (cada cuadro) Peso: 800g (cada cuadro) Fecha: 2006 T\u00e9cnica: \u00f3leo sobre papel montado sobre madera Precio: 4800\u20ac (los 4 cuadros) Posibilidad de adquirir cada cuadro individualmente a un precio de 1200\u20ac por cuadro. <\/p>\n","protected":false},"featured_media":2030,"template":"","meta":{"_uag_custom_page_level_css":"","site-sidebar-layout":"default","site-content-layout":"default","ast-site-content-layout":"default","site-content-style":"default","site-sidebar-style":"default","ast-global-header-display":"","ast-banner-title-visibility":"","ast-main-header-display":"","ast-hfb-above-header-display":"","ast-hfb-below-header-display":"","ast-hfb-mobile-header-display":"","site-post-title":"","ast-breadcrumbs-content":"","ast-featured-img":"","footer-sml-layout":"","ast-disable-related-posts":"","theme-transparent-header-meta":"default","adv-header-id-meta":"","stick-header-meta":"","header-above-stick-meta":"","header-main-stick-meta":"","header-below-stick-meta":"","astra-migrate-meta-layouts":"default","ast-page-background-enabled":"default","ast-page-background-meta":{"desktop":{"background-color":"var(--ast-global-color-4)","background-image":"","background-repeat":"repeat","background-position":"center center","background-size":"auto","background-attachment":"scroll","background-type":"","background-media":"","overlay-type":"","overlay-color":"","overlay-opacity":"","overlay-gradient":""},"tablet":{"background-color":"","background-image":"","background-repeat":"repeat","background-position":"center center","background-size":"auto","background-attachment":"scroll","background-type":"","background-media":"","overlay-type":"","overlay-color":"","overlay-opacity":"","overlay-gradient":""},"mobile":{"background-color":"","background-image":"","background-repeat":"repeat","background-position":"center center","background-size":"auto","background-attachment":"scroll","background-type":"","background-media":"","overlay-type":"","overlay-color":"","overlay-opacity":"","overlay-gradient":""}},"ast-content-background-meta":{"desktop":{"background-color":"var(--ast-global-color-5)","background-image":"","background-repeat":"repeat","background-position":"center center","background-size":"auto","background-attachment":"scroll","background-type":"","background-media":"","overlay-type":"","overlay-color":"","overlay-opacity":"","overlay-gradient":""},"tablet":{"background-color":"var(--ast-global-color-5)","background-image":"","background-repeat":"repeat","background-position":"center center","background-size":"auto","background-attachment":"scroll","background-type":"","background-media":"","overlay-type":"","overlay-color":"","overlay-opacity":"","overlay-gradient":""},"mobile":{"background-color":"var(--ast-global-color-5)","background-image":"","background-repeat":"repeat","background-position":"center center","background-size":"auto","background-attachment":"scroll","background-type":"","background-media":"","overlay-type":"","overlay-color":"","overlay-opacity":"","overlay-gradient":""}}},"product_brand":[],"product_cat":[46,47],"product_tag":[],"class_list":{"0":"post-2311","1":"product","2":"type-product","3":"status-publish","4":"has-post-thumbnail","6":"product_cat-obras-de-arte","7":"product_cat-tablas","8":"desktop-align-center","9":"tablet-align-left","10":"mobile-align-left","12":"first","13":"instock","14":"sold-individually","15":"shipping-taxable","16":"purchasable","17":"product-type-simple"},"uagb_featured_image_src":{"full":["https:\/\/create2donate.org\/wp-content\/uploads\/2022\/06\/Serie-jaune.jpg",1305,855,false],"thumbnail":["https:\/\/create2donate.org\/wp-content\/uploads\/2022\/06\/Serie-jaune-150x150.jpg",150,150,true],"medium":["https:\/\/create2donate.org\/wp-content\/uploads\/2022\/06\/Serie-jaune-300x197.jpg",300,197,true],"medium_large":["https:\/\/create2donate.org\/wp-content\/uploads\/2022\/06\/Serie-jaune-768x503.jpg",768,503,true],"large":["https:\/\/create2donate.org\/wp-content\/uploads\/2022\/06\/Serie-jaune-1024x671.jpg",1024,671,true],"1536x1536":["https:\/\/create2donate.org\/wp-content\/uploads\/2022\/06\/Serie-jaune.jpg",1305,855,false],"2048x2048":["https:\/\/create2donate.org\/wp-content\/uploads\/2022\/06\/Serie-jaune.jpg",1305,855,false],"woocommerce_thumbnail":["https:\/\/create2donate.org\/wp-content\/uploads\/2022\/06\/Serie-jaune-300x400.jpg",300,400,true],"woocommerce_single":["https:\/\/create2donate.org\/wp-content\/uploads\/2022\/06\/Serie-jaune-600x393.jpg",600,393,true],"woocommerce_gallery_thumbnail":["https:\/\/create2donate.org\/wp-content\/uploads\/2022\/06\/Serie-jaune-100x100.jpg",100,100,true]},"uagb_author_info":{"display_name":"C2donateGhislaine","author_link":"https:\/\/create2donate.org\/es\/author\/"},"uagb_comment_info":0,"uagb_excerpt":"La serie amarilla se inspira en los horizontes de las monta\u00f1as que se elevan sobre la llanura de Forez, mellados por las rocas circundantes. Los cuadros presentan un contraste de colores inspirado en los campos y los cielos. Dimensiones: 38x45cm (cada cuadro) Peso: 800g (cada cuadro) Fecha: 2006 T\u00e9cnica: \u00f3leo sobre papel montado sobre madera&hellip;","_links":{"self":[{"href":"https:\/\/create2donate.org\/es\/wp-json\/wp\/v2\/product\/2311","targetHints":{"allow":["GET"]}}],"collection":[{"href":"https:\/\/create2donate.org\/es\/wp-json\/wp\/v2\/product"}],"about":[{"href":"https:\/\/create2donate.org\/es\/wp-json\/wp\/v2\/types\/product"}],"wp:featuredmedia":[{"embeddable":true,"href":"https:\/\/create2donate.org\/es\/wp-json\/wp\/v2\/media\/2030"}],"wp:attachment":[{"href":"https:\/\/create2donate.org\/es\/wp-json\/wp\/v2\/media?parent=2311"}],"wp:term":[{"taxonomy":"product_brand","embeddable":true,"href":"https:\/\/create2donate.org\/es\/wp-json\/wp\/v2\/product_brand?post=2311"},{"taxonomy":"product_cat","embeddable":true,"href":"https:\/\/create2donate.org\/es\/wp-json\/wp\/v2\/product_cat?post=2311"},{"taxonomy":"product_tag","embeddable":true,"href":"https:\/\/create2donate.org\/es\/wp-json\/wp\/v2\/product_tag?post=2311"}],"curies":[{"name":"wp","href":"https:\/\/api.w.org\/{rel}","templated":true}]}}