{"id":2307,"date":"2022-06-20T15:43:40","date_gmt":"2022-06-20T13:43:40","guid":{"rendered":"https:\/\/create2donate.org\/boutique\/d98-serie-amarilla-por-patricia-dubien\/"},"modified":"2022-06-20T15:43:40","modified_gmt":"2022-06-20T13:43:40","slug":"d98-serie-amarilla-por-patricia-dubien","status":"publish","type":"product","link":"https:\/\/create2donate.org\/es\/boutique\/d98-serie-amarilla-por-patricia-dubien\/","title":{"rendered":"D98 &#8211; Serie Amarilla &#8211; por Patricia Dubien"},"content":{"rendered":"<h2>Artista : Patricia Dubien<\/h2>\n<p><img loading=\"lazy\" decoding=\"async\" class=\"alignnone size-full wp-image-1351\" src=\"https:\/\/create2donate.org\/wp-content\/uploads\/2022\/06\/Patricia-Dubien.jpg\" alt=\"\" width=\"298\" height=\"387\" srcset=\"https:\/\/create2donate.org\/wp-content\/uploads\/2022\/06\/Patricia-Dubien.jpg 298w, https:\/\/create2donate.org\/wp-content\/uploads\/2022\/06\/Patricia-Dubien-231x300.jpg 231w\" sizes=\"auto, (max-width: 298px) 100vw, 298px\" \/><\/p>\n<p>Formada en la Escuela de Bellas Artes de Saint Etienne, la artista Patricia Dubien particip\u00f3 en la Exposici\u00f3n Universal de Shanghai de 2010. Posteriormente ha realizado varias exposiciones temporales en la Galer\u00eda Jacques L\u00e9vy de Par\u00eds, as\u00ed como en la Casa de la Cultura de Le Corbusier.<br \/>\nConstantemente implicada en obras ben\u00e9ficas, participa en la creaci\u00f3n de tarjetas de Amnist\u00eda Internacional. Adem\u00e1s de su reconocido talento como pintora, Patricia tambi\u00e9n es fot\u00f3grafa y da clases en la Escuela Nacional Superior de Arquitectura de Saint-Etienne (ENASE). Sitio web:<a href=\"http:\/\/www.patriciadubien.com\" target=\"_blank\" rel=\"noopener\">www.patriciadubien.com<\/a>  <\/p>\n","protected":false},"excerpt":{"rendered":"<p>D98 forma parte de la<a href=\"https:\/\/create2donate.org\/boutique\/serie-jaune-patricia-dubien\/\" target=\"_blank\" rel=\"noopener\">\u00abSerie Amarilla<\/a>\u00bb de 4 cuadros. La serie amarilla se inspira en los horizontes de las monta\u00f1as que se elevan sobre la llanura de Forez, bordeados por las rocas circundantes. Los cuadros presentan un contraste de colores inspirado en los campos y los cielos. Dimensiones: 38x45cm Peso: 800 g Fecha: 2006 T\u00e9cnica: \u00f3leo sobre papel montado sobre madera Precio: 1.200 euros (el cuadro)<\/p>\n","protected":false},"featured_media":2018,"template":"","meta":{"_uag_custom_page_level_css":"","site-sidebar-layout":"default","site-content-layout":"default","ast-site-content-layout":"default","site-content-style":"default","site-sidebar-style":"default","ast-global-header-display":"","ast-banner-title-visibility":"","ast-main-header-display":"","ast-hfb-above-header-display":"","ast-hfb-below-header-display":"","ast-hfb-mobile-header-display":"","site-post-title":"","ast-breadcrumbs-content":"","ast-featured-img":"","footer-sml-layout":"","ast-disable-related-posts":"","theme-transparent-header-meta":"default","adv-header-id-meta":"","stick-header-meta":"","header-above-stick-meta":"","header-main-stick-meta":"","header-below-stick-meta":"","astra-migrate-meta-layouts":"default","ast-page-background-enabled":"default","ast-page-background-meta":{"desktop":{"background-color":"var(--ast-global-color-4)","background-image":"","background-repeat":"repeat","background-position":"center center","background-size":"auto","background-attachment":"scroll","background-type":"","background-media":"","overlay-type":"","overlay-color":"","overlay-opacity":"","overlay-gradient":""},"tablet":{"background-color":"","background-image":"","background-repeat":"repeat","background-position":"center center","background-size":"auto","background-attachment":"scroll","background-type":"","background-media":"","overlay-type":"","overlay-color":"","overlay-opacity":"","overlay-gradient":""},"mobile":{"background-color":"","background-image":"","background-repeat":"repeat","background-position":"center center","background-size":"auto","background-attachment":"scroll","background-type":"","background-media":"","overlay-type":"","overlay-color":"","overlay-opacity":"","overlay-gradient":""}},"ast-content-background-meta":{"desktop":{"background-color":"var(--ast-global-color-5)","background-image":"","background-repeat":"repeat","background-position":"center center","background-size":"auto","background-attachment":"scroll","background-type":"","background-media":"","overlay-type":"","overlay-color":"","overlay-opacity":"","overlay-gradient":""},"tablet":{"background-color":"var(--ast-global-color-5)","background-image":"","background-repeat":"repeat","background-position":"center center","background-size":"auto","background-attachment":"scroll","background-type":"","background-media":"","overlay-type":"","overlay-color":"","overlay-opacity":"","overlay-gradient":""},"mobile":{"background-color":"var(--ast-global-color-5)","background-image":"","background-repeat":"repeat","background-position":"center center","background-size":"auto","background-attachment":"scroll","background-type":"","background-media":"","overlay-type":"","overlay-color":"","overlay-opacity":"","overlay-gradient":""}}},"product_brand":[],"product_cat":[46,47],"product_tag":[],"class_list":{"0":"post-2307","1":"product","2":"type-product","3":"status-publish","4":"has-post-thumbnail","6":"product_cat-obras-de-arte","7":"product_cat-tablas","8":"desktop-align-center","9":"tablet-align-left","10":"mobile-align-left","12":"first","13":"instock","14":"sold-individually","15":"shipping-taxable","16":"purchasable","17":"product-type-simple"},"uagb_featured_image_src":{"full":["https:\/\/create2donate.org\/wp-content\/uploads\/2022\/06\/D98.jpg",1310,1746,false],"thumbnail":["https:\/\/create2donate.org\/wp-content\/uploads\/2022\/06\/D98-150x150.jpg",150,150,true],"medium":["https:\/\/create2donate.org\/wp-content\/uploads\/2022\/06\/D98-225x300.jpg",225,300,true],"medium_large":["https:\/\/create2donate.org\/wp-content\/uploads\/2022\/06\/D98-768x1024.jpg",768,1024,true],"large":["https:\/\/create2donate.org\/wp-content\/uploads\/2022\/06\/D98-768x1024.jpg",768,1024,true],"1536x1536":["https:\/\/create2donate.org\/wp-content\/uploads\/2022\/06\/D98-1152x1536.jpg",1152,1536,true],"2048x2048":["https:\/\/create2donate.org\/wp-content\/uploads\/2022\/06\/D98.jpg",1310,1746,false],"woocommerce_thumbnail":["https:\/\/create2donate.org\/wp-content\/uploads\/2022\/06\/D98-300x400.jpg",300,400,true],"woocommerce_single":["https:\/\/create2donate.org\/wp-content\/uploads\/2022\/06\/D98-600x800.jpg",600,800,true],"woocommerce_gallery_thumbnail":["https:\/\/create2donate.org\/wp-content\/uploads\/2022\/06\/D98-100x100.jpg",100,100,true]},"uagb_author_info":{"display_name":"C2donateGhislaine","author_link":"https:\/\/create2donate.org\/es\/author\/"},"uagb_comment_info":0,"uagb_excerpt":"D98 forma parte de la\"Serie Amarilla\" de 4 cuadros. La serie amarilla se inspira en los horizontes de las monta\u00f1as que se elevan sobre la llanura de Forez, bordeados por las rocas circundantes. Los cuadros presentan un contraste de colores inspirado en los campos y los cielos. Dimensiones: 38x45cm Peso: 800 g Fecha: 2006 T\u00e9cnica:&hellip;","_links":{"self":[{"href":"https:\/\/create2donate.org\/es\/wp-json\/wp\/v2\/product\/2307","targetHints":{"allow":["GET"]}}],"collection":[{"href":"https:\/\/create2donate.org\/es\/wp-json\/wp\/v2\/product"}],"about":[{"href":"https:\/\/create2donate.org\/es\/wp-json\/wp\/v2\/types\/product"}],"wp:featuredmedia":[{"embeddable":true,"href":"https:\/\/create2donate.org\/es\/wp-json\/wp\/v2\/media\/2018"}],"wp:attachment":[{"href":"https:\/\/create2donate.org\/es\/wp-json\/wp\/v2\/media?parent=2307"}],"wp:term":[{"taxonomy":"product_brand","embeddable":true,"href":"https:\/\/create2donate.org\/es\/wp-json\/wp\/v2\/product_brand?post=2307"},{"taxonomy":"product_cat","embeddable":true,"href":"https:\/\/create2donate.org\/es\/wp-json\/wp\/v2\/product_cat?post=2307"},{"taxonomy":"product_tag","embeddable":true,"href":"https:\/\/create2donate.org\/es\/wp-json\/wp\/v2\/product_tag?post=2307"}],"curies":[{"name":"wp","href":"https:\/\/api.w.org\/{rel}","templated":true}]}}