{"id":2299,"date":"2022-06-20T16:34:24","date_gmt":"2022-06-20T14:34:24","guid":{"rendered":"https:\/\/create2donate.org\/boutique\/noche-felina-silenciosa-por-judy-hong\/"},"modified":"2022-06-20T16:34:24","modified_gmt":"2022-06-20T14:34:24","slug":"noche-felina-silenciosa-por-judy-hong","status":"publish","type":"product","link":"https:\/\/create2donate.org\/es\/boutique\/noche-felina-silenciosa-por-judy-hong\/","title":{"rendered":"Noche Felina Silenciosa &#8211; por Judy Hong"},"content":{"rendered":"<h2>Artista : Judy Hong<\/h2>\n<p><img loading=\"lazy\" decoding=\"async\" class=\"alignnone size-medium wp-image-1322\" src=\"https:\/\/create2donate.org\/wp-content\/uploads\/2022\/05\/judy-hong-3-300x297.jpg\" alt=\"\" width=\"300\" height=\"297\" srcset=\"https:\/\/create2donate.org\/wp-content\/uploads\/2022\/05\/judy-hong-3-300x297.jpg 300w, https:\/\/create2donate.org\/wp-content\/uploads\/2022\/05\/judy-hong-3-150x150.jpg 150w, https:\/\/create2donate.org\/wp-content\/uploads\/2022\/05\/judy-hong-3-768x760.jpg 768w, https:\/\/create2donate.org\/wp-content\/uploads\/2022\/05\/judy-hong-3-600x594.jpg 600w, https:\/\/create2donate.org\/wp-content\/uploads\/2022\/05\/judy-hong-3-100x100.jpg 100w, https:\/\/create2donate.org\/wp-content\/uploads\/2022\/05\/judy-hong-3.jpg 960w\" sizes=\"auto, (max-width: 300px) 100vw, 300px\" \/><\/p>\n<p>Nacida en Pek\u00edn en 1973 en el seno de una familia de la dinast\u00eda Qing, Judy Hong aprendi\u00f3 caligraf\u00eda y pintura chinas de su abuelo, un maestro de este arte. A trav\u00e9s de la caligraf\u00eda y la pintura abstracta, esta artista utiliza diversas t\u00e9cnicas, transmitiendo una sensaci\u00f3n de fuerza y dulzura, originalidad y sabidur\u00eda. Judy Hong desea perpetuar los valores art\u00edsticos de su pa\u00eds natal, donde la armon\u00eda nace del encuentro entre tradici\u00f3n y modernidad.<\/p>\n","protected":false},"excerpt":{"rendered":"<p>T\u00e9cnica: \u00d3leo y pintura acr\u00edlica Dimensiones: 25\u00d730 cm Peso: 500g<\/p>\n","protected":false},"featured_media":2046,"template":"","meta":{"_uag_custom_page_level_css":"","site-sidebar-layout":"default","site-content-layout":"default","ast-site-content-layout":"default","site-content-style":"default","site-sidebar-style":"default","ast-global-header-display":"","ast-banner-title-visibility":"","ast-main-header-display":"","ast-hfb-above-header-display":"","ast-hfb-below-header-display":"","ast-hfb-mobile-header-display":"","site-post-title":"","ast-breadcrumbs-content":"","ast-featured-img":"","footer-sml-layout":"","ast-disable-related-posts":"","theme-transparent-header-meta":"default","adv-header-id-meta":"","stick-header-meta":"","header-above-stick-meta":"","header-main-stick-meta":"","header-below-stick-meta":"","astra-migrate-meta-layouts":"default","ast-page-background-enabled":"default","ast-page-background-meta":{"desktop":{"background-color":"var(--ast-global-color-4)","background-image":"","background-repeat":"repeat","background-position":"center center","background-size":"auto","background-attachment":"scroll","background-type":"","background-media":"","overlay-type":"","overlay-color":"","overlay-opacity":"","overlay-gradient":""},"tablet":{"background-color":"","background-image":"","background-repeat":"repeat","background-position":"center center","background-size":"auto","background-attachment":"scroll","background-type":"","background-media":"","overlay-type":"","overlay-color":"","overlay-opacity":"","overlay-gradient":""},"mobile":{"background-color":"","background-image":"","background-repeat":"repeat","background-position":"center center","background-size":"auto","background-attachment":"scroll","background-type":"","background-media":"","overlay-type":"","overlay-color":"","overlay-opacity":"","overlay-gradient":""}},"ast-content-background-meta":{"desktop":{"background-color":"var(--ast-global-color-5)","background-image":"","background-repeat":"repeat","background-position":"center center","background-size":"auto","background-attachment":"scroll","background-type":"","background-media":"","overlay-type":"","overlay-color":"","overlay-opacity":"","overlay-gradient":""},"tablet":{"background-color":"var(--ast-global-color-5)","background-image":"","background-repeat":"repeat","background-position":"center center","background-size":"auto","background-attachment":"scroll","background-type":"","background-media":"","overlay-type":"","overlay-color":"","overlay-opacity":"","overlay-gradient":""},"mobile":{"background-color":"var(--ast-global-color-5)","background-image":"","background-repeat":"repeat","background-position":"center center","background-size":"auto","background-attachment":"scroll","background-type":"","background-media":"","overlay-type":"","overlay-color":"","overlay-opacity":"","overlay-gradient":""}}},"product_brand":[],"product_cat":[46,47],"product_tag":[],"class_list":{"0":"post-2299","1":"product","2":"type-product","3":"status-publish","4":"has-post-thumbnail","6":"product_cat-obras-de-arte","7":"product_cat-tablas","8":"desktop-align-center","9":"tablet-align-left","10":"mobile-align-left","12":"first","13":"instock","14":"sold-individually","15":"shipping-taxable","16":"purchasable","17":"product-type-simple"},"uagb_featured_image_src":{"full":["https:\/\/create2donate.org\/wp-content\/uploads\/2022\/06\/Douce-nuit-fe\u0301line1.jpg",1289,1043,false],"thumbnail":["https:\/\/create2donate.org\/wp-content\/uploads\/2022\/06\/Douce-nuit-fe\u0301line1-150x150.jpg",150,150,true],"medium":["https:\/\/create2donate.org\/wp-content\/uploads\/2022\/06\/Douce-nuit-fe\u0301line1-300x243.jpg",300,243,true],"medium_large":["https:\/\/create2donate.org\/wp-content\/uploads\/2022\/06\/Douce-nuit-fe\u0301line1-768x621.jpg",768,621,true],"large":["https:\/\/create2donate.org\/wp-content\/uploads\/2022\/06\/Douce-nuit-fe\u0301line1-1024x829.jpg",1024,829,true],"1536x1536":["https:\/\/create2donate.org\/wp-content\/uploads\/2022\/06\/Douce-nuit-fe\u0301line1.jpg",1289,1043,false],"2048x2048":["https:\/\/create2donate.org\/wp-content\/uploads\/2022\/06\/Douce-nuit-fe\u0301line1.jpg",1289,1043,false],"woocommerce_thumbnail":["https:\/\/create2donate.org\/wp-content\/uploads\/2022\/06\/Douce-nuit-fe\u0301line1-300x400.jpg",300,400,true],"woocommerce_single":["https:\/\/create2donate.org\/wp-content\/uploads\/2022\/06\/Douce-nuit-fe\u0301line1-600x485.jpg",600,485,true],"woocommerce_gallery_thumbnail":["https:\/\/create2donate.org\/wp-content\/uploads\/2022\/06\/Douce-nuit-fe\u0301line1-100x100.jpg",100,100,true]},"uagb_author_info":{"display_name":"C2donateGhislaine","author_link":"https:\/\/create2donate.org\/es\/author\/"},"uagb_comment_info":0,"uagb_excerpt":"T\u00e9cnica: \u00d3leo y pintura acr\u00edlica Dimensiones: 25\u00d730 cm Peso: 500g","_links":{"self":[{"href":"https:\/\/create2donate.org\/es\/wp-json\/wp\/v2\/product\/2299","targetHints":{"allow":["GET"]}}],"collection":[{"href":"https:\/\/create2donate.org\/es\/wp-json\/wp\/v2\/product"}],"about":[{"href":"https:\/\/create2donate.org\/es\/wp-json\/wp\/v2\/types\/product"}],"wp:featuredmedia":[{"embeddable":true,"href":"https:\/\/create2donate.org\/es\/wp-json\/wp\/v2\/media\/2046"}],"wp:attachment":[{"href":"https:\/\/create2donate.org\/es\/wp-json\/wp\/v2\/media?parent=2299"}],"wp:term":[{"taxonomy":"product_brand","embeddable":true,"href":"https:\/\/create2donate.org\/es\/wp-json\/wp\/v2\/product_brand?post=2299"},{"taxonomy":"product_cat","embeddable":true,"href":"https:\/\/create2donate.org\/es\/wp-json\/wp\/v2\/product_cat?post=2299"},{"taxonomy":"product_tag","embeddable":true,"href":"https:\/\/create2donate.org\/es\/wp-json\/wp\/v2\/product_tag?post=2299"}],"curies":[{"name":"wp","href":"https:\/\/api.w.org\/{rel}","templated":true}]}}