{"id":2287,"date":"2022-06-20T17:13:06","date_gmt":"2022-06-20T15:13:06","guid":{"rendered":"https:\/\/create2donate.org\/boutique\/ser-y-no-ser-en-ucrania-1-por-gaetane-dipiazza\/"},"modified":"2022-06-20T17:13:06","modified_gmt":"2022-06-20T15:13:06","slug":"ser-y-no-ser-en-ucrania-1-por-gaetane-dipiazza","status":"publish","type":"product","link":"https:\/\/create2donate.org\/es\/boutique\/ser-y-no-ser-en-ucrania-1-por-gaetane-dipiazza\/","title":{"rendered":"Ser y no ser en Ucrania 1 &#8211; por Ga\u00e9tane Di&#8217;Piazza"},"content":{"rendered":"<h2><img loading=\"lazy\" decoding=\"async\" class=\"size-full wp-image-1383 alignleft\" src=\"https:\/\/create2donate.org\/wp-content\/uploads\/2022\/06\/Gaetane.jpg\" alt=\"\" width=\"190\" height=\"505\" srcset=\"https:\/\/create2donate.org\/wp-content\/uploads\/2022\/06\/Gaetane.jpg 190w, https:\/\/create2donate.org\/wp-content\/uploads\/2022\/06\/Gaetane-113x300.jpg 113w\" sizes=\"auto, (max-width: 190px) 100vw, 190px\" \/>Artista : Ga\u00e9tane Di&#8217;Piazza<\/h2>\n<p>Pintora y decoradora, Ga\u00e9tane Di&#8217;Piazza se form\u00f3 como decoradora y dise\u00f1adora, as\u00ed como en arteterapia para la expresi\u00f3n espont\u00e1nea.<\/p>\n<p>Este artista trabaja principalmente sobre lienzo de lino utilizando acr\u00edlicos.<\/p>\n<p>Al mismo tiempo, pint\u00f3 bustos de maniqu\u00edes transformados en l\u00e1mparas, como parte de un conjunto decorativo llamado \u00abEsprit Baroque\u00bb.<\/p>\n<p>Nos dej\u00f3 prematuramente en mayo de 2022.<\/p>\n<p>&nbsp;<\/p>\n<p>&nbsp;<\/p>\n<p>&nbsp;<\/p>\n<p>&nbsp;<\/p>\n<p>&nbsp;<\/p>\n<p>&nbsp;<\/p>\n","protected":false},"excerpt":{"rendered":"<p>T\u00e9cnica: Acr\u00edlico<span style=\"font-size: 16px;\">Dimensiones: 50\u00d740 cm<\/span> Peso: 500 g Este lienzo puede adquirirse junto con el segundo lienzo de la serie:<a href=\"https:\/\/create2donate.org\/boutique\/etre-et-mal-etre-de-lukraine-2-gaetane-dipiazza\/\">\u00ab\u00catre et Mal \u00catre de l&#8217;Ukraine 2\u00bb (Ser y Mal Estar en Ucrania 2).<\/a><\/p>\n<p>&nbsp;<\/p>\n","protected":false},"featured_media":2064,"template":"","meta":{"_uag_custom_page_level_css":"","site-sidebar-layout":"default","site-content-layout":"default","ast-site-content-layout":"default","site-content-style":"default","site-sidebar-style":"default","ast-global-header-display":"","ast-banner-title-visibility":"","ast-main-header-display":"","ast-hfb-above-header-display":"","ast-hfb-below-header-display":"","ast-hfb-mobile-header-display":"","site-post-title":"","ast-breadcrumbs-content":"","ast-featured-img":"","footer-sml-layout":"","ast-disable-related-posts":"","theme-transparent-header-meta":"default","adv-header-id-meta":"","stick-header-meta":"","header-above-stick-meta":"","header-main-stick-meta":"","header-below-stick-meta":"","astra-migrate-meta-layouts":"default","ast-page-background-enabled":"default","ast-page-background-meta":{"desktop":{"background-color":"var(--ast-global-color-4)","background-image":"","background-repeat":"repeat","background-position":"center center","background-size":"auto","background-attachment":"scroll","background-type":"","background-media":"","overlay-type":"","overlay-color":"","overlay-opacity":"","overlay-gradient":""},"tablet":{"background-color":"","background-image":"","background-repeat":"repeat","background-position":"center center","background-size":"auto","background-attachment":"scroll","background-type":"","background-media":"","overlay-type":"","overlay-color":"","overlay-opacity":"","overlay-gradient":""},"mobile":{"background-color":"","background-image":"","background-repeat":"repeat","background-position":"center center","background-size":"auto","background-attachment":"scroll","background-type":"","background-media":"","overlay-type":"","overlay-color":"","overlay-opacity":"","overlay-gradient":""}},"ast-content-background-meta":{"desktop":{"background-color":"var(--ast-global-color-5)","background-image":"","background-repeat":"repeat","background-position":"center center","background-size":"auto","background-attachment":"scroll","background-type":"","background-media":"","overlay-type":"","overlay-color":"","overlay-opacity":"","overlay-gradient":""},"tablet":{"background-color":"var(--ast-global-color-5)","background-image":"","background-repeat":"repeat","background-position":"center center","background-size":"auto","background-attachment":"scroll","background-type":"","background-media":"","overlay-type":"","overlay-color":"","overlay-opacity":"","overlay-gradient":""},"mobile":{"background-color":"var(--ast-global-color-5)","background-image":"","background-repeat":"repeat","background-position":"center center","background-size":"auto","background-attachment":"scroll","background-type":"","background-media":"","overlay-type":"","overlay-color":"","overlay-opacity":"","overlay-gradient":""}}},"product_brand":[],"product_cat":[46,47],"product_tag":[],"class_list":{"0":"post-2287","1":"product","2":"type-product","3":"status-publish","4":"has-post-thumbnail","6":"product_cat-obras-de-arte","7":"product_cat-tablas","8":"desktop-align-center","9":"tablet-align-left","10":"mobile-align-left","12":"first","13":"instock","14":"sold-individually","15":"shipping-taxable","16":"purchasable","17":"product-type-simple"},"uagb_featured_image_src":{"full":["https:\/\/create2donate.org\/wp-content\/uploads\/2022\/06\/Ukraine1.jpg",1546,2015,false],"thumbnail":["https:\/\/create2donate.org\/wp-content\/uploads\/2022\/06\/Ukraine1-150x150.jpg",150,150,true],"medium":["https:\/\/create2donate.org\/wp-content\/uploads\/2022\/06\/Ukraine1-230x300.jpg",230,300,true],"medium_large":["https:\/\/create2donate.org\/wp-content\/uploads\/2022\/06\/Ukraine1-768x1001.jpg",768,1001,true],"large":["https:\/\/create2donate.org\/wp-content\/uploads\/2022\/06\/Ukraine1-786x1024.jpg",786,1024,true],"1536x1536":["https:\/\/create2donate.org\/wp-content\/uploads\/2022\/06\/Ukraine1-1178x1536.jpg",1178,1536,true],"2048x2048":["https:\/\/create2donate.org\/wp-content\/uploads\/2022\/06\/Ukraine1.jpg",1546,2015,false],"woocommerce_thumbnail":["https:\/\/create2donate.org\/wp-content\/uploads\/2022\/06\/Ukraine1-300x400.jpg",300,400,true],"woocommerce_single":["https:\/\/create2donate.org\/wp-content\/uploads\/2022\/06\/Ukraine1-600x782.jpg",600,782,true],"woocommerce_gallery_thumbnail":["https:\/\/create2donate.org\/wp-content\/uploads\/2022\/06\/Ukraine1-100x100.jpg",100,100,true]},"uagb_author_info":{"display_name":"C2donateGhislaine","author_link":"https:\/\/create2donate.org\/es\/author\/"},"uagb_comment_info":0,"uagb_excerpt":"T\u00e9cnica: Acr\u00edlicoDimensiones: 50\u00d740 cm Peso: 500 g Este lienzo puede adquirirse junto con el segundo lienzo de la serie:\"\u00catre et Mal \u00catre de l'Ukraine 2\" (Ser y Mal Estar en Ucrania 2). &nbsp;","_links":{"self":[{"href":"https:\/\/create2donate.org\/es\/wp-json\/wp\/v2\/product\/2287","targetHints":{"allow":["GET"]}}],"collection":[{"href":"https:\/\/create2donate.org\/es\/wp-json\/wp\/v2\/product"}],"about":[{"href":"https:\/\/create2donate.org\/es\/wp-json\/wp\/v2\/types\/product"}],"wp:featuredmedia":[{"embeddable":true,"href":"https:\/\/create2donate.org\/es\/wp-json\/wp\/v2\/media\/2064"}],"wp:attachment":[{"href":"https:\/\/create2donate.org\/es\/wp-json\/wp\/v2\/media?parent=2287"}],"wp:term":[{"taxonomy":"product_brand","embeddable":true,"href":"https:\/\/create2donate.org\/es\/wp-json\/wp\/v2\/product_brand?post=2287"},{"taxonomy":"product_cat","embeddable":true,"href":"https:\/\/create2donate.org\/es\/wp-json\/wp\/v2\/product_cat?post=2287"},{"taxonomy":"product_tag","embeddable":true,"href":"https:\/\/create2donate.org\/es\/wp-json\/wp\/v2\/product_tag?post=2287"}],"curies":[{"name":"wp","href":"https:\/\/api.w.org\/{rel}","templated":true}]}}