{"id":2276,"date":"2022-06-20T18:04:22","date_gmt":"2022-06-20T16:04:22","guid":{"rendered":"https:\/\/create2donate.org\/boutique\/planisphere-rosado-por-regis-gauthier\/"},"modified":"2022-06-20T18:04:22","modified_gmt":"2022-06-20T16:04:22","slug":"planisphere-rosado-por-regis-gauthier","status":"publish","type":"product","link":"https:\/\/create2donate.org\/es\/boutique\/planisphere-rosado-por-regis-gauthier\/","title":{"rendered":"Planisph\u00e8re rosado &#8211; por R\u00e9gis Gauthier"},"content":{"rendered":"<h2>Artista : R\u00e9gis Gauthier<\/h2>\n<p>sitio :  <a href=\"https:\/\/atelier-arbrissime-regis-gauthier-ebenisterie.business.site\/\">https:\/\/atelier-arbrissime-regis-gauthier-ebenisterie.business.site\/<\/a><\/p>\n<p>Texto de R\u00e9gis Gauthier :<\/p>\n<p><img loading=\"lazy\" decoding=\"async\" class=\"alignleft wp-image-1394\" src=\"https:\/\/create2donate.org\/wp-content\/uploads\/2022\/06\/Regis.jpg\" alt=\"R\u00e9gis Gauthier\" width=\"399\" height=\"600\" srcset=\"https:\/\/create2donate.org\/wp-content\/uploads\/2022\/06\/Regis.jpg 900w, https:\/\/create2donate.org\/wp-content\/uploads\/2022\/06\/Regis-200x300.jpg 200w, https:\/\/create2donate.org\/wp-content\/uploads\/2022\/06\/Regis-682x1024.jpg 682w, https:\/\/create2donate.org\/wp-content\/uploads\/2022\/06\/Regis-768x1154.jpg 768w, https:\/\/create2donate.org\/wp-content\/uploads\/2022\/06\/Regis-600x901.jpg 600w\" sizes=\"auto, (max-width: 399px) 100vw, 399px\" \/>\u00abEbanista artesano, tornero, escultor, creador, restaurador&#8230; y amante de la madera. Nacido el 27 de agosto de 1968 en Montbrison. Descubre el torneado de madera en 1979. En 1984, empez\u00f3 a formarse para obtener un CAP en ebanister\u00eda, un BEP en construcci\u00f3n de madera y un BT en ebanister\u00eda en el LTP Maurice la Mache de Lyon. Le siguieron numerosas experiencias profesionales en carpinter\u00eda: ebanister\u00eda, restauraci\u00f3n, marqueter\u00eda, dise\u00f1o, prototipos, etc. En 2000, trabaj\u00e9 durante siete a\u00f1os con un dise\u00f1ador en St Galmier, creando y produciendo piezas excepcionales. En diciembre de 2016, cre\u00e9 mi propia empresa: Atelier Arbrissime en Epercieux st Paul. Mi enfoque es tanto art\u00edstico como artesanal. Mi trabajo consiste en revalorizar la madera al tiempo que intento sensibilizar al p\u00fablico sobre la necesidad de respetar y proteger los \u00e1rboles. \u00abr\u00e9par&#8217;acteur\u00bb certificado, ecodise\u00f1ador, restaurador de todo tipo, fabricaci\u00f3n de objetos, muebles y peque\u00f1as construcciones. Creaci\u00f3n, optimizaci\u00f3n y reutilizaci\u00f3n de recursos para creaciones \u00fanicas\u00bb.<\/p>\n<p>&nbsp;<\/p>\n<blockquote><p>\u00abLa madera es mi pasi\u00f3n El \u00e1rbol me fascina. Cuando ya no est\u00e1 en pie, me convierto en su int\u00e9rprete, transmitiendo su mensaje&#8230; o el m\u00edo, no lo s\u00e9&#8230; Entonces adopta multitud de galas, de las m\u00e1s puras a las m\u00e1s complicadas, de las m\u00e1s \u00e1speras a las m\u00e1s sofisticadas, de las m\u00e1s suaves a las m\u00e1s desolladas. Como ebanista, tornero y escultor, intento devolver a la vida el alma del \u00e1rbol&#8230; Llevo m\u00e1s de 40 a\u00f1os dando forma a la madera. Con humildad y respeto, te mostrar\u00e9 sus secretos, porque detr\u00e1s de sus reflejos, hay energ\u00eda y magia.<\/p>\n<\/blockquote>\n","protected":false},"excerpt":{"rendered":"<p>Planisferio rosa con tapa en forma de lanza Dimensiones:<\/p>\n<p>Di\u00e1metro: 20-23 cm \/ Altura: 12 cm T\u00e9cnica: Madera torneada Peso: 800 g Opci\u00f3n de comprar los<a href=\"https:\/\/create2donate.org\/boutique\/planispheres-regis-gauthier\/\">3 planisferios<\/a> de la serie por 900 euros.<\/p>\n","protected":false},"featured_media":1984,"template":"","meta":{"_uag_custom_page_level_css":"","site-sidebar-layout":"default","site-content-layout":"default","ast-site-content-layout":"default","site-content-style":"default","site-sidebar-style":"default","ast-global-header-display":"","ast-banner-title-visibility":"","ast-main-header-display":"","ast-hfb-above-header-display":"","ast-hfb-below-header-display":"","ast-hfb-mobile-header-display":"","site-post-title":"","ast-breadcrumbs-content":"","ast-featured-img":"","footer-sml-layout":"","ast-disable-related-posts":"","theme-transparent-header-meta":"default","adv-header-id-meta":"","stick-header-meta":"","header-above-stick-meta":"","header-main-stick-meta":"","header-below-stick-meta":"","astra-migrate-meta-layouts":"default","ast-page-background-enabled":"default","ast-page-background-meta":{"desktop":{"background-color":"var(--ast-global-color-4)","background-image":"","background-repeat":"repeat","background-position":"center center","background-size":"auto","background-attachment":"scroll","background-type":"","background-media":"","overlay-type":"","overlay-color":"","overlay-opacity":"","overlay-gradient":""},"tablet":{"background-color":"","background-image":"","background-repeat":"repeat","background-position":"center center","background-size":"auto","background-attachment":"scroll","background-type":"","background-media":"","overlay-type":"","overlay-color":"","overlay-opacity":"","overlay-gradient":""},"mobile":{"background-color":"","background-image":"","background-repeat":"repeat","background-position":"center center","background-size":"auto","background-attachment":"scroll","background-type":"","background-media":"","overlay-type":"","overlay-color":"","overlay-opacity":"","overlay-gradient":""}},"ast-content-background-meta":{"desktop":{"background-color":"var(--ast-global-color-5)","background-image":"","background-repeat":"repeat","background-position":"center center","background-size":"auto","background-attachment":"scroll","background-type":"","background-media":"","overlay-type":"","overlay-color":"","overlay-opacity":"","overlay-gradient":""},"tablet":{"background-color":"var(--ast-global-color-5)","background-image":"","background-repeat":"repeat","background-position":"center center","background-size":"auto","background-attachment":"scroll","background-type":"","background-media":"","overlay-type":"","overlay-color":"","overlay-opacity":"","overlay-gradient":""},"mobile":{"background-color":"var(--ast-global-color-5)","background-image":"","background-repeat":"repeat","background-position":"center center","background-size":"auto","background-attachment":"scroll","background-type":"","background-media":"","overlay-type":"","overlay-color":"","overlay-opacity":"","overlay-gradient":""}}},"product_brand":[],"product_cat":[51,46],"product_tag":[],"class_list":{"0":"post-2276","1":"product","2":"type-product","3":"status-publish","4":"has-post-thumbnail","6":"product_cat-esculturas","7":"product_cat-obras-de-arte","8":"desktop-align-center","9":"tablet-align-left","10":"mobile-align-left","12":"first","13":"instock","14":"sold-individually","15":"shipping-taxable","16":"purchasable","17":"product-type-simple"},"uagb_featured_image_src":{"full":["https:\/\/create2donate.org\/wp-content\/uploads\/2022\/05\/FPS0504-e1655739520920.jpg",1280,1280,false],"thumbnail":["https:\/\/create2donate.org\/wp-content\/uploads\/2022\/05\/FPS0504-e1655739520920-150x150.jpg",150,150,true],"medium":["https:\/\/create2donate.org\/wp-content\/uploads\/2022\/05\/FPS0504-e1655739520920-300x300.jpg",300,300,true],"medium_large":["https:\/\/create2donate.org\/wp-content\/uploads\/2022\/05\/FPS0504-e1655739520920-768x768.jpg",768,768,true],"large":["https:\/\/create2donate.org\/wp-content\/uploads\/2022\/05\/FPS0504-e1655739520920-1024x1024.jpg",1024,1024,true],"1536x1536":["https:\/\/create2donate.org\/wp-content\/uploads\/2022\/05\/FPS0504-1536x1536.jpg",1536,1536,true],"2048x2048":["https:\/\/create2donate.org\/wp-content\/uploads\/2022\/05\/FPS0504-2048x2048.jpg",2048,2048,true],"woocommerce_thumbnail":["https:\/\/create2donate.org\/wp-content\/uploads\/2022\/05\/FPS0504-e1655739520920-300x400.jpg",300,400,true],"woocommerce_single":["https:\/\/create2donate.org\/wp-content\/uploads\/2022\/05\/FPS0504-e1655739520920-600x600.jpg",600,600,true],"woocommerce_gallery_thumbnail":["https:\/\/create2donate.org\/wp-content\/uploads\/2022\/05\/FPS0504-e1655739520920-100x100.jpg",100,100,true]},"uagb_author_info":{"display_name":"C2donateGhislaine","author_link":"https:\/\/create2donate.org\/es\/author\/"},"uagb_comment_info":0,"uagb_excerpt":"Planisferio rosa con tapa en forma de lanza Dimensiones: Di\u00e1metro: 20-23 cm \/ Altura: 12 cm T\u00e9cnica: Madera torneada Peso: 800 g Opci\u00f3n de comprar los3 planisferios de la serie por 900 euros.","_links":{"self":[{"href":"https:\/\/create2donate.org\/es\/wp-json\/wp\/v2\/product\/2276","targetHints":{"allow":["GET"]}}],"collection":[{"href":"https:\/\/create2donate.org\/es\/wp-json\/wp\/v2\/product"}],"about":[{"href":"https:\/\/create2donate.org\/es\/wp-json\/wp\/v2\/types\/product"}],"wp:featuredmedia":[{"embeddable":true,"href":"https:\/\/create2donate.org\/es\/wp-json\/wp\/v2\/media\/1984"}],"wp:attachment":[{"href":"https:\/\/create2donate.org\/es\/wp-json\/wp\/v2\/media?parent=2276"}],"wp:term":[{"taxonomy":"product_brand","embeddable":true,"href":"https:\/\/create2donate.org\/es\/wp-json\/wp\/v2\/product_brand?post=2276"},{"taxonomy":"product_cat","embeddable":true,"href":"https:\/\/create2donate.org\/es\/wp-json\/wp\/v2\/product_cat?post=2276"},{"taxonomy":"product_tag","embeddable":true,"href":"https:\/\/create2donate.org\/es\/wp-json\/wp\/v2\/product_tag?post=2276"}],"curies":[{"name":"wp","href":"https:\/\/api.w.org\/{rel}","templated":true}]}}