{"id":2275,"date":"2022-06-20T18:47:17","date_gmt":"2022-06-20T16:47:17","guid":{"rendered":"https:\/\/create2donate.org\/boutique\/albacoin\/"},"modified":"2022-06-20T18:47:17","modified_gmt":"2022-06-20T16:47:17","slug":"albacoin","status":"publish","type":"product","link":"https:\/\/create2donate.org\/es\/boutique\/albacoin\/","title":{"rendered":"Albacoin"},"content":{"rendered":"","protected":false},"excerpt":{"rendered":"<p>&nbsp;<\/p>\n<p>El Albacoin\u00a9 es una obra de arte en forma de moneda que representa, en el lado de la cara, el emblem\u00e1tico logotipo de la<a href=\"https:\/\/albatrossglobal.org\/\" target=\"_blank\" rel=\"noopener\">FUNDACI\u00d3N ALBATROSS<\/a>, que trabaja por la educaci\u00f3n gratuita de los j\u00f3venes en el desarrollo sostenible, y en el lado de la cruz, el ideograma chino m\u00e1s popular de la doble alegr\u00eda\/doble uni\u00f3n.<\/p>\n<p>El Albacoin es fruto de la colaboraci\u00f3n entre la famosa casa de joyer\u00eda <a href=\"https:\/\/www.philippetournaire.com\/fr\/\" target=\"_blank\" rel=\"noopener\" data-attribute-index=\"0\" data-entity-hovercard-id=\"urn:li:fs_miniCompany:3853209\" data-entity-type=\"MINI_COMPANY\">Maison Tournaire<\/a> y la FUNDACI\u00d3N ALBATROSS. Esta joya de bronce puede llevarse como colgante o como pulsera. Estos Albacoins se han producido en una serie limitada de 100 piezas.<\/p>\n","protected":false},"featured_media":2108,"template":"","meta":{"_uag_custom_page_level_css":"","site-sidebar-layout":"default","site-content-layout":"default","ast-site-content-layout":"default","site-content-style":"default","site-sidebar-style":"default","ast-global-header-display":"","ast-banner-title-visibility":"","ast-main-header-display":"","ast-hfb-above-header-display":"","ast-hfb-below-header-display":"","ast-hfb-mobile-header-display":"","site-post-title":"","ast-breadcrumbs-content":"","ast-featured-img":"","footer-sml-layout":"","ast-disable-related-posts":"","theme-transparent-header-meta":"default","adv-header-id-meta":"","stick-header-meta":"","header-above-stick-meta":"","header-main-stick-meta":"","header-below-stick-meta":"","astra-migrate-meta-layouts":"default","ast-page-background-enabled":"default","ast-page-background-meta":{"desktop":{"background-color":"var(--ast-global-color-4)","background-image":"","background-repeat":"repeat","background-position":"center center","background-size":"auto","background-attachment":"scroll","background-type":"","background-media":"","overlay-type":"","overlay-color":"","overlay-opacity":"","overlay-gradient":""},"tablet":{"background-color":"","background-image":"","background-repeat":"repeat","background-position":"center center","background-size":"auto","background-attachment":"scroll","background-type":"","background-media":"","overlay-type":"","overlay-color":"","overlay-opacity":"","overlay-gradient":""},"mobile":{"background-color":"","background-image":"","background-repeat":"repeat","background-position":"center center","background-size":"auto","background-attachment":"scroll","background-type":"","background-media":"","overlay-type":"","overlay-color":"","overlay-opacity":"","overlay-gradient":""}},"ast-content-background-meta":{"desktop":{"background-color":"var(--ast-global-color-5)","background-image":"","background-repeat":"repeat","background-position":"center center","background-size":"auto","background-attachment":"scroll","background-type":"","background-media":"","overlay-type":"","overlay-color":"","overlay-opacity":"","overlay-gradient":""},"tablet":{"background-color":"var(--ast-global-color-5)","background-image":"","background-repeat":"repeat","background-position":"center center","background-size":"auto","background-attachment":"scroll","background-type":"","background-media":"","overlay-type":"","overlay-color":"","overlay-opacity":"","overlay-gradient":""},"mobile":{"background-color":"var(--ast-global-color-5)","background-image":"","background-repeat":"repeat","background-position":"center center","background-size":"auto","background-attachment":"scroll","background-type":"","background-media":"","overlay-type":"","overlay-color":"","overlay-opacity":"","overlay-gradient":""}}},"product_brand":[],"product_cat":[52],"product_tag":[],"class_list":{"0":"post-2275","1":"product","2":"type-product","3":"status-publish","4":"has-post-thumbnail","6":"product_cat-joyeria","7":"desktop-align-center","8":"tablet-align-left","9":"mobile-align-left","11":"first","12":"instock","13":"featured","14":"shipping-taxable","15":"purchasable","16":"product-type-simple"},"uagb_featured_image_src":{"full":["https:\/\/create2donate.org\/wp-content\/uploads\/2022\/06\/Albacoin.jpeg",800,1258,false],"thumbnail":["https:\/\/create2donate.org\/wp-content\/uploads\/2022\/06\/Albacoin-150x150.jpeg",150,150,true],"medium":["https:\/\/create2donate.org\/wp-content\/uploads\/2022\/06\/Albacoin-191x300.jpeg",191,300,true],"medium_large":["https:\/\/create2donate.org\/wp-content\/uploads\/2022\/06\/Albacoin-768x1208.jpeg",768,1208,true],"large":["https:\/\/create2donate.org\/wp-content\/uploads\/2022\/06\/Albacoin-651x1024.jpeg",651,1024,true],"1536x1536":["https:\/\/create2donate.org\/wp-content\/uploads\/2022\/06\/Albacoin.jpeg",800,1258,false],"2048x2048":["https:\/\/create2donate.org\/wp-content\/uploads\/2022\/06\/Albacoin.jpeg",800,1258,false],"woocommerce_thumbnail":["https:\/\/create2donate.org\/wp-content\/uploads\/2022\/06\/Albacoin-300x400.jpeg",300,400,true],"woocommerce_single":["https:\/\/create2donate.org\/wp-content\/uploads\/2022\/06\/Albacoin-600x944.jpeg",600,944,true],"woocommerce_gallery_thumbnail":["https:\/\/create2donate.org\/wp-content\/uploads\/2022\/06\/Albacoin-100x100.jpeg",100,100,true]},"uagb_author_info":{"display_name":"C2donateGhislaine","author_link":"https:\/\/create2donate.org\/es\/author\/"},"uagb_comment_info":0,"uagb_excerpt":"&nbsp; El Albacoin\u00a9 es una obra de arte en forma de moneda que representa, en el lado de la cara, el emblem\u00e1tico logotipo de laFUNDACI\u00d3N ALBATROSS, que trabaja por la educaci\u00f3n gratuita de los j\u00f3venes en el desarrollo sostenible, y en el lado de la cruz, el ideograma chino m\u00e1s popular de la doble alegr\u00eda\/doble&hellip;","_links":{"self":[{"href":"https:\/\/create2donate.org\/es\/wp-json\/wp\/v2\/product\/2275","targetHints":{"allow":["GET"]}}],"collection":[{"href":"https:\/\/create2donate.org\/es\/wp-json\/wp\/v2\/product"}],"about":[{"href":"https:\/\/create2donate.org\/es\/wp-json\/wp\/v2\/types\/product"}],"wp:featuredmedia":[{"embeddable":true,"href":"https:\/\/create2donate.org\/es\/wp-json\/wp\/v2\/media\/2108"}],"wp:attachment":[{"href":"https:\/\/create2donate.org\/es\/wp-json\/wp\/v2\/media?parent=2275"}],"wp:term":[{"taxonomy":"product_brand","embeddable":true,"href":"https:\/\/create2donate.org\/es\/wp-json\/wp\/v2\/product_brand?post=2275"},{"taxonomy":"product_cat","embeddable":true,"href":"https:\/\/create2donate.org\/es\/wp-json\/wp\/v2\/product_cat?post=2275"},{"taxonomy":"product_tag","embeddable":true,"href":"https:\/\/create2donate.org\/es\/wp-json\/wp\/v2\/product_tag?post=2275"}],"curies":[{"name":"wp","href":"https:\/\/api.w.org\/{rel}","templated":true}]}}