{"id":2272,"date":"2022-06-20T18:25:09","date_gmt":"2022-06-20T16:25:09","guid":{"rendered":"https:\/\/create2donate.org\/boutique\/gaia-por-lydie-chambost-boutte\/"},"modified":"2022-06-20T18:25:09","modified_gmt":"2022-06-20T16:25:09","slug":"gaia-por-lydie-chambost-boutte","status":"publish","type":"product","link":"https:\/\/create2donate.org\/es\/boutique\/gaia-por-lydie-chambost-boutte\/","title":{"rendered":"Ga\u00efa &#8211; por Lydie Chambost-Boutte"},"content":{"rendered":"<h2>Artista : Lydie Chambost-Boutte<\/h2>\n<p><img loading=\"lazy\" decoding=\"async\" class=\"size-full wp-image-1399 alignnone\" src=\"https:\/\/create2donate.org\/wp-content\/uploads\/2022\/06\/Lydie.jpg\" alt=\"\" width=\"1000\" height=\"563\" srcset=\"https:\/\/create2donate.org\/wp-content\/uploads\/2022\/06\/Lydie.jpg 1000w, https:\/\/create2donate.org\/wp-content\/uploads\/2022\/06\/Lydie-300x169.jpg 300w, https:\/\/create2donate.org\/wp-content\/uploads\/2022\/06\/Lydie-768x432.jpg 768w, https:\/\/create2donate.org\/wp-content\/uploads\/2022\/06\/Lydie-600x338.jpg 600w\" sizes=\"auto, (max-width: 1000px) 100vw, 1000px\" \/><\/p>\n<p>Presidenta de la asociaci\u00f3n art\u00edstica To be Z&#8217;arts, Lydie Chambost-Boutte ha sabido evolucionar de la escultura en arcilla cruda y cocida al bronce. Sitio web: http: <a href=\"http:\/\/monptitbouttedterre.blogspot.com\/\" target=\"_blank\" rel=\"noopener\">\/\/monptitbouttedterre.blogspot.com\/<\/a><\/p>\n","protected":false},"excerpt":{"rendered":"<p>Lydie Chambost-Boutte presenta su obra maestra, Ga\u00efa, s\u00edmbolo de la Madre Tierra. T\u00e9cnica: Escultura sobre bronce forjado Dimensiones: 30&#215;28 cm Peso: 2 kg<\/p>\n","protected":false},"featured_media":1962,"template":"","meta":{"_uag_custom_page_level_css":"","site-sidebar-layout":"default","site-content-layout":"default","ast-site-content-layout":"default","site-content-style":"default","site-sidebar-style":"default","ast-global-header-display":"","ast-banner-title-visibility":"","ast-main-header-display":"","ast-hfb-above-header-display":"","ast-hfb-below-header-display":"","ast-hfb-mobile-header-display":"","site-post-title":"","ast-breadcrumbs-content":"","ast-featured-img":"","footer-sml-layout":"","ast-disable-related-posts":"","theme-transparent-header-meta":"default","adv-header-id-meta":"","stick-header-meta":"","header-above-stick-meta":"","header-main-stick-meta":"","header-below-stick-meta":"","astra-migrate-meta-layouts":"default","ast-page-background-enabled":"default","ast-page-background-meta":{"desktop":{"background-color":"var(--ast-global-color-4)","background-image":"","background-repeat":"repeat","background-position":"center center","background-size":"auto","background-attachment":"scroll","background-type":"","background-media":"","overlay-type":"","overlay-color":"","overlay-opacity":"","overlay-gradient":""},"tablet":{"background-color":"","background-image":"","background-repeat":"repeat","background-position":"center center","background-size":"auto","background-attachment":"scroll","background-type":"","background-media":"","overlay-type":"","overlay-color":"","overlay-opacity":"","overlay-gradient":""},"mobile":{"background-color":"","background-image":"","background-repeat":"repeat","background-position":"center center","background-size":"auto","background-attachment":"scroll","background-type":"","background-media":"","overlay-type":"","overlay-color":"","overlay-opacity":"","overlay-gradient":""}},"ast-content-background-meta":{"desktop":{"background-color":"var(--ast-global-color-5)","background-image":"","background-repeat":"repeat","background-position":"center center","background-size":"auto","background-attachment":"scroll","background-type":"","background-media":"","overlay-type":"","overlay-color":"","overlay-opacity":"","overlay-gradient":""},"tablet":{"background-color":"var(--ast-global-color-5)","background-image":"","background-repeat":"repeat","background-position":"center center","background-size":"auto","background-attachment":"scroll","background-type":"","background-media":"","overlay-type":"","overlay-color":"","overlay-opacity":"","overlay-gradient":""},"mobile":{"background-color":"var(--ast-global-color-5)","background-image":"","background-repeat":"repeat","background-position":"center center","background-size":"auto","background-attachment":"scroll","background-type":"","background-media":"","overlay-type":"","overlay-color":"","overlay-opacity":"","overlay-gradient":""}}},"product_brand":[],"product_cat":[51,46],"product_tag":[],"class_list":{"0":"post-2272","1":"product","2":"type-product","3":"status-publish","4":"has-post-thumbnail","6":"product_cat-esculturas","7":"product_cat-obras-de-arte","8":"desktop-align-center","9":"tablet-align-left","10":"mobile-align-left","12":"first","13":"instock","14":"sold-individually","15":"shipping-taxable","16":"purchasable","17":"product-type-simple"},"uagb_featured_image_src":{"full":["https:\/\/create2donate.org\/wp-content\/uploads\/2022\/05\/FPS0537-scaled.jpg",1707,2560,false],"thumbnail":["https:\/\/create2donate.org\/wp-content\/uploads\/2022\/05\/FPS0537-150x150.jpg",150,150,true],"medium":["https:\/\/create2donate.org\/wp-content\/uploads\/2022\/05\/FPS0537-200x300.jpg",200,300,true],"medium_large":["https:\/\/create2donate.org\/wp-content\/uploads\/2022\/05\/FPS0537-768x1152.jpg",768,1152,true],"large":["https:\/\/create2donate.org\/wp-content\/uploads\/2022\/05\/FPS0537-683x1024.jpg",683,1024,true],"1536x1536":["https:\/\/create2donate.org\/wp-content\/uploads\/2022\/05\/FPS0537-1024x1536.jpg",1024,1536,true],"2048x2048":["https:\/\/create2donate.org\/wp-content\/uploads\/2022\/05\/FPS0537-1365x2048.jpg",1365,2048,true],"woocommerce_thumbnail":["https:\/\/create2donate.org\/wp-content\/uploads\/2022\/05\/FPS0537-300x400.jpg",300,400,true],"woocommerce_single":["https:\/\/create2donate.org\/wp-content\/uploads\/2022\/05\/FPS0537-600x900.jpg",600,900,true],"woocommerce_gallery_thumbnail":["https:\/\/create2donate.org\/wp-content\/uploads\/2022\/05\/FPS0537-100x100.jpg",100,100,true]},"uagb_author_info":{"display_name":"C2donateGhislaine","author_link":"https:\/\/create2donate.org\/es\/author\/"},"uagb_comment_info":0,"uagb_excerpt":"Lydie Chambost-Boutte presenta su obra maestra, Ga\u00efa, s\u00edmbolo de la Madre Tierra. T\u00e9cnica: Escultura sobre bronce forjado Dimensiones: 30x28 cm Peso: 2 kg","_links":{"self":[{"href":"https:\/\/create2donate.org\/es\/wp-json\/wp\/v2\/product\/2272","targetHints":{"allow":["GET"]}}],"collection":[{"href":"https:\/\/create2donate.org\/es\/wp-json\/wp\/v2\/product"}],"about":[{"href":"https:\/\/create2donate.org\/es\/wp-json\/wp\/v2\/types\/product"}],"wp:featuredmedia":[{"embeddable":true,"href":"https:\/\/create2donate.org\/es\/wp-json\/wp\/v2\/media\/1962"}],"wp:attachment":[{"href":"https:\/\/create2donate.org\/es\/wp-json\/wp\/v2\/media?parent=2272"}],"wp:term":[{"taxonomy":"product_brand","embeddable":true,"href":"https:\/\/create2donate.org\/es\/wp-json\/wp\/v2\/product_brand?post=2272"},{"taxonomy":"product_cat","embeddable":true,"href":"https:\/\/create2donate.org\/es\/wp-json\/wp\/v2\/product_cat?post=2272"},{"taxonomy":"product_tag","embeddable":true,"href":"https:\/\/create2donate.org\/es\/wp-json\/wp\/v2\/product_tag?post=2272"}],"curies":[{"name":"wp","href":"https:\/\/api.w.org\/{rel}","templated":true}]}}