{"id":2268,"date":"2024-09-26T08:33:47","date_gmt":"2024-09-26T06:33:47","guid":{"rendered":"https:\/\/create2donate.org\/boutique\/empresa-sostenible-por-cj-meadows\/"},"modified":"2024-09-26T08:33:47","modified_gmt":"2024-09-26T06:33:47","slug":"empresa-sostenible-por-cj-meadows","status":"publish","type":"product","link":"https:\/\/create2donate.org\/es\/boutique\/empresa-sostenible-por-cj-meadows\/","title":{"rendered":"Empresa sostenible\u00bb por CJ Meadows"},"content":{"rendered":"<p>El modelo del \u00abTri\u00e1ngulo de Oro\u00bb se presenta en este libro, que incluye datos y cifras sobre ecodesarrollo, atractivas vi\u00f1etas sobre \u00abc\u00f3mo ocurri\u00f3\u00bb, ideas y lecciones aprendidas, y resultados, como la cuadruplicaci\u00f3n del n\u00famero de tigres, nuevas empresas en la base de la pir\u00e1mide, una feroz ecoprotecci\u00f3n por parte de la poblaci\u00f3n local, la adopci\u00f3n entusiasta de ecotecnolog\u00edas y la mejora de las condiciones econ\u00f3micas y sociales. Se ofrecen implicaciones transponibles para el desarrollo econ\u00f3mico y ecol\u00f3gico en todo el mundo. <\/p>\n","protected":false},"excerpt":{"rendered":"<p>\u00bfQu\u00e9 obtendr\u00edas si combinaras un empresario, un tecn\u00f3logo, un financiero y un estratega\/ec\u00f3logo con un cocinero internacional, un abogado mercantilista, un arquitecto, etc.? Uno de estos equipos de l\u00edderes internacionales cre\u00f3 un nuevo modelo de ecodesarrollo (econ\u00f3mico y ecol\u00f3gico) y lo introdujo, junto con una serie de programas sobre el terreno, en un pueblo de las afueras de una de las nueve reservas naturales del Proyecto Tigre en India. Este libro cuenta la historia de este notable centro. Sostiene que para salvar a una especie en peligro, hay que salvar su entorno, y para salvar a estas especies, hay que \u00absalvar\u00bb a las personas que viven con ellas, proporcion\u00e1ndoles medios de desarrollo econ\u00f3mico ecol\u00f3gicamente sensibles, sin invadir el entorno natural ni ayudar a los cazadores furtivos. <\/p>\n","protected":false},"featured_media":2136,"template":"","meta":{"_uag_custom_page_level_css":"","site-sidebar-layout":"default","site-content-layout":"","ast-site-content-layout":"default","site-content-style":"default","site-sidebar-style":"default","ast-global-header-display":"","ast-banner-title-visibility":"","ast-main-header-display":"","ast-hfb-above-header-display":"","ast-hfb-below-header-display":"","ast-hfb-mobile-header-display":"","site-post-title":"","ast-breadcrumbs-content":"","ast-featured-img":"","footer-sml-layout":"","ast-disable-related-posts":"","theme-transparent-header-meta":"default","adv-header-id-meta":"","stick-header-meta":"","header-above-stick-meta":"","header-main-stick-meta":"","header-below-stick-meta":"","astra-migrate-meta-layouts":"default","ast-page-background-enabled":"default","ast-page-background-meta":{"desktop":{"background-color":"var(--ast-global-color-4)","background-image":"","background-repeat":"repeat","background-position":"center center","background-size":"auto","background-attachment":"scroll","background-type":"","background-media":"","overlay-type":"","overlay-color":"","overlay-opacity":"","overlay-gradient":""},"tablet":{"background-color":"","background-image":"","background-repeat":"repeat","background-position":"center center","background-size":"auto","background-attachment":"scroll","background-type":"","background-media":"","overlay-type":"","overlay-color":"","overlay-opacity":"","overlay-gradient":""},"mobile":{"background-color":"","background-image":"","background-repeat":"repeat","background-position":"center center","background-size":"auto","background-attachment":"scroll","background-type":"","background-media":"","overlay-type":"","overlay-color":"","overlay-opacity":"","overlay-gradient":""}},"ast-content-background-meta":{"desktop":{"background-color":"var(--ast-global-color-5)","background-image":"","background-repeat":"repeat","background-position":"center center","background-size":"auto","background-attachment":"scroll","background-type":"","background-media":"","overlay-type":"","overlay-color":"","overlay-opacity":"","overlay-gradient":""},"tablet":{"background-color":"var(--ast-global-color-5)","background-image":"","background-repeat":"repeat","background-position":"center center","background-size":"auto","background-attachment":"scroll","background-type":"","background-media":"","overlay-type":"","overlay-color":"","overlay-opacity":"","overlay-gradient":""},"mobile":{"background-color":"var(--ast-global-color-5)","background-image":"","background-repeat":"repeat","background-position":"center center","background-size":"auto","background-attachment":"scroll","background-type":"","background-media":"","overlay-type":"","overlay-color":"","overlay-opacity":"","overlay-gradient":""}}},"product_brand":[],"product_cat":[45],"product_tag":[],"class_list":{"0":"post-2268","1":"product","2":"type-product","3":"status-publish","4":"has-post-thumbnail","6":"product_cat-libros","7":"desktop-align-center","8":"tablet-align-left","9":"mobile-align-left","11":"first","12":"instock","13":"shipping-taxable","14":"product-type-external"},"uagb_featured_image_src":{"full":["https:\/\/create2donate.org\/wp-content\/uploads\/2024\/09\/sustainable-business.jpg",809,1200,false],"thumbnail":["https:\/\/create2donate.org\/wp-content\/uploads\/2024\/09\/sustainable-business-150x150.jpg",150,150,true],"medium":["https:\/\/create2donate.org\/wp-content\/uploads\/2024\/09\/sustainable-business-202x300.jpg",202,300,true],"medium_large":["https:\/\/create2donate.org\/wp-content\/uploads\/2024\/09\/sustainable-business-768x1139.jpg",768,1139,true],"large":["https:\/\/create2donate.org\/wp-content\/uploads\/2024\/09\/sustainable-business-690x1024.jpg",690,1024,true],"1536x1536":["https:\/\/create2donate.org\/wp-content\/uploads\/2024\/09\/sustainable-business.jpg",809,1200,false],"2048x2048":["https:\/\/create2donate.org\/wp-content\/uploads\/2024\/09\/sustainable-business.jpg",809,1200,false],"woocommerce_thumbnail":["https:\/\/create2donate.org\/wp-content\/uploads\/2024\/09\/sustainable-business-300x400.jpg",300,400,true],"woocommerce_single":["https:\/\/create2donate.org\/wp-content\/uploads\/2024\/09\/sustainable-business-600x890.jpg",600,890,true],"woocommerce_gallery_thumbnail":["https:\/\/create2donate.org\/wp-content\/uploads\/2024\/09\/sustainable-business-100x100.jpg",100,100,true]},"uagb_author_info":{"display_name":"C2donateGhislaine","author_link":"https:\/\/create2donate.org\/es\/author\/"},"uagb_comment_info":0,"uagb_excerpt":"\u00bfQu\u00e9 obtendr\u00edas si combinaras un empresario, un tecn\u00f3logo, un financiero y un estratega\/ec\u00f3logo con un cocinero internacional, un abogado mercantilista, un arquitecto, etc.? Uno de estos equipos de l\u00edderes internacionales cre\u00f3 un nuevo modelo de ecodesarrollo (econ\u00f3mico y ecol\u00f3gico) y lo introdujo, junto con una serie de programas sobre el terreno, en un pueblo de&hellip;","_links":{"self":[{"href":"https:\/\/create2donate.org\/es\/wp-json\/wp\/v2\/product\/2268","targetHints":{"allow":["GET"]}}],"collection":[{"href":"https:\/\/create2donate.org\/es\/wp-json\/wp\/v2\/product"}],"about":[{"href":"https:\/\/create2donate.org\/es\/wp-json\/wp\/v2\/types\/product"}],"wp:featuredmedia":[{"embeddable":true,"href":"https:\/\/create2donate.org\/es\/wp-json\/wp\/v2\/media\/2136"}],"wp:attachment":[{"href":"https:\/\/create2donate.org\/es\/wp-json\/wp\/v2\/media?parent=2268"}],"wp:term":[{"taxonomy":"product_brand","embeddable":true,"href":"https:\/\/create2donate.org\/es\/wp-json\/wp\/v2\/product_brand?post=2268"},{"taxonomy":"product_cat","embeddable":true,"href":"https:\/\/create2donate.org\/es\/wp-json\/wp\/v2\/product_cat?post=2268"},{"taxonomy":"product_tag","embeddable":true,"href":"https:\/\/create2donate.org\/es\/wp-json\/wp\/v2\/product_tag?post=2268"}],"curies":[{"name":"wp","href":"https:\/\/api.w.org\/{rel}","templated":true}]}}