{"id":2264,"date":"2024-09-26T08:42:09","date_gmt":"2024-09-26T06:42:09","guid":{"rendered":"https:\/\/create2donate.org\/boutique\/libro-perturbar-y-disenar-pensando-el-futuro-de-la-educacion-de-cj-meadows\/"},"modified":"2024-09-26T08:42:09","modified_gmt":"2024-09-26T06:42:09","slug":"libro-perturbar-y-disenar-pensando-el-futuro-de-la-educacion-de-cj-meadows","status":"publish","type":"product","link":"https:\/\/create2donate.org\/es\/boutique\/libro-perturbar-y-disenar-pensando-el-futuro-de-la-educacion-de-cj-meadows\/","title":{"rendered":"Libro \u00abPerturbar y dise\u00f1ar pensando el futuro de la educaci\u00f3n\u00bb de CJ Meadows"},"content":{"rendered":"<p>Meadows propone un enfoque del sector educativo que parte de las necesidades y propone modelos educativos y empresariales, apoyados en las nuevas tecnolog\u00edas. Este libro examina el futuro de la educaci\u00f3n desde la perspectiva del dise\u00f1o y la disrupci\u00f3n. Empezando con estad\u00edsticas impactantes sobre los costes, el tiempo y la larga amortizaci\u00f3n de la deuda, defiende claramente la disrupci\u00f3n en la educaci\u00f3n. A continuaci\u00f3n, examina las competencias futuras en la era de la IA, el aprendizaje autom\u00e1tico y la rob\u00f3tica. En esta nueva era, las empresas necesitan un nuevo tipo de mano de obra, y los trabajadores necesitan equiparse para sobrevivir y prosperar. Bas\u00e1ndose en las herramientas y t\u00e9cnicas del pensamiento disruptivo y de dise\u00f1o, Meadows propone nuevos marcos para la educaci\u00f3n, la empresa y la tecnolog\u00eda, todo ello con ejemplos de educadores (y alumnos) que ya lo est\u00e1n haciendo hoy. Este libro ofrece un pensamiento riguroso y consejos pr\u00e1cticos para los profesionales de la educaci\u00f3n y los empresarios en ciernes, as\u00ed como para los padres que educan en casa.<\/p>\n","protected":false},"excerpt":{"rendered":"<p>Meadows propone un enfoque del sector educativo que parte de las necesidades y propone modelos educativos y empresariales, apoyados en las nuevas tecnolog\u00edas. Este libro examina el futuro de la educaci\u00f3n desde la perspectiva del dise\u00f1o y la disrupci\u00f3n. Empezando con estad\u00edsticas impactantes sobre los costes, el tiempo y la larga amortizaci\u00f3n de la deuda, [&hellip;]<\/p>\n","protected":false},"featured_media":2138,"template":"","meta":{"_uag_custom_page_level_css":"","site-sidebar-layout":"default","site-content-layout":"","ast-site-content-layout":"default","site-content-style":"default","site-sidebar-style":"default","ast-global-header-display":"","ast-banner-title-visibility":"","ast-main-header-display":"","ast-hfb-above-header-display":"","ast-hfb-below-header-display":"","ast-hfb-mobile-header-display":"","site-post-title":"","ast-breadcrumbs-content":"","ast-featured-img":"","footer-sml-layout":"","ast-disable-related-posts":"","theme-transparent-header-meta":"default","adv-header-id-meta":"","stick-header-meta":"","header-above-stick-meta":"","header-main-stick-meta":"","header-below-stick-meta":"","astra-migrate-meta-layouts":"default","ast-page-background-enabled":"default","ast-page-background-meta":{"desktop":{"background-color":"var(--ast-global-color-4)","background-image":"","background-repeat":"repeat","background-position":"center center","background-size":"auto","background-attachment":"scroll","background-type":"","background-media":"","overlay-type":"","overlay-color":"","overlay-opacity":"","overlay-gradient":""},"tablet":{"background-color":"","background-image":"","background-repeat":"repeat","background-position":"center center","background-size":"auto","background-attachment":"scroll","background-type":"","background-media":"","overlay-type":"","overlay-color":"","overlay-opacity":"","overlay-gradient":""},"mobile":{"background-color":"","background-image":"","background-repeat":"repeat","background-position":"center center","background-size":"auto","background-attachment":"scroll","background-type":"","background-media":"","overlay-type":"","overlay-color":"","overlay-opacity":"","overlay-gradient":""}},"ast-content-background-meta":{"desktop":{"background-color":"var(--ast-global-color-5)","background-image":"","background-repeat":"repeat","background-position":"center center","background-size":"auto","background-attachment":"scroll","background-type":"","background-media":"","overlay-type":"","overlay-color":"","overlay-opacity":"","overlay-gradient":""},"tablet":{"background-color":"var(--ast-global-color-5)","background-image":"","background-repeat":"repeat","background-position":"center center","background-size":"auto","background-attachment":"scroll","background-type":"","background-media":"","overlay-type":"","overlay-color":"","overlay-opacity":"","overlay-gradient":""},"mobile":{"background-color":"var(--ast-global-color-5)","background-image":"","background-repeat":"repeat","background-position":"center center","background-size":"auto","background-attachment":"scroll","background-type":"","background-media":"","overlay-type":"","overlay-color":"","overlay-opacity":"","overlay-gradient":""}}},"product_brand":[],"product_cat":[45],"product_tag":[],"class_list":{"0":"post-2264","1":"product","2":"type-product","3":"status-publish","4":"has-post-thumbnail","6":"product_cat-libros","7":"desktop-align-center","8":"tablet-align-left","9":"mobile-align-left","11":"first","12":"instock","13":"shipping-taxable","14":"product-type-external"},"uagb_featured_image_src":{"full":["https:\/\/create2donate.org\/wp-content\/uploads\/2024\/09\/design-thinking.jpg",500,500,false],"thumbnail":["https:\/\/create2donate.org\/wp-content\/uploads\/2024\/09\/design-thinking-150x150.jpg",150,150,true],"medium":["https:\/\/create2donate.org\/wp-content\/uploads\/2024\/09\/design-thinking-300x300.jpg",300,300,true],"medium_large":["https:\/\/create2donate.org\/wp-content\/uploads\/2024\/09\/design-thinking.jpg",500,500,false],"large":["https:\/\/create2donate.org\/wp-content\/uploads\/2024\/09\/design-thinking.jpg",500,500,false],"1536x1536":["https:\/\/create2donate.org\/wp-content\/uploads\/2024\/09\/design-thinking.jpg",500,500,false],"2048x2048":["https:\/\/create2donate.org\/wp-content\/uploads\/2024\/09\/design-thinking.jpg",500,500,false],"woocommerce_thumbnail":["https:\/\/create2donate.org\/wp-content\/uploads\/2024\/09\/design-thinking-300x400.jpg",300,400,true],"woocommerce_single":["https:\/\/create2donate.org\/wp-content\/uploads\/2024\/09\/design-thinking.jpg",500,500,false],"woocommerce_gallery_thumbnail":["https:\/\/create2donate.org\/wp-content\/uploads\/2024\/09\/design-thinking-100x100.jpg",100,100,true]},"uagb_author_info":{"display_name":"C2donateGhislaine","author_link":"https:\/\/create2donate.org\/es\/author\/"},"uagb_comment_info":0,"uagb_excerpt":"Meadows propone un enfoque del sector educativo que parte de las necesidades y propone modelos educativos y empresariales, apoyados en las nuevas tecnolog\u00edas. Este libro examina el futuro de la educaci\u00f3n desde la perspectiva del dise\u00f1o y la disrupci\u00f3n. Empezando con estad\u00edsticas impactantes sobre los costes, el tiempo y la larga amortizaci\u00f3n de la deuda,&hellip;","_links":{"self":[{"href":"https:\/\/create2donate.org\/es\/wp-json\/wp\/v2\/product\/2264","targetHints":{"allow":["GET"]}}],"collection":[{"href":"https:\/\/create2donate.org\/es\/wp-json\/wp\/v2\/product"}],"about":[{"href":"https:\/\/create2donate.org\/es\/wp-json\/wp\/v2\/types\/product"}],"wp:featuredmedia":[{"embeddable":true,"href":"https:\/\/create2donate.org\/es\/wp-json\/wp\/v2\/media\/2138"}],"wp:attachment":[{"href":"https:\/\/create2donate.org\/es\/wp-json\/wp\/v2\/media?parent=2264"}],"wp:term":[{"taxonomy":"product_brand","embeddable":true,"href":"https:\/\/create2donate.org\/es\/wp-json\/wp\/v2\/product_brand?post=2264"},{"taxonomy":"product_cat","embeddable":true,"href":"https:\/\/create2donate.org\/es\/wp-json\/wp\/v2\/product_cat?post=2264"},{"taxonomy":"product_tag","embeddable":true,"href":"https:\/\/create2donate.org\/es\/wp-json\/wp\/v2\/product_tag?post=2264"}],"curies":[{"name":"wp","href":"https:\/\/api.w.org\/{rel}","templated":true}]}}