{"id":2262,"date":"2023-02-21T10:58:04","date_gmt":"2023-02-21T09:58:04","guid":{"rendered":"https:\/\/create2donate.org\/boutique\/bagh-van-y-baiga-por-ashish-kachhawaha\/"},"modified":"2023-02-21T10:58:04","modified_gmt":"2023-02-21T09:58:04","slug":"bagh-van-y-baiga-por-ashish-kachhawaha","status":"publish","type":"product","link":"https:\/\/create2donate.org\/es\/boutique\/bagh-van-y-baiga-por-ashish-kachhawaha\/","title":{"rendered":"BAGH VAN Y BAIGA &#8211; por Ashish KACHHAWAHA"},"content":{"rendered":"<p><b>Artista : ASHISH KACHHAWAHA<\/b><\/p>\n<figure id=\"attachment_1431\" aria-describedby=\"caption-attachment-1431\" style=\"width: 219px\" class=\"wp-caption alignleft\"><img loading=\"lazy\" decoding=\"async\" class=\"wp-image-1431 size-medium\" src=\"https:\/\/create2donate.org\/wp-content\/uploads\/2023\/02\/fiche-tiger-center-219x300.jpg\" alt=\"\" width=\"219\" height=\"300\" srcset=\"https:\/\/create2donate.org\/wp-content\/uploads\/2023\/02\/fiche-tiger-center-219x300.jpg 219w, https:\/\/create2donate.org\/wp-content\/uploads\/2023\/02\/fiche-tiger-center-746x1024.jpg 746w, https:\/\/create2donate.org\/wp-content\/uploads\/2023\/02\/fiche-tiger-center-768x1054.jpg 768w, https:\/\/create2donate.org\/wp-content\/uploads\/2023\/02\/fiche-tiger-center-1119x1536.jpg 1119w, https:\/\/create2donate.org\/wp-content\/uploads\/2023\/02\/fiche-tiger-center-1492x2048.jpg 1492w, https:\/\/create2donate.org\/wp-content\/uploads\/2023\/02\/fiche-tiger-center-600x823.jpg 600w, https:\/\/create2donate.org\/wp-content\/uploads\/2023\/02\/fiche-tiger-center-scaled.jpg 1865w\" sizes=\"auto, (max-width: 219px) 100vw, 219px\" \/><figcaption id=\"caption-attachment-1431\" class=\"wp-caption-text\">Ashish.kanha.artist@gmail.com<\/figcaption><\/figure>\n<p><span lang=\"fr-FR\">Ashish es un artista indio de Khana, en el centro de India, reconocido en todo el pa\u00eds. A los 44 a\u00f1os, fue galardonado con el Trofeo al Mejor Artista del gobierno indio por su trabajo sobre el desarrollo rural. Las exposiciones individuales de su obra han tenido un gran \u00e9xito en Calcuta y Nueva Delhi.    <\/span><\/p>\n<p><span lang=\"fr-FR\">Ashish tambi\u00e9n tiene su propia galer\u00eda en el Centro Tigre de Khana. Por encima de todo, es un pintor altruista. <\/span><\/p>\n<p><span lang=\"fr-FR\">Viviendo en la selva tropical cerca de Khana, Ashish desarroll\u00f3 sus habilidades como pintor naturalista y sus obras se basan en los temas de la selva, los tigres y los ind\u00edgenas. Su estilo ha evolucionado en dos fases: un estilo cl\u00e1sico tradicional y una fase m\u00e1s abstracta. <\/span><\/p>\n<p>&nbsp;<\/p>\n<figure id=\"attachment_1432\" aria-describedby=\"caption-attachment-1432\" style=\"width: 403px\" class=\"wp-caption alignnone\"><img loading=\"lazy\" decoding=\"async\" class=\"wp-image-1432\" src=\"https:\/\/create2donate.org\/wp-content\/uploads\/2023\/02\/fiche-tiger-center-300x224.png\" alt=\"\" width=\"403\" height=\"300\" srcset=\"https:\/\/create2donate.org\/wp-content\/uploads\/2023\/02\/fiche-tiger-center-300x224.png 300w, https:\/\/create2donate.org\/wp-content\/uploads\/2023\/02\/fiche-tiger-center-600x447.png 600w, https:\/\/create2donate.org\/wp-content\/uploads\/2023\/02\/fiche-tiger-center.png 640w\" sizes=\"auto, (max-width: 403px) 100vw, 403px\" \/><figcaption id=\"caption-attachment-1432\" class=\"wp-caption-text\">Foto de Ashish (derecha) con el jefe de la tribu Baiga (izquierda) en la exposici\u00f3n de Nueva Delhi<\/figcaption><\/figure>\n<p>&nbsp;<\/p>\n<p>&nbsp;<\/p>\n","protected":false},"excerpt":{"rendered":"<p><span lang=\"fr-FR\">Esta obra es un montaje de arte abstracto con un collage de tem\u00e1tica tigre a la izquierda y un collage de tem\u00e1tica tribu baiga a la derecha separados por el eje de un tronco de \u00e1rbol con follaje. El mensaje de este cuadro es que el tigre, la selva y los seres humanos deben luchar colectivamente para sobrevivir o perecer\u00e1n individualmente.   <\/span><\/p>\n<p><span lang=\"fr-FR\">Fecha: 2020<\/span><\/p>\n<p><span lang=\"fr-FR\">T\u00e9cnica: \u00f3leo medio sobre lienzo  <\/span><\/p>\n<p><span lang=\"fr-FR\">Dimensiones: 55 x 83 cm<\/span><\/p>\n","protected":false},"featured_media":2114,"template":"","meta":{"_uag_custom_page_level_css":"","site-sidebar-layout":"default","site-content-layout":"default","ast-site-content-layout":"default","site-content-style":"default","site-sidebar-style":"default","ast-global-header-display":"","ast-banner-title-visibility":"","ast-main-header-display":"","ast-hfb-above-header-display":"","ast-hfb-below-header-display":"","ast-hfb-mobile-header-display":"","site-post-title":"","ast-breadcrumbs-content":"","ast-featured-img":"","footer-sml-layout":"","ast-disable-related-posts":"","theme-transparent-header-meta":"default","adv-header-id-meta":"","stick-header-meta":"","header-above-stick-meta":"","header-main-stick-meta":"","header-below-stick-meta":"","astra-migrate-meta-layouts":"default","ast-page-background-enabled":"default","ast-page-background-meta":{"desktop":{"background-color":"var(--ast-global-color-4)","background-image":"","background-repeat":"repeat","background-position":"center center","background-size":"auto","background-attachment":"scroll","background-type":"","background-media":"","overlay-type":"","overlay-color":"","overlay-opacity":"","overlay-gradient":""},"tablet":{"background-color":"","background-image":"","background-repeat":"repeat","background-position":"center center","background-size":"auto","background-attachment":"scroll","background-type":"","background-media":"","overlay-type":"","overlay-color":"","overlay-opacity":"","overlay-gradient":""},"mobile":{"background-color":"","background-image":"","background-repeat":"repeat","background-position":"center center","background-size":"auto","background-attachment":"scroll","background-type":"","background-media":"","overlay-type":"","overlay-color":"","overlay-opacity":"","overlay-gradient":""}},"ast-content-background-meta":{"desktop":{"background-color":"var(--ast-global-color-5)","background-image":"","background-repeat":"repeat","background-position":"center center","background-size":"auto","background-attachment":"scroll","background-type":"","background-media":"","overlay-type":"","overlay-color":"","overlay-opacity":"","overlay-gradient":""},"tablet":{"background-color":"var(--ast-global-color-5)","background-image":"","background-repeat":"repeat","background-position":"center center","background-size":"auto","background-attachment":"scroll","background-type":"","background-media":"","overlay-type":"","overlay-color":"","overlay-opacity":"","overlay-gradient":""},"mobile":{"background-color":"var(--ast-global-color-5)","background-image":"","background-repeat":"repeat","background-position":"center center","background-size":"auto","background-attachment":"scroll","background-type":"","background-media":"","overlay-type":"","overlay-color":"","overlay-opacity":"","overlay-gradient":""}}},"product_brand":[],"product_cat":[46,47],"product_tag":[],"class_list":{"0":"post-2262","1":"product","2":"type-product","3":"status-publish","4":"has-post-thumbnail","6":"product_cat-obras-de-arte","7":"product_cat-tablas","8":"desktop-align-center","9":"tablet-align-left","10":"mobile-align-left","12":"first","13":"instock","14":"featured","15":"shipping-taxable","16":"purchasable","17":"product-type-simple"},"uagb_featured_image_src":{"full":["https:\/\/create2donate.org\/wp-content\/uploads\/2023\/02\/collage-tiger-center-scaled.jpg",2560,1879,false],"thumbnail":["https:\/\/create2donate.org\/wp-content\/uploads\/2023\/02\/collage-tiger-center-150x150.jpg",150,150,true],"medium":["https:\/\/create2donate.org\/wp-content\/uploads\/2023\/02\/collage-tiger-center-300x220.jpg",300,220,true],"medium_large":["https:\/\/create2donate.org\/wp-content\/uploads\/2023\/02\/collage-tiger-center-768x564.jpg",768,564,true],"large":["https:\/\/create2donate.org\/wp-content\/uploads\/2023\/02\/collage-tiger-center-1024x752.jpg",1024,752,true],"1536x1536":["https:\/\/create2donate.org\/wp-content\/uploads\/2023\/02\/collage-tiger-center-1536x1128.jpg",1536,1128,true],"2048x2048":["https:\/\/create2donate.org\/wp-content\/uploads\/2023\/02\/collage-tiger-center-2048x1503.jpg",2048,1503,true],"woocommerce_thumbnail":["https:\/\/create2donate.org\/wp-content\/uploads\/2023\/02\/collage-tiger-center-300x400.jpg",300,400,true],"woocommerce_single":["https:\/\/create2donate.org\/wp-content\/uploads\/2023\/02\/collage-tiger-center-600x440.jpg",600,440,true],"woocommerce_gallery_thumbnail":["https:\/\/create2donate.org\/wp-content\/uploads\/2023\/02\/collage-tiger-center-100x100.jpg",100,100,true]},"uagb_author_info":{"display_name":"C2donateGhislaine","author_link":"https:\/\/create2donate.org\/es\/author\/"},"uagb_comment_info":0,"uagb_excerpt":"Esta obra es un montaje de arte abstracto con un collage de tem\u00e1tica tigre a la izquierda y un collage de tem\u00e1tica tribu baiga a la derecha separados por el eje de un tronco de \u00e1rbol con follaje. El mensaje de este cuadro es que el tigre, la selva y los seres humanos deben luchar&hellip;","_links":{"self":[{"href":"https:\/\/create2donate.org\/es\/wp-json\/wp\/v2\/product\/2262","targetHints":{"allow":["GET"]}}],"collection":[{"href":"https:\/\/create2donate.org\/es\/wp-json\/wp\/v2\/product"}],"about":[{"href":"https:\/\/create2donate.org\/es\/wp-json\/wp\/v2\/types\/product"}],"wp:featuredmedia":[{"embeddable":true,"href":"https:\/\/create2donate.org\/es\/wp-json\/wp\/v2\/media\/2114"}],"wp:attachment":[{"href":"https:\/\/create2donate.org\/es\/wp-json\/wp\/v2\/media?parent=2262"}],"wp:term":[{"taxonomy":"product_brand","embeddable":true,"href":"https:\/\/create2donate.org\/es\/wp-json\/wp\/v2\/product_brand?post=2262"},{"taxonomy":"product_cat","embeddable":true,"href":"https:\/\/create2donate.org\/es\/wp-json\/wp\/v2\/product_cat?post=2262"},{"taxonomy":"product_tag","embeddable":true,"href":"https:\/\/create2donate.org\/es\/wp-json\/wp\/v2\/product_tag?post=2262"}],"curies":[{"name":"wp","href":"https:\/\/api.w.org\/{rel}","templated":true}]}}