{"id":2261,"date":"2024-09-26T08:50:55","date_gmt":"2024-09-26T06:50:55","guid":{"rendered":"https:\/\/create2donate.org\/boutique\/libro-pactos-parasociales-y-privilegios-estatutarios\/"},"modified":"2024-09-26T08:50:55","modified_gmt":"2024-09-26T06:50:55","slug":"libro-pactos-parasociales-y-privilegios-estatutarios","status":"publish","type":"product","link":"https:\/\/create2donate.org\/es\/boutique\/libro-pactos-parasociales-y-privilegios-estatutarios\/","title":{"rendered":"Libro \u00abPactos parasociales y privilegios estatutarios"},"content":{"rendered":"<p>Embarcarse en una aventura empresarial nunca es f\u00e1cil. A menudo es una experiencia compleja y estimulante. Crear una empresa, asociarse, organizar el capital, el accionariado, el reparto de beneficios o la refinanciaci\u00f3n de la empresa, garantizar el control o planificar su transmisi\u00f3n son elementos cruciales en la vida de una empresa. El pacto de accionistas es un instrumento esencial para construir esta ambici\u00f3n. Consiguen el equilibrio adecuado entre exhaustividad y flexibilidad, para prever una amplia gama de situaciones sin encerrar a la empresa en una camisa de fuerza r\u00edgida que ser\u00eda perjudicial. Estos acuerdos, junto con los estatutos, reflejan el v\u00ednculo societario, la affectio societatis, un v\u00ednculo a la vez econ\u00f3mico y humano, cuya organizaci\u00f3n implica un gran n\u00famero de par\u00e1metros y variables a considerar. Redactar los estatutos de una sociedad es una operaci\u00f3n compleja en la que el jurista debe combinar una excelente t\u00e9cnica jur\u00eddica con una visi\u00f3n econ\u00f3mica estrat\u00e9gica. Este libro resultar\u00e1 sin duda inestimable en este proceso. Combina la exhaustividad de una obra cient\u00edfica con la relevancia de una herramienta pr\u00e1ctica. Tambi\u00e9n es innovador porque, gracias al c\u00f3digo QR, est\u00e1 asociado a un clausier digital ofrecido por la empresa de tecnolog\u00eda jur\u00eddica Legal Pilot. Adem\u00e1s de ser sensibles a la evoluci\u00f3n digital de nuestras herramientas, tambi\u00e9n lo somos al compromiso que promueve este libro, dos tercios de cuyos derechos de autor se donar\u00e1n a la Fundaci\u00f3n Albatross, que desarrolla la educaci\u00f3n para el desarrollo sostenible para j\u00f3venes de todo el mundo. En definitiva, este libro es un instrumento que a\u00fana la inteligencia jur\u00eddica desarrollada a lo largo de los a\u00f1os por los profesionales y la modernidad necesaria para el desarrollo del derecho y la vida econ\u00f3mica de las empresas.  <\/p>\n","protected":false},"excerpt":{"rendered":"<p>Autores: <span style=\"font-size: 16px;\">Ghislaine Bouillet-Cordonnier <\/span><span style=\"font-size: 16px;\">, Marie-Alice Godot-Sorine, <\/span><span style=\"font-size: 16px;\">Jean-Marc Moulin y <\/span><span style=\"font-size: 16px;\">Eddy Lamazerolles<\/span><\/p>\n","protected":false},"featured_media":2190,"template":"","meta":{"_uag_custom_page_level_css":"","site-sidebar-layout":"default","site-content-layout":"","ast-site-content-layout":"default","site-content-style":"default","site-sidebar-style":"default","ast-global-header-display":"","ast-banner-title-visibility":"","ast-main-header-display":"","ast-hfb-above-header-display":"","ast-hfb-below-header-display":"","ast-hfb-mobile-header-display":"","site-post-title":"","ast-breadcrumbs-content":"","ast-featured-img":"","footer-sml-layout":"","ast-disable-related-posts":"","theme-transparent-header-meta":"default","adv-header-id-meta":"","stick-header-meta":"","header-above-stick-meta":"","header-main-stick-meta":"","header-below-stick-meta":"","astra-migrate-meta-layouts":"default","ast-page-background-enabled":"default","ast-page-background-meta":{"desktop":{"background-color":"var(--ast-global-color-4)","background-image":"","background-repeat":"repeat","background-position":"center center","background-size":"auto","background-attachment":"scroll","background-type":"","background-media":"","overlay-type":"","overlay-color":"","overlay-opacity":"","overlay-gradient":""},"tablet":{"background-color":"","background-image":"","background-repeat":"repeat","background-position":"center center","background-size":"auto","background-attachment":"scroll","background-type":"","background-media":"","overlay-type":"","overlay-color":"","overlay-opacity":"","overlay-gradient":""},"mobile":{"background-color":"","background-image":"","background-repeat":"repeat","background-position":"center center","background-size":"auto","background-attachment":"scroll","background-type":"","background-media":"","overlay-type":"","overlay-color":"","overlay-opacity":"","overlay-gradient":""}},"ast-content-background-meta":{"desktop":{"background-color":"var(--ast-global-color-5)","background-image":"","background-repeat":"repeat","background-position":"center center","background-size":"auto","background-attachment":"scroll","background-type":"","background-media":"","overlay-type":"","overlay-color":"","overlay-opacity":"","overlay-gradient":""},"tablet":{"background-color":"var(--ast-global-color-5)","background-image":"","background-repeat":"repeat","background-position":"center center","background-size":"auto","background-attachment":"scroll","background-type":"","background-media":"","overlay-type":"","overlay-color":"","overlay-opacity":"","overlay-gradient":""},"mobile":{"background-color":"var(--ast-global-color-5)","background-image":"","background-repeat":"repeat","background-position":"center center","background-size":"auto","background-attachment":"scroll","background-type":"","background-media":"","overlay-type":"","overlay-color":"","overlay-opacity":"","overlay-gradient":""}}},"product_brand":[],"product_cat":[45],"product_tag":[],"class_list":{"0":"post-2261","1":"product","2":"type-product","3":"status-publish","4":"has-post-thumbnail","6":"product_cat-libros","7":"desktop-align-center","8":"tablet-align-left","9":"mobile-align-left","11":"first","12":"instock","13":"shipping-taxable","14":"product-type-external"},"uagb_featured_image_src":{"full":["https:\/\/create2donate.org\/wp-content\/uploads\/2024\/09\/Capture-decran-2024-12-02-a-12.10.16.png",508,760,false],"thumbnail":["https:\/\/create2donate.org\/wp-content\/uploads\/2024\/09\/Capture-decran-2024-12-02-a-12.10.16-150x150.png",150,150,true],"medium":["https:\/\/create2donate.org\/wp-content\/uploads\/2024\/09\/Capture-decran-2024-12-02-a-12.10.16-201x300.png",201,300,true],"medium_large":["https:\/\/create2donate.org\/wp-content\/uploads\/2024\/09\/Capture-decran-2024-12-02-a-12.10.16.png",508,760,false],"large":["https:\/\/create2donate.org\/wp-content\/uploads\/2024\/09\/Capture-decran-2024-12-02-a-12.10.16.png",508,760,false],"1536x1536":["https:\/\/create2donate.org\/wp-content\/uploads\/2024\/09\/Capture-decran-2024-12-02-a-12.10.16.png",508,760,false],"2048x2048":["https:\/\/create2donate.org\/wp-content\/uploads\/2024\/09\/Capture-decran-2024-12-02-a-12.10.16.png",508,760,false],"woocommerce_thumbnail":["https:\/\/create2donate.org\/wp-content\/uploads\/2024\/09\/Capture-decran-2024-12-02-a-12.10.16-300x400.png",300,400,true],"woocommerce_single":["https:\/\/create2donate.org\/wp-content\/uploads\/2024\/09\/Capture-decran-2024-12-02-a-12.10.16.png",508,760,false],"woocommerce_gallery_thumbnail":["https:\/\/create2donate.org\/wp-content\/uploads\/2024\/09\/Capture-decran-2024-12-02-a-12.10.16-100x100.png",100,100,true]},"uagb_author_info":{"display_name":"C2donateGhislaine","author_link":"https:\/\/create2donate.org\/es\/author\/"},"uagb_comment_info":0,"uagb_excerpt":"Autores: Ghislaine Bouillet-Cordonnier , Marie-Alice Godot-Sorine, Jean-Marc Moulin y Eddy Lamazerolles","_links":{"self":[{"href":"https:\/\/create2donate.org\/es\/wp-json\/wp\/v2\/product\/2261","targetHints":{"allow":["GET"]}}],"collection":[{"href":"https:\/\/create2donate.org\/es\/wp-json\/wp\/v2\/product"}],"about":[{"href":"https:\/\/create2donate.org\/es\/wp-json\/wp\/v2\/types\/product"}],"wp:featuredmedia":[{"embeddable":true,"href":"https:\/\/create2donate.org\/es\/wp-json\/wp\/v2\/media\/2190"}],"wp:attachment":[{"href":"https:\/\/create2donate.org\/es\/wp-json\/wp\/v2\/media?parent=2261"}],"wp:term":[{"taxonomy":"product_brand","embeddable":true,"href":"https:\/\/create2donate.org\/es\/wp-json\/wp\/v2\/product_brand?post=2261"},{"taxonomy":"product_cat","embeddable":true,"href":"https:\/\/create2donate.org\/es\/wp-json\/wp\/v2\/product_cat?post=2261"},{"taxonomy":"product_tag","embeddable":true,"href":"https:\/\/create2donate.org\/es\/wp-json\/wp\/v2\/product_tag?post=2261"}],"curies":[{"name":"wp","href":"https:\/\/api.w.org\/{rel}","templated":true}]}}