{"id":2258,"date":"2024-11-06T16:58:05","date_gmt":"2024-11-06T15:58:05","guid":{"rendered":"https:\/\/create2donate.org\/boutique\/innovacion-a-traves-de-la-fusion-por-cj-meadows\/"},"modified":"2024-11-06T16:58:05","modified_gmt":"2024-11-06T15:58:05","slug":"innovacion-a-traves-de-la-fusion-por-cj-meadows","status":"publish","type":"product","link":"https:\/\/create2donate.org\/es\/boutique\/innovacion-a-traves-de-la-fusion-por-cj-meadows\/","title":{"rendered":"Innovaci\u00f3n a trav\u00e9s de la fusi\u00f3n\u00bb por CJ Meadows"},"content":{"rendered":"<p>Al igual que la fusi\u00f3n nuclear produce energ\u00eda masiva combinando dos n\u00facleos, la fusi\u00f3n en los negocios, la tecnolog\u00eda y las artes puede desencadenar un valor masivo, creando negocios, industrias y capacidades humanas totalmente nuevos. Se presentan ejemplos de la t\u00e9cnica de fusi\u00f3n para la innovaci\u00f3n radical y de alto valor en esta colecci\u00f3n \u00fanica de historias sobre innovaci\u00f3n en industrias, campos, silos organizativos, naciones, clases sociales y mucho m\u00e1s. Este libro es el resultado de un estudio global de 30 innovadores de talla mundial que han creado colectivamente miles de millones de d\u00f3lares en valor empresarial, as\u00ed como nuevos avances en las artes y las ciencias que alegran al mundo y pueden salvar millones de vidas. Las lecciones aprendidas de los viajes de los innovadores que se presentan en este libro ayudar\u00e1n a l\u00edderes, organizaciones e individuos a tener \u00e9xito en sus esfuerzos de innovaci\u00f3n. Adem\u00e1s, cada cap\u00edtulo contiene un enlace a un breve v\u00eddeo que proporciona informaci\u00f3n adicional, en su mayor parte procedente de los propios innovadores. La innovaci\u00f3n a trav\u00e9s de la fusi\u00f3n es una lectura esencial para los innovadores individuales que deseen crear el futuro, los equipos y las organizaciones que necesiten crear innovaciones radicales o de gran valor (especialmente entre sectores o silos organizativos), y los l\u00edderes preocupados por los rendimientos decrecientes de los esfuerzos de innovaci\u00f3n e inseguros sobre la supervivencia de la organizaci\u00f3n en un mundo perturbado. El autor propone un nuevo modelo de innovaci\u00f3n lateral, \u00fatil como proceso de innovaci\u00f3n y como marco para evaluar las capacidades de innovaci\u00f3n lateral. El libro est\u00e1 repleto de ejemplos de creaci\u00f3n de valor, como vidas salvadas, miles de millones de d\u00f3lares en ahorros\/crecimiento, nuevos productos, servicios y negocios, as\u00ed como historias de grandes innovadores laterales: qui\u00e9nes son y c\u00f3mo lo consiguieron. Para acceder a la charla del autor sobre la fusi\u00f3n en EmTech Asia\/MIT Technology Review, publicada en la revista Asian Scientist, haz clic aqu\u00ed: https: <a href=\"https:\/\/www.asianscientist.com\/2019\/04\/features\/ipi-singapore-emtech-asia-cj-meadows-innovation\/\" rel=\"noopener\" target=\"_blank\">\/\/www.asianscientist.com\/2019\/04\/features\/ipi-singapore-emtech-asia-cj-meadows-innovation\/<\/a> Para leer una rese\u00f1a del libro en YourStory, haz clic aqu\u00ed: https: <a href=\"https:\/\/yourstory.com\/2021\/02\/fusion-innovation-entrepreneurs-business-value-social-impact?utm_pageloadtype=scroll\" rel=\"noopener\" target=\"_blank\">\/\/yourstory.com\/2021\/02\/fusion-innovation-entrepreneurs-business-value-social-impact?utm_pageloadtype=scroll<\/a>    <\/p>\n","protected":false},"excerpt":{"rendered":"<p>T\u00edtulo: Innovaci\u00f3n a trav\u00e9s de la fusi\u00f3n: Combinar ideas innovadoras para crear soluciones de gran impacto Publicaci\u00f3n: Enero de 2020 Formato: R\u00fastica o ebook Idioma: Ingl\u00e9s Editor: De Gruyter N\u00famero de p\u00e1ginas: 498 p\u00e1ginas<\/p>\n","protected":false},"featured_media":2182,"template":"","meta":{"_uag_custom_page_level_css":"","site-sidebar-layout":"default","site-content-layout":"","ast-site-content-layout":"default","site-content-style":"default","site-sidebar-style":"default","ast-global-header-display":"","ast-banner-title-visibility":"","ast-main-header-display":"","ast-hfb-above-header-display":"","ast-hfb-below-header-display":"","ast-hfb-mobile-header-display":"","site-post-title":"","ast-breadcrumbs-content":"","ast-featured-img":"","footer-sml-layout":"","ast-disable-related-posts":"","theme-transparent-header-meta":"default","adv-header-id-meta":"","stick-header-meta":"","header-above-stick-meta":"","header-main-stick-meta":"","header-below-stick-meta":"","astra-migrate-meta-layouts":"default","ast-page-background-enabled":"default","ast-page-background-meta":{"desktop":{"background-color":"var(--ast-global-color-4)","background-image":"","background-repeat":"repeat","background-position":"center center","background-size":"auto","background-attachment":"scroll","background-type":"","background-media":"","overlay-type":"","overlay-color":"","overlay-opacity":"","overlay-gradient":""},"tablet":{"background-color":"","background-image":"","background-repeat":"repeat","background-position":"center center","background-size":"auto","background-attachment":"scroll","background-type":"","background-media":"","overlay-type":"","overlay-color":"","overlay-opacity":"","overlay-gradient":""},"mobile":{"background-color":"","background-image":"","background-repeat":"repeat","background-position":"center center","background-size":"auto","background-attachment":"scroll","background-type":"","background-media":"","overlay-type":"","overlay-color":"","overlay-opacity":"","overlay-gradient":""}},"ast-content-background-meta":{"desktop":{"background-color":"var(--ast-global-color-5)","background-image":"","background-repeat":"repeat","background-position":"center center","background-size":"auto","background-attachment":"scroll","background-type":"","background-media":"","overlay-type":"","overlay-color":"","overlay-opacity":"","overlay-gradient":""},"tablet":{"background-color":"var(--ast-global-color-5)","background-image":"","background-repeat":"repeat","background-position":"center center","background-size":"auto","background-attachment":"scroll","background-type":"","background-media":"","overlay-type":"","overlay-color":"","overlay-opacity":"","overlay-gradient":""},"mobile":{"background-color":"var(--ast-global-color-5)","background-image":"","background-repeat":"repeat","background-position":"center center","background-size":"auto","background-attachment":"scroll","background-type":"","background-media":"","overlay-type":"","overlay-color":"","overlay-opacity":"","overlay-gradient":""}}},"product_brand":[],"product_cat":[45],"product_tag":[],"class_list":{"0":"post-2258","1":"product","2":"type-product","3":"status-publish","4":"has-post-thumbnail","6":"product_cat-libros","7":"desktop-align-center","8":"tablet-align-left","9":"mobile-align-left","11":"first","12":"instock","13":"shipping-taxable","14":"product-type-external"},"uagb_featured_image_src":{"full":["https:\/\/create2donate.org\/wp-content\/uploads\/2024\/11\/innovation.jpg",337,500,false],"thumbnail":["https:\/\/create2donate.org\/wp-content\/uploads\/2024\/11\/innovation-150x150.jpg",150,150,true],"medium":["https:\/\/create2donate.org\/wp-content\/uploads\/2024\/11\/innovation-202x300.jpg",202,300,true],"medium_large":["https:\/\/create2donate.org\/wp-content\/uploads\/2024\/11\/innovation.jpg",337,500,false],"large":["https:\/\/create2donate.org\/wp-content\/uploads\/2024\/11\/innovation.jpg",337,500,false],"1536x1536":["https:\/\/create2donate.org\/wp-content\/uploads\/2024\/11\/innovation.jpg",337,500,false],"2048x2048":["https:\/\/create2donate.org\/wp-content\/uploads\/2024\/11\/innovation.jpg",337,500,false],"woocommerce_thumbnail":["https:\/\/create2donate.org\/wp-content\/uploads\/2024\/11\/innovation-300x400.jpg",300,400,true],"woocommerce_single":["https:\/\/create2donate.org\/wp-content\/uploads\/2024\/11\/innovation.jpg",337,500,false],"woocommerce_gallery_thumbnail":["https:\/\/create2donate.org\/wp-content\/uploads\/2024\/11\/innovation-100x100.jpg",100,100,true]},"uagb_author_info":{"display_name":"C2donateGhislaine","author_link":"https:\/\/create2donate.org\/es\/author\/"},"uagb_comment_info":0,"uagb_excerpt":"T\u00edtulo: Innovaci\u00f3n a trav\u00e9s de la fusi\u00f3n: Combinar ideas innovadoras para crear soluciones de gran impacto Publicaci\u00f3n: Enero de 2020 Formato: R\u00fastica o ebook Idioma: Ingl\u00e9s Editor: De Gruyter N\u00famero de p\u00e1ginas: 498 p\u00e1ginas","_links":{"self":[{"href":"https:\/\/create2donate.org\/es\/wp-json\/wp\/v2\/product\/2258","targetHints":{"allow":["GET"]}}],"collection":[{"href":"https:\/\/create2donate.org\/es\/wp-json\/wp\/v2\/product"}],"about":[{"href":"https:\/\/create2donate.org\/es\/wp-json\/wp\/v2\/types\/product"}],"wp:featuredmedia":[{"embeddable":true,"href":"https:\/\/create2donate.org\/es\/wp-json\/wp\/v2\/media\/2182"}],"wp:attachment":[{"href":"https:\/\/create2donate.org\/es\/wp-json\/wp\/v2\/media?parent=2258"}],"wp:term":[{"taxonomy":"product_brand","embeddable":true,"href":"https:\/\/create2donate.org\/es\/wp-json\/wp\/v2\/product_brand?post=2258"},{"taxonomy":"product_cat","embeddable":true,"href":"https:\/\/create2donate.org\/es\/wp-json\/wp\/v2\/product_cat?post=2258"},{"taxonomy":"product_tag","embeddable":true,"href":"https:\/\/create2donate.org\/es\/wp-json\/wp\/v2\/product_tag?post=2258"}],"curies":[{"name":"wp","href":"https:\/\/api.w.org\/{rel}","templated":true}]}}