{"id":2256,"date":"2024-09-26T08:54:28","date_gmt":"2024-09-26T06:54:28","guid":{"rendered":"https:\/\/create2donate.org\/boutique\/libro-la-finance-numerique\/"},"modified":"2024-09-26T08:54:28","modified_gmt":"2024-09-26T06:54:28","slug":"libro-la-finance-numerique","status":"publish","type":"product","link":"https:\/\/create2donate.org\/es\/boutique\/libro-la-finance-numerique\/","title":{"rendered":"Libro \u00abLa Finance Num\u00e9rique"},"content":{"rendered":"<p>La financiaci\u00f3n digital es un campo innovador y evolutivo por excelencia, que ya es un paso casi ineludible desde la financiaci\u00f3n de empresas incipientes hasta los mayores actores del mundo econ\u00f3mico, sea cual sea su forma jur\u00eddica. Sin embargo, el t\u00e9rmino \u00abfinanciaci\u00f3n digital\u00bb abarca un abanico de realidades distintas, desde la simple financiaci\u00f3n participativa o <em>Crownfunding<\/em> hasta la financiaci\u00f3n vinculada al blockchain, pasando por <em>la Initial Coins Offering<\/em> (criptomonedas\/activos), la <em>Security Token Offering<\/em> (tokens) o incluso instrumentos emergentes como los <em>contratos<\/em> DeFi y <em>Teal<\/em>. Este libro se dirige, por tanto, a todos los abogados, directores jur\u00eddicos y censores jurados de cuentas que deseen ampliar sus conocimientos sobre el mundo digital, as\u00ed como a los profesionales de la ingenier\u00eda financiera que deseen conocer las \u00faltimas reformas de la Ley Pacte, que convierten a Francia en uno de los primeros pa\u00edses en regular las ICO, las \u00faltimas posiciones de la AMF y sus reglamentos, y la evoluci\u00f3n de la doctrina y la pr\u00e1ctica. <\/p>\n","protected":false},"excerpt":{"rendered":"<div class=\"elementor-element elementor-element-22825f3 e-flex e-con-boxed e-con e-parent e-lazyloaded\" data-id=\"22825f3\" data-element_type=\"container\" data-settings=\"{\"background_background\":\"classic\"}\">\n<div class=\"e-con-inner\">\n<div class=\"elementor-element elementor-element-ff6587f e-con-full e-flex e-con e-child\" data-id=\"ff6587f\" data-element_type=\"container\">\n<div class=\"elementor-element elementor-element-6c2f00f elementor-widget elementor-widget-text-editor\" data-id=\"6c2f00f\" data-element_type=\"widget\" data-widget_type=\"text-editor.default\">\n<div class=\"elementor-widget-container\">\n<p>Autores :<\/p>\n<ul>\n<li>Jean-Marc Moulin, profesor universitario<\/li>\n<li><span style=\"font-size: 16px;\">Matthieu Quiniou, <\/span>Abogado doctor en Derecho<\/li>\n<li>Axel Gasser, estudiante de doctorado en blockchain<\/li>\n<\/ul>\n<\/div><\/div>\n<\/p><\/div>\n<\/p><\/div>\n<\/p><\/div>\n<div class=\"elementor-element elementor-element-e8112d9 e-flex e-con-boxed e-con e-parent e-lazyloaded\" data-id=\"e8112d9\" data-element_type=\"container\" data-settings=\"{\"background_background\":\"classic\"}\">\n<div class=\"e-con-inner\">\n<div class=\"elementor-element elementor-element-e391d07 elementor-widget elementor-widget-text-editor\" data-id=\"e391d07\" data-element_type=\"widget\" data-widget_type=\"text-editor.default\">\n<div class=\"elementor-widget-container\">\n<p>Coordinado por <span style=\"font-size: 16px;\">Ghislaine Bouillet-Cordonnier <\/span><span style=\"font-size: 16px;\">, abogada doctora en Derecho<\/span><\/p>\n<\/div><\/div>\n<\/p><\/div>\n<\/p><\/div>\n","protected":false},"featured_media":2142,"template":"","meta":{"_uag_custom_page_level_css":"","site-sidebar-layout":"default","site-content-layout":"","ast-site-content-layout":"default","site-content-style":"default","site-sidebar-style":"default","ast-global-header-display":"","ast-banner-title-visibility":"","ast-main-header-display":"","ast-hfb-above-header-display":"","ast-hfb-below-header-display":"","ast-hfb-mobile-header-display":"","site-post-title":"","ast-breadcrumbs-content":"","ast-featured-img":"","footer-sml-layout":"","ast-disable-related-posts":"","theme-transparent-header-meta":"default","adv-header-id-meta":"","stick-header-meta":"","header-above-stick-meta":"","header-main-stick-meta":"","header-below-stick-meta":"","astra-migrate-meta-layouts":"default","ast-page-background-enabled":"default","ast-page-background-meta":{"desktop":{"background-color":"var(--ast-global-color-4)","background-image":"","background-repeat":"repeat","background-position":"center center","background-size":"auto","background-attachment":"scroll","background-type":"","background-media":"","overlay-type":"","overlay-color":"","overlay-opacity":"","overlay-gradient":""},"tablet":{"background-color":"","background-image":"","background-repeat":"repeat","background-position":"center center","background-size":"auto","background-attachment":"scroll","background-type":"","background-media":"","overlay-type":"","overlay-color":"","overlay-opacity":"","overlay-gradient":""},"mobile":{"background-color":"","background-image":"","background-repeat":"repeat","background-position":"center center","background-size":"auto","background-attachment":"scroll","background-type":"","background-media":"","overlay-type":"","overlay-color":"","overlay-opacity":"","overlay-gradient":""}},"ast-content-background-meta":{"desktop":{"background-color":"var(--ast-global-color-5)","background-image":"","background-repeat":"repeat","background-position":"center center","background-size":"auto","background-attachment":"scroll","background-type":"","background-media":"","overlay-type":"","overlay-color":"","overlay-opacity":"","overlay-gradient":""},"tablet":{"background-color":"var(--ast-global-color-5)","background-image":"","background-repeat":"repeat","background-position":"center center","background-size":"auto","background-attachment":"scroll","background-type":"","background-media":"","overlay-type":"","overlay-color":"","overlay-opacity":"","overlay-gradient":""},"mobile":{"background-color":"var(--ast-global-color-5)","background-image":"","background-repeat":"repeat","background-position":"center center","background-size":"auto","background-attachment":"scroll","background-type":"","background-media":"","overlay-type":"","overlay-color":"","overlay-opacity":"","overlay-gradient":""}}},"product_brand":[],"product_cat":[45],"product_tag":[],"class_list":{"0":"post-2256","1":"product","2":"type-product","3":"status-publish","4":"has-post-thumbnail","6":"product_cat-libros","7":"desktop-align-center","8":"tablet-align-left","9":"mobile-align-left","11":"first","12":"instock","13":"shipping-taxable","14":"product-type-external"},"uagb_featured_image_src":{"full":["https:\/\/create2donate.org\/wp-content\/uploads\/2024\/09\/financement-numerique-e1715945109526.jpg",917,1339,false],"thumbnail":["https:\/\/create2donate.org\/wp-content\/uploads\/2024\/09\/financement-numerique-e1715945109526-150x150.jpg",150,150,true],"medium":["https:\/\/create2donate.org\/wp-content\/uploads\/2024\/09\/financement-numerique-e1715945109526-205x300.jpg",205,300,true],"medium_large":["https:\/\/create2donate.org\/wp-content\/uploads\/2024\/09\/financement-numerique-e1715945109526-768x1121.jpg",768,1121,true],"large":["https:\/\/create2donate.org\/wp-content\/uploads\/2024\/09\/financement-numerique-e1715945109526-701x1024.jpg",701,1024,true],"1536x1536":["https:\/\/create2donate.org\/wp-content\/uploads\/2024\/09\/financement-numerique-e1715945109526.jpg",917,1339,false],"2048x2048":["https:\/\/create2donate.org\/wp-content\/uploads\/2024\/09\/financement-numerique-e1715945109526.jpg",917,1339,false],"woocommerce_thumbnail":["https:\/\/create2donate.org\/wp-content\/uploads\/2024\/09\/financement-numerique-e1715945109526-300x400.jpg",300,400,true],"woocommerce_single":["https:\/\/create2donate.org\/wp-content\/uploads\/2024\/09\/financement-numerique-e1715945109526-600x876.jpg",600,876,true],"woocommerce_gallery_thumbnail":["https:\/\/create2donate.org\/wp-content\/uploads\/2024\/09\/financement-numerique-e1715945109526-100x100.jpg",100,100,true]},"uagb_author_info":{"display_name":"C2donateGhislaine","author_link":"https:\/\/create2donate.org\/es\/author\/"},"uagb_comment_info":0,"uagb_excerpt":"Autores : Jean-Marc Moulin, profesor universitario Matthieu Quiniou, Abogado doctor en Derecho Axel Gasser, estudiante de doctorado en blockchain Coordinado por Ghislaine Bouillet-Cordonnier , abogada doctora en Derecho","_links":{"self":[{"href":"https:\/\/create2donate.org\/es\/wp-json\/wp\/v2\/product\/2256","targetHints":{"allow":["GET"]}}],"collection":[{"href":"https:\/\/create2donate.org\/es\/wp-json\/wp\/v2\/product"}],"about":[{"href":"https:\/\/create2donate.org\/es\/wp-json\/wp\/v2\/types\/product"}],"wp:featuredmedia":[{"embeddable":true,"href":"https:\/\/create2donate.org\/es\/wp-json\/wp\/v2\/media\/2142"}],"wp:attachment":[{"href":"https:\/\/create2donate.org\/es\/wp-json\/wp\/v2\/media?parent=2256"}],"wp:term":[{"taxonomy":"product_brand","embeddable":true,"href":"https:\/\/create2donate.org\/es\/wp-json\/wp\/v2\/product_brand?post=2256"},{"taxonomy":"product_cat","embeddable":true,"href":"https:\/\/create2donate.org\/es\/wp-json\/wp\/v2\/product_cat?post=2256"},{"taxonomy":"product_tag","embeddable":true,"href":"https:\/\/create2donate.org\/es\/wp-json\/wp\/v2\/product_tag?post=2256"}],"curies":[{"name":"wp","href":"https:\/\/api.w.org\/{rel}","templated":true}]}}