{"id":2253,"date":"2024-11-06T16:41:24","date_gmt":"2024-11-06T15:41:24","guid":{"rendered":"https:\/\/create2donate.org\/boutique\/ebook-el-cuaderno-de-trabajo-del-pensamiento-de-diseno-de-cj-meadows-y-charvi-parikh\/"},"modified":"2024-11-06T16:41:24","modified_gmt":"2024-11-06T15:41:24","slug":"ebook-el-cuaderno-de-trabajo-del-pensamiento-de-diseno-de-cj-meadows-y-charvi-parikh","status":"publish","type":"product","link":"https:\/\/create2donate.org\/es\/boutique\/ebook-el-cuaderno-de-trabajo-del-pensamiento-de-diseno-de-cj-meadows-y-charvi-parikh\/","title":{"rendered":"Ebook \u00abEl cuaderno de trabajo del pensamiento de dise\u00f1o\u00bb de CJ Meadows y Charvi Parikh"},"content":{"rendered":"<p>El Design Thinking (DT) es popular en empresas innovadoras y start-ups porque ayuda a las personas a idear soluciones nuevas y originales a los retos actuales y a desarrollar habilidades subyacentes muy demandadas en la econom\u00eda del ma\u00f1ana: creatividad, pensamiento cr\u00edtico, colaboraci\u00f3n, perspicacia, empat\u00eda, experimentaci\u00f3n y mucho m\u00e1s. Tras a\u00f1os de investigaci\u00f3n y pr\u00e1ctica del Design Thinking, CJ Meadows y Charvi Parikh han destilado su experiencia en esta gu\u00eda definitiva para aprovechar al m\u00e1ximo este enfoque del crecimiento empresarial y la resoluci\u00f3n de problemas. En The Design Thinking Workbook, te gu\u00edan a trav\u00e9s de las habilidades esenciales que sustentan el DT y te presentan las herramientas, t\u00e9cnicas y procesos que te permiten aplicar inmediatamente el DT a situaciones del mundo real. Su enfoque experiencial, visual y basado en ejercicios despierta la parte del cerebro que dibuja, dise\u00f1a y sue\u00f1a. Cualquiera puede convertirse en un Design Thinker. Empresarios, responsables pol\u00edticos, educadores, emprendedores sociales y otras personas pueden utilizar el DT para resolver problemas, desarrollar la creatividad y dise\u00f1ar nuevas soluciones que hagan la vida m\u00e1s f\u00e1cil y las empresas m\u00e1s productivas.<\/p>\n","protected":false},"excerpt":{"rendered":"<p>T\u00edtulo: The Design Thinking Workbook: Essential Skills for Creativity and Business Growth Fecha de publicaci\u00f3n: octubre de 2022 Editor: Emerald Publishing Limited Formato: ebook (ePub)<\/p>\n","protected":false},"featured_media":2180,"template":"","meta":{"_uag_custom_page_level_css":"","site-sidebar-layout":"default","site-content-layout":"","ast-site-content-layout":"default","site-content-style":"default","site-sidebar-style":"default","ast-global-header-display":"","ast-banner-title-visibility":"","ast-main-header-display":"","ast-hfb-above-header-display":"","ast-hfb-below-header-display":"","ast-hfb-mobile-header-display":"","site-post-title":"","ast-breadcrumbs-content":"","ast-featured-img":"","footer-sml-layout":"","ast-disable-related-posts":"","theme-transparent-header-meta":"default","adv-header-id-meta":"","stick-header-meta":"","header-above-stick-meta":"","header-main-stick-meta":"","header-below-stick-meta":"","astra-migrate-meta-layouts":"default","ast-page-background-enabled":"default","ast-page-background-meta":{"desktop":{"background-color":"var(--ast-global-color-4)","background-image":"","background-repeat":"repeat","background-position":"center center","background-size":"auto","background-attachment":"scroll","background-type":"","background-media":"","overlay-type":"","overlay-color":"","overlay-opacity":"","overlay-gradient":""},"tablet":{"background-color":"","background-image":"","background-repeat":"repeat","background-position":"center center","background-size":"auto","background-attachment":"scroll","background-type":"","background-media":"","overlay-type":"","overlay-color":"","overlay-opacity":"","overlay-gradient":""},"mobile":{"background-color":"","background-image":"","background-repeat":"repeat","background-position":"center center","background-size":"auto","background-attachment":"scroll","background-type":"","background-media":"","overlay-type":"","overlay-color":"","overlay-opacity":"","overlay-gradient":""}},"ast-content-background-meta":{"desktop":{"background-color":"var(--ast-global-color-5)","background-image":"","background-repeat":"repeat","background-position":"center center","background-size":"auto","background-attachment":"scroll","background-type":"","background-media":"","overlay-type":"","overlay-color":"","overlay-opacity":"","overlay-gradient":""},"tablet":{"background-color":"var(--ast-global-color-5)","background-image":"","background-repeat":"repeat","background-position":"center center","background-size":"auto","background-attachment":"scroll","background-type":"","background-media":"","overlay-type":"","overlay-color":"","overlay-opacity":"","overlay-gradient":""},"mobile":{"background-color":"var(--ast-global-color-5)","background-image":"","background-repeat":"repeat","background-position":"center center","background-size":"auto","background-attachment":"scroll","background-type":"","background-media":"","overlay-type":"","overlay-color":"","overlay-opacity":"","overlay-gradient":""}}},"product_brand":[],"product_cat":[45],"product_tag":[],"class_list":{"0":"post-2253","1":"product","2":"type-product","3":"status-publish","4":"has-post-thumbnail","6":"product_cat-libros","7":"desktop-align-center","8":"tablet-align-left","9":"mobile-align-left","11":"first","12":"instock","13":"shipping-taxable","14":"product-type-external"},"uagb_featured_image_src":{"full":["https:\/\/create2donate.org\/wp-content\/uploads\/2024\/11\/The-Design-Thinking-Workbook.jpg",400,602,false],"thumbnail":["https:\/\/create2donate.org\/wp-content\/uploads\/2024\/11\/The-Design-Thinking-Workbook-150x150.jpg",150,150,true],"medium":["https:\/\/create2donate.org\/wp-content\/uploads\/2024\/11\/The-Design-Thinking-Workbook-199x300.jpg",199,300,true],"medium_large":["https:\/\/create2donate.org\/wp-content\/uploads\/2024\/11\/The-Design-Thinking-Workbook.jpg",400,602,false],"large":["https:\/\/create2donate.org\/wp-content\/uploads\/2024\/11\/The-Design-Thinking-Workbook.jpg",400,602,false],"1536x1536":["https:\/\/create2donate.org\/wp-content\/uploads\/2024\/11\/The-Design-Thinking-Workbook.jpg",400,602,false],"2048x2048":["https:\/\/create2donate.org\/wp-content\/uploads\/2024\/11\/The-Design-Thinking-Workbook.jpg",400,602,false],"woocommerce_thumbnail":["https:\/\/create2donate.org\/wp-content\/uploads\/2024\/11\/The-Design-Thinking-Workbook-300x400.jpg",300,400,true],"woocommerce_single":["https:\/\/create2donate.org\/wp-content\/uploads\/2024\/11\/The-Design-Thinking-Workbook.jpg",400,602,false],"woocommerce_gallery_thumbnail":["https:\/\/create2donate.org\/wp-content\/uploads\/2024\/11\/The-Design-Thinking-Workbook-100x100.jpg",100,100,true]},"uagb_author_info":{"display_name":"C2donateGhislaine","author_link":"https:\/\/create2donate.org\/es\/author\/"},"uagb_comment_info":0,"uagb_excerpt":"T\u00edtulo: The Design Thinking Workbook: Essential Skills for Creativity and Business Growth Fecha de publicaci\u00f3n: octubre de 2022 Editor: Emerald Publishing Limited Formato: ebook (ePub)","_links":{"self":[{"href":"https:\/\/create2donate.org\/es\/wp-json\/wp\/v2\/product\/2253","targetHints":{"allow":["GET"]}}],"collection":[{"href":"https:\/\/create2donate.org\/es\/wp-json\/wp\/v2\/product"}],"about":[{"href":"https:\/\/create2donate.org\/es\/wp-json\/wp\/v2\/types\/product"}],"wp:featuredmedia":[{"embeddable":true,"href":"https:\/\/create2donate.org\/es\/wp-json\/wp\/v2\/media\/2180"}],"wp:attachment":[{"href":"https:\/\/create2donate.org\/es\/wp-json\/wp\/v2\/media?parent=2253"}],"wp:term":[{"taxonomy":"product_brand","embeddable":true,"href":"https:\/\/create2donate.org\/es\/wp-json\/wp\/v2\/product_brand?post=2253"},{"taxonomy":"product_cat","embeddable":true,"href":"https:\/\/create2donate.org\/es\/wp-json\/wp\/v2\/product_cat?post=2253"},{"taxonomy":"product_tag","embeddable":true,"href":"https:\/\/create2donate.org\/es\/wp-json\/wp\/v2\/product_tag?post=2253"}],"curies":[{"name":"wp","href":"https:\/\/api.w.org\/{rel}","templated":true}]}}