{"id":2244,"date":"2025-01-19T13:40:42","date_gmt":"2025-01-19T12:40:42","guid":{"rendered":"https:\/\/create2donate.org\/boutique\/ebook-aire-serie-entorno-vital\/"},"modified":"2025-01-12T10:50:40","modified_gmt":"2025-01-12T09:50:40","slug":"ebook-aire-serie-entorno-vital","status":"publish","type":"product","link":"https:\/\/create2donate.org\/es\/boutique\/ebook-aire-serie-entorno-vital\/","title":{"rendered":"Ebook Aire &#8211; Serie Entorno vital"},"content":{"rendered":"","protected":false},"excerpt":{"rendered":"<p>La primera acci\u00f3n de C2D fue publicar y distribuir gratuitamente la primera serie de libros infantiles \u00abAlbatros\u00bb sobre el medio ambiente en la Exposici\u00f3n Universal de Shanghai. Casi 150.000 de los libros publicados por C2D se distribuyeron a ni\u00f1os de escuelas y comunidades locales desfavorecidas. Desde entonces, la serie triling\u00fce Albatross en franc\u00e9s, ingl\u00e9s y chino est\u00e1 disponible gratuitamente en formato pdf. <\/p>\n","protected":false},"featured_media":2224,"template":"","meta":{"_uag_custom_page_level_css":"","site-sidebar-layout":"default","site-content-layout":"","ast-site-content-layout":"default","site-content-style":"default","site-sidebar-style":"default","ast-global-header-display":"","ast-banner-title-visibility":"","ast-main-header-display":"","ast-hfb-above-header-display":"","ast-hfb-below-header-display":"","ast-hfb-mobile-header-display":"","site-post-title":"","ast-breadcrumbs-content":"","ast-featured-img":"","footer-sml-layout":"","ast-disable-related-posts":"","theme-transparent-header-meta":"default","adv-header-id-meta":"","stick-header-meta":"","header-above-stick-meta":"","header-main-stick-meta":"","header-below-stick-meta":"","astra-migrate-meta-layouts":"default","ast-page-background-enabled":"default","ast-page-background-meta":{"desktop":{"background-color":"var(--ast-global-color-4)","background-image":"","background-repeat":"repeat","background-position":"center center","background-size":"auto","background-attachment":"scroll","background-type":"","background-media":"","overlay-type":"","overlay-color":"","overlay-opacity":"","overlay-gradient":""},"tablet":{"background-color":"","background-image":"","background-repeat":"repeat","background-position":"center center","background-size":"auto","background-attachment":"scroll","background-type":"","background-media":"","overlay-type":"","overlay-color":"","overlay-opacity":"","overlay-gradient":""},"mobile":{"background-color":"","background-image":"","background-repeat":"repeat","background-position":"center center","background-size":"auto","background-attachment":"scroll","background-type":"","background-media":"","overlay-type":"","overlay-color":"","overlay-opacity":"","overlay-gradient":""}},"ast-content-background-meta":{"desktop":{"background-color":"var(--ast-global-color-5)","background-image":"","background-repeat":"repeat","background-position":"center center","background-size":"auto","background-attachment":"scroll","background-type":"","background-media":"","overlay-type":"","overlay-color":"","overlay-opacity":"","overlay-gradient":""},"tablet":{"background-color":"var(--ast-global-color-5)","background-image":"","background-repeat":"repeat","background-position":"center center","background-size":"auto","background-attachment":"scroll","background-type":"","background-media":"","overlay-type":"","overlay-color":"","overlay-opacity":"","overlay-gradient":""},"mobile":{"background-color":"var(--ast-global-color-5)","background-image":"","background-repeat":"repeat","background-position":"center center","background-size":"auto","background-attachment":"scroll","background-type":"","background-media":"","overlay-type":"","overlay-color":"","overlay-opacity":"","overlay-gradient":""}}},"product_brand":[],"product_cat":[45],"product_tag":[],"class_list":{"0":"post-2244","1":"product","2":"type-product","3":"status-publish","4":"has-post-thumbnail","6":"product_cat-libros","7":"desktop-align-center","8":"tablet-align-left","9":"mobile-align-left","11":"first","12":"instock","13":"virtual","14":"purchasable","15":"product-type-simple"},"uagb_featured_image_src":{"full":["https:\/\/create2donate.org\/wp-content\/uploads\/2024\/11\/Capture-decran-2024-11-06-a-17.17.30.png",804,971,false],"thumbnail":["https:\/\/create2donate.org\/wp-content\/uploads\/2024\/11\/Capture-decran-2024-11-06-a-17.17.30-150x150.png",150,150,true],"medium":["https:\/\/create2donate.org\/wp-content\/uploads\/2024\/11\/Capture-decran-2024-11-06-a-17.17.30-248x300.png",248,300,true],"medium_large":["https:\/\/create2donate.org\/wp-content\/uploads\/2024\/11\/Capture-decran-2024-11-06-a-17.17.30-768x928.png",768,928,true],"large":["https:\/\/create2donate.org\/wp-content\/uploads\/2024\/11\/Capture-decran-2024-11-06-a-17.17.30.png",804,971,false],"1536x1536":["https:\/\/create2donate.org\/wp-content\/uploads\/2024\/11\/Capture-decran-2024-11-06-a-17.17.30.png",804,971,false],"2048x2048":["https:\/\/create2donate.org\/wp-content\/uploads\/2024\/11\/Capture-decran-2024-11-06-a-17.17.30.png",804,971,false],"woocommerce_thumbnail":["https:\/\/create2donate.org\/wp-content\/uploads\/2024\/11\/Capture-decran-2024-11-06-a-17.17.30-300x400.png",300,400,true],"woocommerce_single":["https:\/\/create2donate.org\/wp-content\/uploads\/2024\/11\/Capture-decran-2024-11-06-a-17.17.30-600x725.png",600,725,true],"woocommerce_gallery_thumbnail":["https:\/\/create2donate.org\/wp-content\/uploads\/2024\/11\/Capture-decran-2024-11-06-a-17.17.30-100x100.png",100,100,true]},"uagb_author_info":{"display_name":"C2donateGhislaine","author_link":"https:\/\/create2donate.org\/es\/author\/"},"uagb_comment_info":0,"uagb_excerpt":"La primera acci\u00f3n de C2D fue publicar y distribuir gratuitamente la primera serie de libros infantiles \"Albatros\" sobre el medio ambiente en la Exposici\u00f3n Universal de Shanghai. Casi 150.000 de los libros publicados por C2D se distribuyeron a ni\u00f1os de escuelas y comunidades locales desfavorecidas. Desde entonces, la serie triling\u00fce Albatross en franc\u00e9s, ingl\u00e9s y&hellip;","_links":{"self":[{"href":"https:\/\/create2donate.org\/es\/wp-json\/wp\/v2\/product\/2244","targetHints":{"allow":["GET"]}}],"collection":[{"href":"https:\/\/create2donate.org\/es\/wp-json\/wp\/v2\/product"}],"about":[{"href":"https:\/\/create2donate.org\/es\/wp-json\/wp\/v2\/types\/product"}],"wp:featuredmedia":[{"embeddable":true,"href":"https:\/\/create2donate.org\/es\/wp-json\/wp\/v2\/media\/2224"}],"wp:attachment":[{"href":"https:\/\/create2donate.org\/es\/wp-json\/wp\/v2\/media?parent=2244"}],"wp:term":[{"taxonomy":"product_brand","embeddable":true,"href":"https:\/\/create2donate.org\/es\/wp-json\/wp\/v2\/product_brand?post=2244"},{"taxonomy":"product_cat","embeddable":true,"href":"https:\/\/create2donate.org\/es\/wp-json\/wp\/v2\/product_cat?post=2244"},{"taxonomy":"product_tag","embeddable":true,"href":"https:\/\/create2donate.org\/es\/wp-json\/wp\/v2\/product_tag?post=2244"}],"curies":[{"name":"wp","href":"https:\/\/api.w.org\/{rel}","templated":true}]}}