{"id":2351,"date":"2021-10-08T06:08:04","date_gmt":"2021-10-08T04:08:04","guid":{"rendered":"https:\/\/create2donate.org\/sobre-nosotros\/"},"modified":"2025-03-30T07:42:29","modified_gmt":"2025-03-30T05:42:29","slug":"sobre-nosotros","status":"publish","type":"page","link":"https:\/\/create2donate.org\/es\/sobre-nosotros\/","title":{"rendered":"Sobre nosotros"},"content":{"rendered":"\n<div class=\"wp-block-group alignfull has-ast-global-color-5-background-color has-background is-layout-flow wp-block-group-is-layout-flow\"><div class=\"wp-block-group__inner-container\">\n<h2 class=\"wp-block-heading\">\u00bfQui\u00e9n es Create2donate?<\/h2>\n\n\n\n<p>Create2donate es una empresa socialmente responsable que incluye un negocio de comercio solidario y comercio electr\u00f3nico, as\u00ed como una editorial filantr\u00f3pica. Create2donate fue fundada en Singapur en 2010 por la Dra. Ghislaine Bouillet-Cordonnier.  <br\/><br\/>Create2donate presta apoyo financiero a la Fundaci\u00f3n Albatross, cuyo objetivo es educar a los j\u00f3venes sobre el desarrollo sostenible utilizando herramientas cient\u00edficas innovadoras y divertidas<a href=\"http:\/\/wwww.albatrossglobal.org\/\" target=\"_blank\" rel=\"noreferrer noopener\">(wwww.albatrossglobal.Org)<\/a>. C2D tambi\u00e9n apoya proyectos de otras ONG que comparten los mismos valores.   <\/p>\n\n\n\n<p>Create2donate se centra en los criterios ESG (Medio Ambiente, Social y Gobernanza) con 3 actividades principales<\/p>\n\n\n\n<ul class=\"wp-block-list\">\n<li>Artes<\/li>\n\n\n\n<li>Literatura &#8211; libros y cartas<\/li>\n\n\n\n<li>Ciencias<\/li>\n<\/ul>\n\n\n\n<p>C2D es un s\u00edmbolo de doble alegr\u00eda: \u00abcuando creas eres feliz; cuando donas eres feliz\u00bb. \u00abCuando creas eres feliz; cuando donas eres feliz\u00bb.   <\/p>\n\n\n\n<h2 class=\"wp-block-heading\">\u00bfC\u00f3mo trabajamos? Nuevo modelo de negocio C2D<\/h2>\n\n\n\n<p>Create2donate y su amplia red de voluntarios han puesto en marcha un nuevo modelo de negocio \u00abC2D\u00bb. Los beneficios netos de las ventas en Create2Donate C2D se asignan equitativamente con: <\/p>\n\n\n\n<ul class=\"wp-block-list\">\n<li>1\/3 del beneficio neto asignado al creador de valor art\u00edstico, literario o cient\u00edfico;<\/li>\n\n\n\n<li>1\/3 del beneficio neto se destinar\u00e1 a la Fundaci\u00f3n Albatross para la formaci\u00f3n gratuita de j\u00f3venes en desarrollo sostenible;<\/li>\n\n\n\n<li>1\/3 del Beneficio Neto destinado a la ONG\/Universidad\/organizaci\u00f3n o causa ben\u00e9fica elegida de la lista presentada anualmente por la Alianza de Juristas de Derechos Humanos (www.aadh.fr) o por un Socio del Portal de las Naciones Unidas (www.unportal.org).<\/li>\n<\/ul>\n\n\n\n<p>3% de comisi\u00f3n asignada a las personas que act\u00faen como distribuidores, franquiciados o agentes de los productos y\/o servicios de Create2donate.<\/p>\n\n\n\n<p>La lista de ONG\/universidades\/organizaciones ben\u00e9ficas presentada por la Alianza de Juristas de Derechos Humanos y la del Portal de Socios de la ONU est\u00e1n alineadas con los 17 Objetivos de Desarrollo Sostenible de Estados Unidos, que constituyen el n\u00facleo de la Agenda 2030 de las Naciones Unidas.<\/p>\n\n\n\n<h2 class=\"wp-block-heading\">\u00bfQu\u00e9 Objetivos de Desarrollo Sostenible apoyamos?<\/h2>\n\n\n\n<p>Apoyamos los 17 Objetivos de Desarrollo Sostenible de las Naciones Unidas con las ONG acreditadas por el Portal de Socios de las Naciones Unidas y las ONG recomendadas por la Alianza de Juristas de Derechos Humanos (AADH) que se enumeran a continuaci\u00f3n.<\/p>\n\n\n\n<figure class=\"wp-block-image size-full\"><img loading=\"lazy\" decoding=\"async\" width=\"640\" height=\"392\" src=\"https:\/\/create2donate.org\/wp-content\/uploads\/2024\/09\/SDGs_poster-1280x785-1.png\" alt=\"\" class=\"wp-image-1455\" srcset=\"https:\/\/create2donate.org\/wp-content\/uploads\/2024\/09\/SDGs_poster-1280x785-1.png 640w, https:\/\/create2donate.org\/wp-content\/uploads\/2024\/09\/SDGs_poster-1280x785-1-300x184.png 300w, https:\/\/create2donate.org\/wp-content\/uploads\/2024\/09\/SDGs_poster-1280x785-1-600x368.png 600w\" sizes=\"auto, (max-width: 640px) 100vw, 640px\" \/><\/figure>\n\n\n<h3 class=\"wp-block-heading\"><\/h3>\n\n\n\n<ol class=\"wp-block-list\">\n<li>Erradicar la pobreza en todas sus formas, en todo el mundo: <strong>CCFD Terre Solidaire<\/strong><\/li>\n\n\n\n<li>Erradicar el hambre, garantizar la seguridad alimentaria, mejorar la nutrici\u00f3n y promover la agricultura sostenible: <strong>Acci\u00f3n contra el Hambre, la primera emergencia internacional<\/strong><\/li>\n\n\n\n<li>Permitir a todos vivir con buena salud y promover el bienestar para todos a todas las edades: <strong>MSF, Secours populaire, AADH<\/strong><\/li>\n\n\n\n<li>Garantizar una educaci\u00f3n equitativa, inclusiva y de calidad y oportunidades de aprendizaje permanente para todos: <strong>Droit d&#8217;enfance, Fondation pour l&#8217;enfance<\/strong><\/li>\n\n\n\n<li>Lograr la igualdad de g\u00e9nero y la autonom\u00eda de todas las mujeres y ni\u00f1as: <strong>Diaspo de la Humanidad, AADH<\/strong><\/li>\n\n\n\n<li>Garantizar el acceso de todos a servicios de abastecimiento de agua y saneamiento gestionados de forma sostenible: <strong>Solidarit\u00e9 international, AADH<\/strong><\/li>\n\n\n\n<li>Garantizar el acceso de todos a servicios energ\u00e9ticos fiables, sostenibles, modernos y asequibles: <strong>GERES<\/strong><\/li>\n\n\n\n<li>Promover el crecimiento econ\u00f3mico sostenido, compartido y sostenible, el empleo pleno y productivo y el trabajo decente para todos: <strong>AFG autisme<\/strong><\/li>\n\n\n\n<li>Construir una infraestructura resistente, promover una industrializaci\u00f3n sostenible que beneficie a todos y fomentar la innovaci\u00f3n<\/li>\n\n\n\n<li>Reducir las desigualdades dentro de los pa\u00edses y entre ellos: <strong>ATD Cuarto Mundo<\/strong><\/li>\n\n\n\n<li>Garantizar que las ciudades y los asentamientos sean inclusivos, seguros, resilientes y sostenibles<\/li>\n\n\n\n<li>Establecer pautas de consumo y producci\u00f3n sostenibles<\/li>\n\n\n\n<li>Adopta medidas urgentes para combatir el cambio clim\u00e1tico y sus repercusiones: <strong>red de acci\u00f3n por el clima<\/strong><\/li>\n\n\n\n<li>Conservaci\u00f3n y uso sostenible de los oc\u00e9anos, mares y recursos marinos para el desarrollo sostenible: <strong>France Nature environnement<\/strong><\/li>\n\n\n\n<li>Preservar y restaurar los ecosistemas terrestres, garantizar su utilizaci\u00f3n sostenible, gestionar los bosques de forma sostenible, luchar contra la desertizaci\u00f3n, detener e invertir el proceso de degradaci\u00f3n de las tierras y frenar la p\u00e9rdida de biodiversidad: <strong>FNE France nature environnement<\/strong><\/li>\n\n\n\n<li>Promover sociedades pac\u00edficas e inclusivas para el desarrollo sostenible, garantizando el acceso a la justicia para todos y construyendo instituciones eficaces, responsables e inclusivas a todos los niveles: <strong>Acci\u00f3n de Cristianos por la Abolici\u00f3n de la Tortura, Amnist\u00eda, FIDH, Oxfam, AADH<\/strong>.<\/li>\n\n\n\n<li>Reforzar los medios para aplicar la Asociaci\u00f3n Mundial para el Desarrollo Sostenible y revitalizarla<\/li>\n<\/ol>\n\n\n\n<p>Para consultar la lista completa de ONG y otros socios acreditados por el Portal de Socios de la ONU, v\u00e9ase www.partnerportal.org.<\/p>\n<\/div><\/div>\n\n<p><\/p>\n","protected":false},"excerpt":{"rendered":"<p>\u00bfQui\u00e9n es Create2donate? Create2donate es una empresa socialmente responsable que incluye un negocio de comercio solidario y comercio electr\u00f3nico, as\u00ed como una editorial filantr\u00f3pica. Create2donate fue fundada en Singapur en 2010 por la Dra. Ghislaine Bouillet-Cordonnier. Create2donate presta apoyo financiero a la Fundaci\u00f3n Albatross, cuyo objetivo es educar a los j\u00f3venes sobre el desarrollo sostenible [&hellip;]<\/p>\n","protected":false},"author":8,"featured_media":0,"parent":0,"menu_order":0,"comment_status":"closed","ping_status":"closed","template":"","meta":{"_uag_custom_page_level_css":"","site-sidebar-layout":"no-sidebar","site-content-layout":"plain-container","ast-site-content-layout":"normal-width-container","site-content-style":"unboxed","site-sidebar-style":"unboxed","ast-global-header-display":"","ast-banner-title-visibility":"","ast-main-header-display":"","ast-hfb-above-header-display":"","ast-hfb-below-header-display":"","ast-hfb-mobile-header-display":"","site-post-title":"","ast-breadcrumbs-content":"","ast-featured-img":"disabled","footer-sml-layout":"","ast-disable-related-posts":"","theme-transparent-header-meta":"disabled","adv-header-id-meta":"","stick-header-meta":"","header-above-stick-meta":"","header-main-stick-meta":"","header-below-stick-meta":"","astra-migrate-meta-layouts":"default","ast-page-background-enabled":"default","ast-page-background-meta":{"desktop":{"background-color":"var(--ast-global-color-4)","background-image":"","background-repeat":"repeat","background-position":"center center","background-size":"auto","background-attachment":"scroll","background-type":"","background-media":"","overlay-type":"","overlay-color":"","overlay-opacity":"","overlay-gradient":""},"tablet":{"background-color":"","background-image":"","background-repeat":"repeat","background-position":"center center","background-size":"auto","background-attachment":"scroll","background-type":"","background-media":"","overlay-type":"","overlay-color":"","overlay-opacity":"","overlay-gradient":""},"mobile":{"background-color":"","background-image":"","background-repeat":"repeat","background-position":"center center","background-size":"auto","background-attachment":"scroll","background-type":"","background-media":"","overlay-type":"","overlay-color":"","overlay-opacity":"","overlay-gradient":""}},"ast-content-background-meta":{"desktop":{"background-color":"var(--ast-global-color-5)","background-image":"","background-repeat":"repeat","background-position":"center center","background-size":"auto","background-attachment":"scroll","background-type":"","background-media":"","overlay-type":"","overlay-color":"","overlay-opacity":"","overlay-gradient":""},"tablet":{"background-color":"var(--ast-global-color-5)","background-image":"","background-repeat":"repeat","background-position":"center center","background-size":"auto","background-attachment":"scroll","background-type":"","background-media":"","overlay-type":"","overlay-color":"","overlay-opacity":"","overlay-gradient":""},"mobile":{"background-color":"var(--ast-global-color-5)","background-image":"","background-repeat":"repeat","background-position":"center center","background-size":"auto","background-attachment":"scroll","background-type":"","background-media":"","overlay-type":"","overlay-color":"","overlay-opacity":"","overlay-gradient":""}},"footnotes":""},"class_list":["post-2351","page","type-page","status-publish","hentry"],"uagb_featured_image_src":{"full":false,"thumbnail":false,"medium":false,"medium_large":false,"large":false,"1536x1536":false,"2048x2048":false,"woocommerce_thumbnail":false,"woocommerce_single":false,"woocommerce_gallery_thumbnail":false},"uagb_author_info":{"display_name":"C2donateGhislaine","author_link":"https:\/\/create2donate.org\/es\/author\/c2donateghislaine\/"},"uagb_comment_info":0,"uagb_excerpt":"\u00bfQui\u00e9n es Create2donate? Create2donate es una empresa socialmente responsable que incluye un negocio de comercio solidario y comercio electr\u00f3nico, as\u00ed como una editorial filantr\u00f3pica. Create2donate fue fundada en Singapur en 2010 por la Dra. Ghislaine Bouillet-Cordonnier. Create2donate presta apoyo financiero a la Fundaci\u00f3n Albatross, cuyo objetivo es educar a los j\u00f3venes sobre el desarrollo sostenible&hellip;","_links":{"self":[{"href":"https:\/\/create2donate.org\/es\/wp-json\/wp\/v2\/pages\/2351","targetHints":{"allow":["GET"]}}],"collection":[{"href":"https:\/\/create2donate.org\/es\/wp-json\/wp\/v2\/pages"}],"about":[{"href":"https:\/\/create2donate.org\/es\/wp-json\/wp\/v2\/types\/page"}],"author":[{"embeddable":true,"href":"https:\/\/create2donate.org\/es\/wp-json\/wp\/v2\/users\/8"}],"replies":[{"embeddable":true,"href":"https:\/\/create2donate.org\/es\/wp-json\/wp\/v2\/comments?post=2351"}],"version-history":[{"count":3,"href":"https:\/\/create2donate.org\/es\/wp-json\/wp\/v2\/pages\/2351\/revisions"}],"predecessor-version":[{"id":2682,"href":"https:\/\/create2donate.org\/es\/wp-json\/wp\/v2\/pages\/2351\/revisions\/2682"}],"wp:attachment":[{"href":"https:\/\/create2donate.org\/es\/wp-json\/wp\/v2\/media?parent=2351"}],"curies":[{"name":"wp","href":"https:\/\/api.w.org\/{rel}","templated":true}]}}