{"id":3022,"date":"2025-11-30T19:29:01","date_gmt":"2025-11-30T18:29:01","guid":{"rendered":"https:\/\/create2donate.org\/boutique\/cherchez-le-bonheur\/"},"modified":"2025-11-30T19:29:01","modified_gmt":"2025-11-30T18:29:01","slug":"cherchez-le-bonheur","status":"publish","type":"product","link":"https:\/\/create2donate.org\/en\/boutique\/cherchez-le-bonheur\/","title":{"rendered":"Cherchez le Bonheur"},"content":{"rendered":"<p>Version Fran\u00e7aise<br \/>\nTrouver le Bonheur est un livre magnifiquement illustr\u00e9 pour des enfants pr\u00e9sents, confiants et bienveillants (\u00e0 partir de 10 ans)<\/p>\n<p>La m\u00e9thode simple pour des enfants plus heureux et r\u00e9silients !<br \/>\nCr\u00e9\u00e9 par la c\u00e9l\u00e8bre psychologue, le Dr. Ellen Langer, pionni\u00e8re de la pleine conscience \u00e0 Harvard. Trouver le Bonheur est un livre magnifiquement illustr\u00e9, sp\u00e9cialement con\u00e7u pour les jeunes lecteurs \u00e0 partir de 10 ans.  <\/p>\n<p>\u00c0 travers une narration enjou\u00e9e et accessible, ce livre offre des outils pratiques pour aider votre enfant \u00e0 naviguer dans les complexit\u00e9s sociales et \u00e9motionnelles du monde. Il l\u2019encourage \u00e0 :<br \/>\n\u2022 \u00catre plus pr\u00e9sent (Pleine Conscience).<br \/>\n\u2022 D\u00e9velopper la confiance en soi.<br \/>\n\u2022 Cultiver la gentillesse envers lui-m\u00eame et les autres. <\/p>\n<p>Au c\u0153ur de l&#8217;histoire se trouve l&#8217;approche GLADO (G\u00e9n\u00e9reux, Aimant, Authentique, Direct, Ouvert), un petit guide pour aborder la vie avec curiosit\u00e9 et empathie.<\/p>\n<p>Un bonus unique : Le livre inclut un acc\u00e8s facultatif \u00e0 GaiaVoice, un double num\u00e9rique exp\u00e9rimental de l&#8217;auteure, accessible via un QR code, pour rendre la pleine conscience interactive. Un service gratuit, propos\u00e9 par la fondation Albatross. <\/p>\n<p>Plus qu&#8217;une histoire, c&#8217;est une bo\u00eete \u00e0 outils &#8211; disponible en plusieurs langues, en Braille et en langue des signes &#8211; pour le bien-\u00eatre \u00e9motionnel de votre enfant.<\/p>\n","protected":false},"excerpt":{"rendered":"<p data-start=\"35\" data-end=\"541\"><strong data-start=\"35\" data-end=\"57\">Trouvez le Bonheur<\/strong> est un livre illustr\u00e9 con\u00e7u pour aider les enfants d\u00e8s 10 ans \u00e0 devenir plus pr\u00e9sents, confiants et bienveillants. Cr\u00e9\u00e9 par la Dr Ellen Langer, pionni\u00e8re de la pleine conscience, il propose une histoire simple et ludique qui enseigne des outils concrets pour d\u00e9velopper l\u2019attention, la confiance en soi et la gentillesse.<br data-start=\"378\" data-end=\"381\">Au centre du livre se trouve l\u2019approche <strong data-start=\"421\" data-end=\"430\">GLADO<\/strong> (G\u00e9n\u00e9reux, Aimant, Authentique, Direct, Ouvert), une m\u00e9thode pour aborder la vie avec curiosit\u00e9 et empathie. <\/p>\n<p data-start=\"543\" data-end=\"802\" data-is-last-node=\"\" data-is-only-node=\"\">Le livre offre aussi un acc\u00e8s optionnel \u00e0 <strong data-start=\"585\" data-end=\"598\">GaiaVoice<\/strong>, un double num\u00e9rique de l\u2019auteure, pour une exp\u00e9rience interactive. Disponible en plusieurs langues, en braille et en langue des signes, c\u2019est un v\u00e9ritable outil de bien-\u00eatre \u00e9motionnel pour les enfants. <\/p>\n","protected":false},"featured_media":2882,"template":"","meta":{"_uag_custom_page_level_css":"","site-sidebar-layout":"default","site-content-layout":"","ast-site-content-layout":"default","site-content-style":"default","site-sidebar-style":"default","ast-global-header-display":"","ast-banner-title-visibility":"","ast-main-header-display":"","ast-hfb-above-header-display":"","ast-hfb-below-header-display":"","ast-hfb-mobile-header-display":"","site-post-title":"","ast-breadcrumbs-content":"","ast-featured-img":"","footer-sml-layout":"","ast-disable-related-posts":"","theme-transparent-header-meta":"default","adv-header-id-meta":"","stick-header-meta":"","header-above-stick-meta":"","header-main-stick-meta":"","header-below-stick-meta":"","astra-migrate-meta-layouts":"default","ast-page-background-enabled":"default","ast-page-background-meta":{"desktop":{"background-color":"var(--ast-global-color-4)","background-image":"","background-repeat":"repeat","background-position":"center center","background-size":"auto","background-attachment":"scroll","background-type":"","background-media":"","overlay-type":"","overlay-color":"","overlay-opacity":"","overlay-gradient":""},"tablet":{"background-color":"","background-image":"","background-repeat":"repeat","background-position":"center center","background-size":"auto","background-attachment":"scroll","background-type":"","background-media":"","overlay-type":"","overlay-color":"","overlay-opacity":"","overlay-gradient":""},"mobile":{"background-color":"","background-image":"","background-repeat":"repeat","background-position":"center center","background-size":"auto","background-attachment":"scroll","background-type":"","background-media":"","overlay-type":"","overlay-color":"","overlay-opacity":"","overlay-gradient":""}},"ast-content-background-meta":{"desktop":{"background-color":"var(--ast-global-color-5)","background-image":"","background-repeat":"repeat","background-position":"center center","background-size":"auto","background-attachment":"scroll","background-type":"","background-media":"","overlay-type":"","overlay-color":"","overlay-opacity":"","overlay-gradient":""},"tablet":{"background-color":"var(--ast-global-color-5)","background-image":"","background-repeat":"repeat","background-position":"center center","background-size":"auto","background-attachment":"scroll","background-type":"","background-media":"","overlay-type":"","overlay-color":"","overlay-opacity":"","overlay-gradient":""},"mobile":{"background-color":"var(--ast-global-color-5)","background-image":"","background-repeat":"repeat","background-position":"center center","background-size":"auto","background-attachment":"scroll","background-type":"","background-media":"","overlay-type":"","overlay-color":"","overlay-opacity":"","overlay-gradient":""}}},"product_brand":[],"product_cat":[44,64],"product_tag":[],"class_list":{"0":"post-3022","1":"product","2":"type-product","3":"status-publish","4":"has-post-thumbnail","6":"product_cat-books","7":"product_cat-unique-products","8":"desktop-align-center","9":"tablet-align-left","10":"mobile-align-left","12":"first","13":"instock","14":"downloadable","15":"virtual","16":"purchasable","17":"product-type-simple"},"uagb_featured_image_src":{"full":["https:\/\/create2donate.org\/wp-content\/uploads\/2025\/11\/Cherchez-le-Bonheur.png",900,671,false],"thumbnail":["https:\/\/create2donate.org\/wp-content\/uploads\/2025\/11\/Cherchez-le-Bonheur-150x150.png",150,150,true],"medium":["https:\/\/create2donate.org\/wp-content\/uploads\/2025\/11\/Cherchez-le-Bonheur-300x224.png",300,224,true],"medium_large":["https:\/\/create2donate.org\/wp-content\/uploads\/2025\/11\/Cherchez-le-Bonheur-768x573.png",768,573,true],"large":["https:\/\/create2donate.org\/wp-content\/uploads\/2025\/11\/Cherchez-le-Bonheur.png",900,671,false],"1536x1536":["https:\/\/create2donate.org\/wp-content\/uploads\/2025\/11\/Cherchez-le-Bonheur.png",900,671,false],"2048x2048":["https:\/\/create2donate.org\/wp-content\/uploads\/2025\/11\/Cherchez-le-Bonheur.png",900,671,false],"woocommerce_thumbnail":["https:\/\/create2donate.org\/wp-content\/uploads\/2025\/11\/Cherchez-le-Bonheur-300x400.png",300,400,true],"woocommerce_single":["https:\/\/create2donate.org\/wp-content\/uploads\/2025\/11\/Cherchez-le-Bonheur-600x447.png",600,447,true],"woocommerce_gallery_thumbnail":["https:\/\/create2donate.org\/wp-content\/uploads\/2025\/11\/Cherchez-le-Bonheur-100x100.png",100,100,true]},"uagb_author_info":{"display_name":"Amzir","author_link":"https:\/\/create2donate.org\/en\/author\/"},"uagb_comment_info":0,"uagb_excerpt":"Trouvez le Bonheur est un livre illustr\u00e9 con\u00e7u pour aider les enfants d\u00e8s 10 ans \u00e0 devenir plus pr\u00e9sents, confiants et bienveillants. Cr\u00e9\u00e9 par la Dr Ellen Langer, pionni\u00e8re de la pleine conscience, il propose une histoire simple et ludique qui enseigne des outils concrets pour d\u00e9velopper l\u2019attention, la confiance en soi et la gentillesse.Au&hellip;","_links":{"self":[{"href":"https:\/\/create2donate.org\/en\/wp-json\/wp\/v2\/product\/3022","targetHints":{"allow":["GET"]}}],"collection":[{"href":"https:\/\/create2donate.org\/en\/wp-json\/wp\/v2\/product"}],"about":[{"href":"https:\/\/create2donate.org\/en\/wp-json\/wp\/v2\/types\/product"}],"wp:featuredmedia":[{"embeddable":true,"href":"https:\/\/create2donate.org\/en\/wp-json\/wp\/v2\/media\/2882"}],"wp:attachment":[{"href":"https:\/\/create2donate.org\/en\/wp-json\/wp\/v2\/media?parent=3022"}],"wp:term":[{"taxonomy":"product_brand","embeddable":true,"href":"https:\/\/create2donate.org\/en\/wp-json\/wp\/v2\/product_brand?post=3022"},{"taxonomy":"product_cat","embeddable":true,"href":"https:\/\/create2donate.org\/en\/wp-json\/wp\/v2\/product_cat?post=3022"},{"taxonomy":"product_tag","embeddable":true,"href":"https:\/\/create2donate.org\/en\/wp-json\/wp\/v2\/product_tag?post=3022"}],"curies":[{"name":"wp","href":"https:\/\/api.w.org\/{rel}","templated":true}]}}