{"id":3016,"date":"2026-02-17T18:01:25","date_gmt":"2026-02-17T17:01:25","guid":{"rendered":"https:\/\/create2donate.org\/boutique\/em-busca-da-felicidade\/"},"modified":"2026-02-17T18:01:25","modified_gmt":"2026-02-17T17:01:25","slug":"em-busca-da-felicidade","status":"publish","type":"product","link":"https:\/\/create2donate.org\/en\/boutique\/em-busca-da-felicidade\/","title":{"rendered":"Em Busca da Felicidade"},"content":{"rendered":"<p>Vers\u00e3o em portugu\u00eas<\/p>\n<p>Em Busca da Felicidade : Um livro lindamente ilustrado para crian\u00e7as conscientes, confiantes e gentis (a partir dos 10 anos)<\/p>\n<p>O m\u00e9todo simples para crian\u00e7as mais felizes e resilientes!<br \/>\nCriado pela renomada psic\u00f3loga Dra. Ellen Langer, pioneira da aten\u00e7\u00e3o plena em Harvard, Em Busca da Felicidade \u00e9 um livro lindamente ilustrado, especialmente concebido para jovens leitores a partir dos 8 anos. <\/p>\n<p>Atrav\u00e9s de uma narrativa divertida e acess\u00edvel, este livro oferece ferramentas pr\u00e1ticas para ajudar o seu filho a navegar pelas complexidades sociais e emocionais do mundo. Ele incentiva-os a:<br \/>\n&#8211; Estar mais presentes (Mindfulness).<br \/>\n&#8211; Desenvolver autoconfian\u00e7a.<br \/>\n&#8211; Cultivar gentileza para consigo mesmos e com os outros. <\/p>\n<p>No centro da hist\u00f3ria est\u00e1 a abordagem GLADO (Generoso, Amoroso, Aut\u00eantico, Direto, Aberto), um guia simples para abra\u00e7ar a vida com curiosidade e empatia.<\/p>\n<p>Um recurso b\u00f3nus exclusivo: o livro inclui acesso opcional ao GaiaVoice, um g\u00eameo digital experimental do autor, acess\u00edvel atrav\u00e9s de um c\u00f3digo QR, para tornar a aten\u00e7\u00e3o plena interativa. Este \u00e9 um servi\u00e7o gratuito fornecido pela Albatross Foundation. <\/p>\n<p>Mais do que apenas uma hist\u00f3ria, este \u00e9 um kit de ferramentas de bem-estar emocional &#8211; dispon\u00edvel em v\u00e1rios idiomas, incluindo Braille e linguagem de sinais &#8211; para o seu filho.<\/p>\n","protected":false},"excerpt":{"rendered":"<p>Vers\u00e3o em portugu\u00eas<\/p>\n<p>Em Busca da Felicidade : Um livro lindamente ilustrado para crian\u00e7as conscientes, confiantes e gentis (a partir dos 10 anos)<\/p>\n<p>O m\u00e9todo simples para crian\u00e7as mais felizes e resilientes!<br \/>\nCriado pela renomada psic\u00f3loga Dra. Ellen Langer, pioneira da aten\u00e7\u00e3o plena em Harvard, Em Busca da Felicidade \u00e9 um livro lindamente ilustrado, especialmente concebido para jovens leitores a partir dos 8 anos. <\/p>\n<p>Atrav\u00e9s de uma narrativa divertida e acess\u00edvel, este livro oferece ferramentas pr\u00e1ticas para ajudar o seu filho a navegar pelas complexidades sociais e emocionais do mundo. Ele incentiva-os a:<br \/>\n&#8211; Estar mais presentes (Mindfulness).<br \/>\n&#8211; Desenvolver autoconfian\u00e7a.<br \/>\n&#8211; Cultivar gentileza para consigo mesmos e com os outros. <\/p>\n<p>No centro da hist\u00f3ria est\u00e1 a abordagem GLADO (Generoso, Amoroso, Aut\u00eantico, Direto, Aberto), um guia simples para abra\u00e7ar a vida com curiosidade e empatia.<\/p>\n<p>Um recurso b\u00f3nus exclusivo: o livro inclui acesso opcional ao GaiaVoice, um g\u00eameo digital experimental do autor, acess\u00edvel atrav\u00e9s de um c\u00f3digo QR, para tornar a aten\u00e7\u00e3o plena interativa. Este \u00e9 um servi\u00e7o gratuito fornecido pela Albatross Foundation. <\/p>\n<p>Mais do que apenas uma hist\u00f3ria, este \u00e9 um kit de ferramentas de bem-estar emocional &#8211; dispon\u00edvel em v\u00e1rios idiomas, incluindo Braille e linguagem de sinais &#8211; para o seu filho.<\/p>\n","protected":false},"featured_media":2990,"template":"","meta":{"_uag_custom_page_level_css":"","site-sidebar-layout":"default","site-content-layout":"","ast-site-content-layout":"default","site-content-style":"default","site-sidebar-style":"default","ast-global-header-display":"","ast-banner-title-visibility":"","ast-main-header-display":"","ast-hfb-above-header-display":"","ast-hfb-below-header-display":"","ast-hfb-mobile-header-display":"","site-post-title":"","ast-breadcrumbs-content":"","ast-featured-img":"","footer-sml-layout":"","ast-disable-related-posts":"","theme-transparent-header-meta":"default","adv-header-id-meta":"","stick-header-meta":"","header-above-stick-meta":"","header-main-stick-meta":"","header-below-stick-meta":"","astra-migrate-meta-layouts":"default","ast-page-background-enabled":"default","ast-page-background-meta":{"desktop":{"background-color":"var(--ast-global-color-4)","background-image":"","background-repeat":"repeat","background-position":"center center","background-size":"auto","background-attachment":"scroll","background-type":"","background-media":"","overlay-type":"","overlay-color":"","overlay-opacity":"","overlay-gradient":""},"tablet":{"background-color":"","background-image":"","background-repeat":"repeat","background-position":"center center","background-size":"auto","background-attachment":"scroll","background-type":"","background-media":"","overlay-type":"","overlay-color":"","overlay-opacity":"","overlay-gradient":""},"mobile":{"background-color":"","background-image":"","background-repeat":"repeat","background-position":"center center","background-size":"auto","background-attachment":"scroll","background-type":"","background-media":"","overlay-type":"","overlay-color":"","overlay-opacity":"","overlay-gradient":""}},"ast-content-background-meta":{"desktop":{"background-color":"var(--ast-global-color-5)","background-image":"","background-repeat":"repeat","background-position":"center center","background-size":"auto","background-attachment":"scroll","background-type":"","background-media":"","overlay-type":"","overlay-color":"","overlay-opacity":"","overlay-gradient":""},"tablet":{"background-color":"var(--ast-global-color-5)","background-image":"","background-repeat":"repeat","background-position":"center center","background-size":"auto","background-attachment":"scroll","background-type":"","background-media":"","overlay-type":"","overlay-color":"","overlay-opacity":"","overlay-gradient":""},"mobile":{"background-color":"var(--ast-global-color-5)","background-image":"","background-repeat":"repeat","background-position":"center center","background-size":"auto","background-attachment":"scroll","background-type":"","background-media":"","overlay-type":"","overlay-color":"","overlay-opacity":"","overlay-gradient":""}}},"product_brand":[],"product_cat":[44,64],"product_tag":[],"class_list":{"0":"post-3016","1":"product","2":"type-product","3":"status-publish","4":"has-post-thumbnail","6":"product_cat-books","7":"product_cat-unique-products","8":"desktop-align-center","9":"tablet-align-left","10":"mobile-align-left","12":"first","13":"instock","14":"virtual","15":"purchasable","16":"product-type-simple"},"uagb_featured_image_src":{"full":["https:\/\/create2donate.org\/wp-content\/uploads\/2026\/02\/Capture-decran-2026-02-16-173850.png",655,504,false],"thumbnail":["https:\/\/create2donate.org\/wp-content\/uploads\/2026\/02\/Capture-decran-2026-02-16-173850-150x150.png",150,150,true],"medium":["https:\/\/create2donate.org\/wp-content\/uploads\/2026\/02\/Capture-decran-2026-02-16-173850-300x231.png",300,231,true],"medium_large":["https:\/\/create2donate.org\/wp-content\/uploads\/2026\/02\/Capture-decran-2026-02-16-173850.png",655,504,false],"large":["https:\/\/create2donate.org\/wp-content\/uploads\/2026\/02\/Capture-decran-2026-02-16-173850.png",655,504,false],"1536x1536":["https:\/\/create2donate.org\/wp-content\/uploads\/2026\/02\/Capture-decran-2026-02-16-173850.png",655,504,false],"2048x2048":["https:\/\/create2donate.org\/wp-content\/uploads\/2026\/02\/Capture-decran-2026-02-16-173850.png",655,504,false],"woocommerce_thumbnail":["https:\/\/create2donate.org\/wp-content\/uploads\/2026\/02\/Capture-decran-2026-02-16-173850-300x400.png",300,400,true],"woocommerce_single":["https:\/\/create2donate.org\/wp-content\/uploads\/2026\/02\/Capture-decran-2026-02-16-173850-600x462.png",600,462,true],"woocommerce_gallery_thumbnail":["https:\/\/create2donate.org\/wp-content\/uploads\/2026\/02\/Capture-decran-2026-02-16-173850-100x100.png",100,100,true]},"uagb_author_info":{"display_name":"C2donateGhislaine","author_link":"https:\/\/create2donate.org\/en\/author\/"},"uagb_comment_info":0,"uagb_excerpt":"Vers\u00e3o em portugu\u00eas Em Busca da Felicidade : Um livro lindamente ilustrado para crian\u00e7as conscientes, confiantes e gentis (a partir dos 10 anos) O m\u00e9todo simples para crian\u00e7as mais felizes e resilientes! Criado pela renomada psic\u00f3loga Dra. Ellen Langer, pioneira da aten\u00e7\u00e3o plena em Harvard, Em Busca da Felicidade \u00e9 um livro lindamente ilustrado, especialmente&hellip;","_links":{"self":[{"href":"https:\/\/create2donate.org\/en\/wp-json\/wp\/v2\/product\/3016","targetHints":{"allow":["GET"]}}],"collection":[{"href":"https:\/\/create2donate.org\/en\/wp-json\/wp\/v2\/product"}],"about":[{"href":"https:\/\/create2donate.org\/en\/wp-json\/wp\/v2\/types\/product"}],"wp:featuredmedia":[{"embeddable":true,"href":"https:\/\/create2donate.org\/en\/wp-json\/wp\/v2\/media\/2990"}],"wp:attachment":[{"href":"https:\/\/create2donate.org\/en\/wp-json\/wp\/v2\/media?parent=3016"}],"wp:term":[{"taxonomy":"product_brand","embeddable":true,"href":"https:\/\/create2donate.org\/en\/wp-json\/wp\/v2\/product_brand?post=3016"},{"taxonomy":"product_cat","embeddable":true,"href":"https:\/\/create2donate.org\/en\/wp-json\/wp\/v2\/product_cat?post=3016"},{"taxonomy":"product_tag","embeddable":true,"href":"https:\/\/create2donate.org\/en\/wp-json\/wp\/v2\/product_tag?post=3016"}],"curies":[{"name":"wp","href":"https:\/\/api.w.org\/{rel}","templated":true}]}}