{"id":3012,"date":"2026-02-17T18:01:58","date_gmt":"2026-02-17T17:01:58","guid":{"rendered":"https:\/\/create2donate.org\/boutique\/encontrando-la-felicidad\/"},"modified":"2026-02-27T21:20:13","modified_gmt":"2026-02-27T20:20:13","slug":"encontrando-la-felicidad","status":"publish","type":"product","link":"https:\/\/create2donate.org\/en\/boutique\/encontrando-la-felicidad\/","title":{"rendered":"Encontrando la Felicidad"},"content":{"rendered":"<p>Versi\u00f3n en espa\u00f1ol<\/p>\n<p>Encontrando la felicidad: un libro bellamente ilustrado para ni\u00f1os conscientes, seguros y amables (a partir de 10 a\u00f1os)<\/p>\n<p>\u00a1El m\u00e9todo sencillo para que los ni\u00f1os sean m\u00e1s felices y resilientes!<br \/>\nCreado por la reconocida psic\u00f3loga Ellen Langer, pionera del mindfulness en Harvard, Encontrar la felicidad es un libro bellamente ilustrado, especialmente dise\u00f1ado para lectores j\u00f3venes a partir de 8 a\u00f1os.<\/p>\n<p>A trav\u00e9s de una narraci\u00f3n l\u00fadica y accesible, este libro ofrece herramientas pr\u00e1cticas para ayudar a su hijo a navegar por las complejidades sociales y emocionales del mundo. Les anima a:<br \/>\n&#8211; Estar m\u00e1s presentes (atenci\u00f3n plena).<br \/>\n&#8211; Desarrollar la confianza en s\u00ed mismos.<br \/>\n&#8211; Cultivar la amabilidad hacia s\u00ed mismos y hacia los dem\u00e1s. <\/p>\n<p>En el centro de la historia se encuentra el enfoque GLADO (Generoso, Amoroso, Aut\u00e9ntico, Directo, Abierto), una gu\u00eda sencilla para abrazar la vida con curiosidad y empat\u00eda.<\/p>\n<p>Una caracter\u00edstica adicional \u00fanica: el libro incluye acceso opcional a GaiaVoice, un gemelo digital experimental del autor, accesible a trav\u00e9s de un c\u00f3digo QR, para hacer que la atenci\u00f3n plena sea interactiva. Se trata de un servicio gratuito proporcionado por la Fundaci\u00f3n Albatross. <\/p>\n<p>M\u00e1s que una simple historia, se trata de un conjunto de herramientas para el bienestar emocional, disponible en varios idiomas, incluyendo braille y lenguaje de signos, para su hijo<\/p>\n","protected":false},"excerpt":{"rendered":"<p>Versi\u00f3n en espa\u00f1ol<\/p>\n<p><strong>Encontrando la Felicidad<\/strong> es un libro ilustrado de la Dra. Ellen Langer, dise\u00f1ado para ni\u00f1os a partir de 10 a\u00f1os. Ense\u00f1a mindfulness, confianza en uno mismo y amabilidad a trav\u00e9s de una narraci\u00f3n l\u00fadica. El eje central del libro es el <strong>enfoque GLADO<\/strong> (Generoso, Amoroso, Aut\u00e9ntico, Directo, Abierto), que gu\u00eda a los ni\u00f1os a abrazar la vida con curiosidad y empat\u00eda. El libro tambi\u00e9n ofrece acceso interactivo opcional a <strong>GaiaVoice<\/strong>, un gemelo digital de la autora, para una experiencia de mindfulness atractiva. Disponible en varios idiomas, incluyendo braille y lenguaje de signos, sirve tanto como cuento como herramienta para el bienestar emocional de los j\u00f3venes lectores.     <\/p>\n","protected":false},"featured_media":2998,"template":"","meta":{"_uag_custom_page_level_css":"","site-sidebar-layout":"default","site-content-layout":"","ast-site-content-layout":"default","site-content-style":"default","site-sidebar-style":"default","ast-global-header-display":"","ast-banner-title-visibility":"","ast-main-header-display":"","ast-hfb-above-header-display":"","ast-hfb-below-header-display":"","ast-hfb-mobile-header-display":"","site-post-title":"","ast-breadcrumbs-content":"","ast-featured-img":"","footer-sml-layout":"","ast-disable-related-posts":"","theme-transparent-header-meta":"default","adv-header-id-meta":"","stick-header-meta":"","header-above-stick-meta":"","header-main-stick-meta":"","header-below-stick-meta":"","astra-migrate-meta-layouts":"default","ast-page-background-enabled":"default","ast-page-background-meta":{"desktop":{"background-color":"var(--ast-global-color-4)","background-image":"","background-repeat":"repeat","background-position":"center center","background-size":"auto","background-attachment":"scroll","background-type":"","background-media":"","overlay-type":"","overlay-color":"","overlay-opacity":"","overlay-gradient":""},"tablet":{"background-color":"","background-image":"","background-repeat":"repeat","background-position":"center center","background-size":"auto","background-attachment":"scroll","background-type":"","background-media":"","overlay-type":"","overlay-color":"","overlay-opacity":"","overlay-gradient":""},"mobile":{"background-color":"","background-image":"","background-repeat":"repeat","background-position":"center center","background-size":"auto","background-attachment":"scroll","background-type":"","background-media":"","overlay-type":"","overlay-color":"","overlay-opacity":"","overlay-gradient":""}},"ast-content-background-meta":{"desktop":{"background-color":"var(--ast-global-color-5)","background-image":"","background-repeat":"repeat","background-position":"center center","background-size":"auto","background-attachment":"scroll","background-type":"","background-media":"","overlay-type":"","overlay-color":"","overlay-opacity":"","overlay-gradient":""},"tablet":{"background-color":"var(--ast-global-color-5)","background-image":"","background-repeat":"repeat","background-position":"center center","background-size":"auto","background-attachment":"scroll","background-type":"","background-media":"","overlay-type":"","overlay-color":"","overlay-opacity":"","overlay-gradient":""},"mobile":{"background-color":"var(--ast-global-color-5)","background-image":"","background-repeat":"repeat","background-position":"center center","background-size":"auto","background-attachment":"scroll","background-type":"","background-media":"","overlay-type":"","overlay-color":"","overlay-opacity":"","overlay-gradient":""}}},"product_brand":[],"product_cat":[44,64],"product_tag":[],"class_list":{"0":"post-3012","1":"product","2":"type-product","3":"status-publish","4":"has-post-thumbnail","6":"product_cat-books","7":"product_cat-unique-products","8":"desktop-align-center","9":"tablet-align-left","10":"mobile-align-left","12":"first","13":"instock","14":"virtual","15":"purchasable","16":"product-type-simple"},"uagb_featured_image_src":{"full":["https:\/\/create2donate.org\/wp-content\/uploads\/2026\/02\/Capture-decran-2026-02-16-173956.png",656,506,false],"thumbnail":["https:\/\/create2donate.org\/wp-content\/uploads\/2026\/02\/Capture-decran-2026-02-16-173956-150x150.png",150,150,true],"medium":["https:\/\/create2donate.org\/wp-content\/uploads\/2026\/02\/Capture-decran-2026-02-16-173956-300x231.png",300,231,true],"medium_large":["https:\/\/create2donate.org\/wp-content\/uploads\/2026\/02\/Capture-decran-2026-02-16-173956.png",656,506,false],"large":["https:\/\/create2donate.org\/wp-content\/uploads\/2026\/02\/Capture-decran-2026-02-16-173956.png",656,506,false],"1536x1536":["https:\/\/create2donate.org\/wp-content\/uploads\/2026\/02\/Capture-decran-2026-02-16-173956.png",656,506,false],"2048x2048":["https:\/\/create2donate.org\/wp-content\/uploads\/2026\/02\/Capture-decran-2026-02-16-173956.png",656,506,false],"woocommerce_thumbnail":["https:\/\/create2donate.org\/wp-content\/uploads\/2026\/02\/Capture-decran-2026-02-16-173956-300x400.png",300,400,true],"woocommerce_single":["https:\/\/create2donate.org\/wp-content\/uploads\/2026\/02\/Capture-decran-2026-02-16-173956-600x463.png",600,463,true],"woocommerce_gallery_thumbnail":["https:\/\/create2donate.org\/wp-content\/uploads\/2026\/02\/Capture-decran-2026-02-16-173956-100x100.png",100,100,true]},"uagb_author_info":{"display_name":"C2donateGhislaine","author_link":"https:\/\/create2donate.org\/en\/author\/"},"uagb_comment_info":0,"uagb_excerpt":"Versi\u00f3n en espa\u00f1ol Encontrando la Felicidad es un libro ilustrado de la Dra. Ellen Langer, dise\u00f1ado para ni\u00f1os a partir de 10 a\u00f1os. Ense\u00f1a mindfulness, confianza en uno mismo y amabilidad a trav\u00e9s de una narraci\u00f3n l\u00fadica. El eje central del libro es el enfoque GLADO (Generoso, Amoroso, Aut\u00e9ntico, Directo, Abierto), que gu\u00eda a los&hellip;","_links":{"self":[{"href":"https:\/\/create2donate.org\/en\/wp-json\/wp\/v2\/product\/3012","targetHints":{"allow":["GET"]}}],"collection":[{"href":"https:\/\/create2donate.org\/en\/wp-json\/wp\/v2\/product"}],"about":[{"href":"https:\/\/create2donate.org\/en\/wp-json\/wp\/v2\/types\/product"}],"wp:featuredmedia":[{"embeddable":true,"href":"https:\/\/create2donate.org\/en\/wp-json\/wp\/v2\/media\/2998"}],"wp:attachment":[{"href":"https:\/\/create2donate.org\/en\/wp-json\/wp\/v2\/media?parent=3012"}],"wp:term":[{"taxonomy":"product_brand","embeddable":true,"href":"https:\/\/create2donate.org\/en\/wp-json\/wp\/v2\/product_brand?post=3012"},{"taxonomy":"product_cat","embeddable":true,"href":"https:\/\/create2donate.org\/en\/wp-json\/wp\/v2\/product_cat?post=3012"},{"taxonomy":"product_tag","embeddable":true,"href":"https:\/\/create2donate.org\/en\/wp-json\/wp\/v2\/product_tag?post=3012"}],"curies":[{"name":"wp","href":"https:\/\/api.w.org\/{rel}","templated":true}]}}