{"id":2282,"date":"2022-06-20T18:01:31","date_gmt":"2022-06-20T16:01:31","guid":{"rendered":"https:\/\/create2donate.org\/boutique\/planisphere-bleute-by-regis-gauthier\/"},"modified":"2022-06-20T18:01:31","modified_gmt":"2022-06-20T16:01:31","slug":"planisphere-bleute-by-regis-gauthier","status":"publish","type":"product","link":"https:\/\/create2donate.org\/en\/boutique\/planisphere-bleute-by-regis-gauthier\/","title":{"rendered":"Planisph\u00e8re bleut\u00e9 &#8211; by R\u00e9gis Gauthier"},"content":{"rendered":"<h2>Artist : R\u00e9gis Gauthier<\/h2>\n<p>site :  <a href=\"https:\/\/atelier-arbrissime-regis-gauthier-ebenisterie.business.site\/\">https:\/\/atelier-arbrissime-regis-gauthier-ebenisterie.business.site\/<\/a><\/p>\n<p>Text by R\u00e9gis Gauthier :<\/p>\n<p><img loading=\"lazy\" decoding=\"async\" class=\"alignleft wp-image-1394\" src=\"https:\/\/create2donate.org\/wp-content\/uploads\/2022\/06\/Regis.jpg\" alt=\"R\u00e9gis Gauthier\" width=\"399\" height=\"600\" srcset=\"https:\/\/create2donate.org\/wp-content\/uploads\/2022\/06\/Regis.jpg 900w, https:\/\/create2donate.org\/wp-content\/uploads\/2022\/06\/Regis-200x300.jpg 200w, https:\/\/create2donate.org\/wp-content\/uploads\/2022\/06\/Regis-682x1024.jpg 682w, https:\/\/create2donate.org\/wp-content\/uploads\/2022\/06\/Regis-768x1154.jpg 768w, https:\/\/create2donate.org\/wp-content\/uploads\/2022\/06\/Regis-600x901.jpg 600w\" sizes=\"auto, (max-width: 399px) 100vw, 399px\" \/>&#8220;Artisan cabinetmaker, turner, sculptor, designer, restorer&#8230; and wood lover. Born August 27, 1968 in Montbrison. Discovered woodturning in 1979. In 1984, he enrolled in a cabinetmaking CAP, a BEP in wood construction, and a BT in fixtures and fittings at the LTP Maurice la Mache in Lyon. This was followed by a wealth of professional experience in woodworking: cabinetmaking, restoration, marquetry, creation, prototypes, etc. In 2000, I worked for seven years with a designer in St Galmier, creating and producing exceptional pieces. In December 2016, I set up my own business: Atelier Arbrissime in Epercieux st Paul. My approach is as much artistic as it is artisanal, My work consists of enhancing the value of wood while trying to raise public awareness of respect for and protection of the tree History of revealing: its memory, its beauty, its wounds,&#8230; its mysteries. Certified &#8220;r\u00e9par&#8217;acteur&#8221;, eco-designer, restorer of all kinds, making objects, furniture and small constructions. Creation, optimization and reuse of resources for unique creations. &#8221;<\/p>\n<p>&nbsp;<\/p>\n<blockquote><p>&#8220;Wood is my passion The tree fascinates me. When it&#8217;s no longer standing, I become its interpreter, delivering its message&#8230; or mine, I don&#8217;t know&#8230; It then takes on a multitude of finery, from the purest to the most complicated, from the roughest to the most sophisticated, from the softest to the most flayed. As a cabinetmaker, turner and sculptor, I try to bring the soul of the tree back to life. I&#8217;ve been shaping wood for over 40 years. With humility and respect, I&#8217;ll show you its secrets, for behind its reflections, it&#8217;s energy and magic. &#8221;<\/p>\n<\/blockquote>\n","protected":false},"excerpt":{"rendered":"<p>Bluish planisphere with needle-shaped cover<\/p>\n<p>Dimensions: Diameter: 20-23 cm \/ Height: 12 cm<\/p>\n<p>Technique: Turned wood<\/p>\n<p>Weight: 800g<\/p>\n<p>Possibility of purchasing all <a href=\"https:\/\/create2donate.org\/boutique\/planispheres-regis-gauthier\/\">3 planispheres<\/a> in the series for 900\u20ac.<\/p>\n","protected":false},"featured_media":1987,"template":"","meta":{"_uag_custom_page_level_css":"","site-sidebar-layout":"default","site-content-layout":"default","ast-site-content-layout":"default","site-content-style":"default","site-sidebar-style":"default","ast-global-header-display":"","ast-banner-title-visibility":"","ast-main-header-display":"","ast-hfb-above-header-display":"","ast-hfb-below-header-display":"","ast-hfb-mobile-header-display":"","site-post-title":"","ast-breadcrumbs-content":"","ast-featured-img":"","footer-sml-layout":"","ast-disable-related-posts":"","theme-transparent-header-meta":"default","adv-header-id-meta":"","stick-header-meta":"","header-above-stick-meta":"","header-main-stick-meta":"","header-below-stick-meta":"","astra-migrate-meta-layouts":"default","ast-page-background-enabled":"default","ast-page-background-meta":{"desktop":{"background-color":"var(--ast-global-color-4)","background-image":"","background-repeat":"repeat","background-position":"center center","background-size":"auto","background-attachment":"scroll","background-type":"","background-media":"","overlay-type":"","overlay-color":"","overlay-opacity":"","overlay-gradient":""},"tablet":{"background-color":"","background-image":"","background-repeat":"repeat","background-position":"center center","background-size":"auto","background-attachment":"scroll","background-type":"","background-media":"","overlay-type":"","overlay-color":"","overlay-opacity":"","overlay-gradient":""},"mobile":{"background-color":"","background-image":"","background-repeat":"repeat","background-position":"center center","background-size":"auto","background-attachment":"scroll","background-type":"","background-media":"","overlay-type":"","overlay-color":"","overlay-opacity":"","overlay-gradient":""}},"ast-content-background-meta":{"desktop":{"background-color":"var(--ast-global-color-5)","background-image":"","background-repeat":"repeat","background-position":"center center","background-size":"auto","background-attachment":"scroll","background-type":"","background-media":"","overlay-type":"","overlay-color":"","overlay-opacity":"","overlay-gradient":""},"tablet":{"background-color":"var(--ast-global-color-5)","background-image":"","background-repeat":"repeat","background-position":"center center","background-size":"auto","background-attachment":"scroll","background-type":"","background-media":"","overlay-type":"","overlay-color":"","overlay-opacity":"","overlay-gradient":""},"mobile":{"background-color":"var(--ast-global-color-5)","background-image":"","background-repeat":"repeat","background-position":"center center","background-size":"auto","background-attachment":"scroll","background-type":"","background-media":"","overlay-type":"","overlay-color":"","overlay-opacity":"","overlay-gradient":""}}},"product_brand":[],"product_cat":[50,48],"product_tag":[],"class_list":{"0":"post-2282","1":"product","2":"type-product","3":"status-publish","4":"has-post-thumbnail","6":"product_cat-sculptures-en","7":"product_cat-works-of-art","8":"desktop-align-center","9":"tablet-align-left","10":"mobile-align-left","12":"first","13":"instock","14":"sold-individually","15":"shipping-taxable","16":"purchasable","17":"product-type-simple"},"uagb_featured_image_src":{"full":["https:\/\/create2donate.org\/wp-content\/uploads\/2022\/05\/FPS0506-e1655739411731.jpg",1280,1280,false],"thumbnail":["https:\/\/create2donate.org\/wp-content\/uploads\/2022\/05\/FPS0506-e1655739411731-150x150.jpg",150,150,true],"medium":["https:\/\/create2donate.org\/wp-content\/uploads\/2022\/05\/FPS0506-e1655739411731-300x300.jpg",300,300,true],"medium_large":["https:\/\/create2donate.org\/wp-content\/uploads\/2022\/05\/FPS0506-e1655739411731-768x768.jpg",768,768,true],"large":["https:\/\/create2donate.org\/wp-content\/uploads\/2022\/05\/FPS0506-e1655739411731-1024x1024.jpg",1024,1024,true],"1536x1536":["https:\/\/create2donate.org\/wp-content\/uploads\/2022\/05\/FPS0506-1536x1536.jpg",1536,1536,true],"2048x2048":["https:\/\/create2donate.org\/wp-content\/uploads\/2022\/05\/FPS0506-2048x2048.jpg",2048,2048,true],"woocommerce_thumbnail":["https:\/\/create2donate.org\/wp-content\/uploads\/2022\/05\/FPS0506-e1655739411731-300x400.jpg",300,400,true],"woocommerce_single":["https:\/\/create2donate.org\/wp-content\/uploads\/2022\/05\/FPS0506-e1655739411731-600x600.jpg",600,600,true],"woocommerce_gallery_thumbnail":["https:\/\/create2donate.org\/wp-content\/uploads\/2022\/05\/FPS0506-e1655739411731-100x100.jpg",100,100,true]},"uagb_author_info":{"display_name":"C2donateGhislaine","author_link":"https:\/\/create2donate.org\/en\/author\/"},"uagb_comment_info":0,"uagb_excerpt":"Bluish planisphere with needle-shaped cover Dimensions: Diameter: 20-23 cm \/ Height: 12 cm Technique: Turned wood Weight: 800g Possibility of purchasing all 3 planispheres in the series for 900\u20ac.","_links":{"self":[{"href":"https:\/\/create2donate.org\/en\/wp-json\/wp\/v2\/product\/2282","targetHints":{"allow":["GET"]}}],"collection":[{"href":"https:\/\/create2donate.org\/en\/wp-json\/wp\/v2\/product"}],"about":[{"href":"https:\/\/create2donate.org\/en\/wp-json\/wp\/v2\/types\/product"}],"wp:featuredmedia":[{"embeddable":true,"href":"https:\/\/create2donate.org\/en\/wp-json\/wp\/v2\/media\/1987"}],"wp:attachment":[{"href":"https:\/\/create2donate.org\/en\/wp-json\/wp\/v2\/media?parent=2282"}],"wp:term":[{"taxonomy":"product_brand","embeddable":true,"href":"https:\/\/create2donate.org\/en\/wp-json\/wp\/v2\/product_brand?post=2282"},{"taxonomy":"product_cat","embeddable":true,"href":"https:\/\/create2donate.org\/en\/wp-json\/wp\/v2\/product_cat?post=2282"},{"taxonomy":"product_tag","embeddable":true,"href":"https:\/\/create2donate.org\/en\/wp-json\/wp\/v2\/product_tag?post=2282"}],"curies":[{"name":"wp","href":"https:\/\/api.w.org\/{rel}","templated":true}]}}